
    {"id":513,"date":"2016-03-23T16:30:42","date_gmt":"2016-03-23T15:30:42","guid":{"rendered":"http:\/\/www.gasthaus-ogris.at\/?page_id=513"},"modified":"2025-03-27T09:44:42","modified_gmt":"2025-03-27T08:44:42","slug":"dreibettzimmer","status":"publish","type":"page","link":"https:\/\/www.gasthaus-ogris.at\/si\/dreibettzimmer\/","title":{"rendered":"Dreibettzimmer"},"content":{"rendered":"<p class=\"qtranxs-available-languages-message qtranxs-available-languages-message-si\">Na \u017ealost je ta vpis samo v jeziku  <a href=\"https:\/\/www.gasthaus-ogris.at\/de\/wp-json\/wp\/v2\/pages\/513\" class=\"qtranxs-available-language-link qtranxs-available-language-link-de\" title=\"Deutsch\">Deutsch<\/a>.<\/p>","protected":false},"excerpt":{"rendered":"<p>Na \u017ealost je ta vpis samo v jeziku Deutsch.<\/p>\n","protected":false},"author":3,"featured_media":0,"parent":0,"menu_order":0,"comment_status":"closed","ping_status":"closed","template":"","meta":{"ngg_post_thumbnail":0,"footnotes":""},"class_list":["post-513","page","type-page","status-publish","hentry"],"yoast_head":"<!-- This site is optimized with the Yoast SEO plugin v27.3 - https:\/\/yoast.com\/product\/yoast-seo-wordpress\/ -->\n<title>Triposteljna soba | Gosti\u0161\u010de - Gostilna Ogris &quot;Miklav\u017e&quot; | Bil\u010dovs - Koro\u0161ka<\/title>\n<meta name=\"description\" content=\"Unsere *** Dreibettzimmer in unserem Gasthof in der n\u00e4he vom W\u00f6rthersee sind sehr gem\u00fctlich und modern ausgestattet. Sie garantieren einen komfortablen und erholsamen Urlaub\" \/>\n<meta name=\"robots\" content=\"index, follow, max-snippet:-1, max-image-preview:large, max-video-preview:-1\" \/>\n<link rel=\"canonical\" href=\"https:\/\/www.gasthaus-ogris.at\/si\/dreibettzimmer-kaernten\/\" \/>\n<meta property=\"og:locale\" content=\"en_US\" \/>\n<meta property=\"og:type\" content=\"article\" \/>\n<meta property=\"og:title\" content=\"Triposteljna soba | Gosti\u0161\u010de - Gostilna Ogris &quot;Miklav\u017e&quot; | Bil\u010dovs - Koro\u0161ka\" \/>\n<meta property=\"og:description\" content=\"Unsere *** Dreibettzimmer in unserem Gasthof in der n\u00e4he vom W\u00f6rthersee sind sehr gem\u00fctlich und modern ausgestattet. Sie garantieren einen komfortablen und erholsamen Urlaub\" \/>\n<meta property=\"og:url\" content=\"https:\/\/www.gasthaus-ogris.at\/si\/dreibettzimmer-kaernten\/\" \/>\n<meta property=\"og:site_name\" content=\"Gasthaus - Gosti\u0161\u010de - Trattoria Ogris\" \/>\n<meta property=\"article:publisher\" content=\"https:\/\/www.facebook.com\/GasthausOgris\" \/>\n<meta property=\"article:modified_time\" content=\"2025-03-27T08:44:42+00:00\" \/>\n<meta property=\"og:image\" content=\"http:\/\/www.gasthaus-ogris.at\/nextgen-attach_to_post\/preview\/id--1029\" \/>\n<meta name=\"twitter:label1\" content=\"Est. reading time\" \/>\n\t<meta name=\"twitter:data1\" content=\"2 minutes\" \/>\n<script type=\"application\/ld+json\" class=\"yoast-schema-graph\">{\"@context\":\"https:\\\/\\\/schema.org\",\"@graph\":[{\"@type\":\"WebPage\",\"@id\":\"https:\\\/\\\/www.gasthaus-ogris.at\\\/si\\\/dreibettzimmer-kaernten\\\/\",\"url\":\"https:\\\/\\\/www.gasthaus-ogris.at\\\/si\\\/dreibettzimmer-kaernten\\\/\",\"name\":\"Triposteljna soba | Gosti\u0161\u010de - Gostilna Ogris \\\"Miklav\u017e\\\" | Bil\u010dovs - Koro\u0161ka\",\"isPartOf\":{\"@id\":\"https:\\\/\\\/www.gasthaus-ogris.at\\\/si\\\/#website\"},\"primaryImageOfPage\":{\"@id\":\"https:\\\/\\\/www.gasthaus-ogris.at\\\/si\\\/dreibettzimmer-kaernten\\\/#primaryimage\"},\"image\":{\"@id\":\"https:\\\/\\\/www.gasthaus-ogris.at\\\/dreibettzimmer-kaernten\\\/#primaryimage\"},\"thumbnailUrl\":\"http:\\\/\\\/www.gasthaus-ogris.at\\\/nextgen-attach_to_post\\\/preview\\\/id--1029\",\"datePublished\":\"2016-03-23T15:30:42+00:00\",\"dateModified\":\"2025-03-27T08:44:42+00:00\",\"description\":\"Unsere *** Dreibettzimmer in unserem Gasthof in der n\u00e4he vom W\u00f6rthersee sind sehr gem\u00fctlich und modern ausgestattet. Sie garantieren einen komfortablen und erholsamen Urlaub\",\"breadcrumb\":{\"@id\":\"https:\\\/\\\/www.gasthaus-ogris.at\\\/si\\\/dreibettzimmer-kaernten\\\/#breadcrumb\"},\"inLanguage\":\"si-SI\",\"potentialAction\":[{\"@type\":\"ReadAction\",\"target\":[[\"https:\\\/\\\/www.gasthaus-ogris.at\\\/si\\\/dreibettzimmer-kaernten\\\/\"]]}]},{\"@type\":\"ImageObject\",\"inLanguage\":\"si-SI\",\"@id\":\"https:\\\/\\\/www.gasthaus-ogris.at\\\/si\\\/dreibettzimmer-kaernten\\\/#primaryimage\",\"url\":\"http:\\\/\\\/www.gasthaus-ogris.at\\\/nextgen-attach_to_post\\\/preview\\\/id--1029\",\"contentUrl\":\"http:\\\/\\\/www.gasthaus-ogris.at\\\/nextgen-attach_to_post\\\/preview\\\/id--1029\"},{\"@type\":\"BreadcrumbList\",\"@id\":\"https:\\\/\\\/www.gasthaus-ogris.at\\\/si\\\/dreibettzimmer-kaernten\\\/#breadcrumb\",\"itemListElement\":[{\"@type\":\"ListItem\",\"position\":1,\"name\":\"Home\",\"item\":\"https:\\\/\\\/www.gasthaus-ogris.at\\\/si\\\/\"},{\"@type\":\"ListItem\",\"position\":2,\"name\":\"Dreibettzimmer\"}]},{\"@type\":\"WebSite\",\"@id\":\"https:\\\/\\\/www.gasthaus-ogris.at\\\/si\\\/#website\",\"url\":\"https:\\\/\\\/www.gasthaus-ogris.at\\\/si\\\/\",\"name\":\"Gasthaus - Gosti\u0161\u010de - Trattoria Ogris\",\"description\":\"Gosti\u0161\u010de - Gostilna Ogris &quot;Miklav\u017e&quot; v Bil\u010dovsu | Ro\u017e | Koro\u0161ka | Celovec\",\"publisher\":{\"@id\":\"https:\\\/\\\/www.gasthaus-ogris.at\\\/si\\\/#organization\"},\"potentialAction\":[{\"@type\":\"SearchAction\",\"target\":{\"@type\":\"EntryPoint\",\"urlTemplate\":\"https:\\\/\\\/www.gasthaus-ogris.at\\\/si\\\/?s={search_term_string}\"},\"query-input\":{\"@type\":\"PropertyValueSpecification\",\"valueRequired\":true,\"valueName\":\"search_term_string\"}}],\"inLanguage\":\"si-SI\"},{\"@type\":\"Organization\",\"@id\":\"https:\\\/\\\/www.gasthaus-ogris.at\\\/si\\\/#organization\",\"name\":\"Gasthaus - Gosti\u0161\u010de - Trattoria Ogris\",\"url\":\"https:\\\/\\\/www.gasthaus-ogris.at\\\/si\\\/\",\"logo\":{\"@type\":\"ImageObject\",\"inLanguage\":\"si-SI\",\"@id\":\"https:\\\/\\\/www.gasthaus-ogris.at\\\/si\\\/#\\\/schema\\\/logo\\\/image\\\/\",\"url\":\"https:\\\/\\\/www.gasthaus-ogris.at\\\/wp-content\\\/uploads\\\/2016\\\/03\\\/Header_Logo_Gasthaus_Ogris.png\",\"contentUrl\":\"https:\\\/\\\/www.gasthaus-ogris.at\\\/wp-content\\\/uploads\\\/2016\\\/03\\\/Header_Logo_Gasthaus_Ogris.png\",\"width\":327,\"height\":100,\"caption\":\"Gasthaus - Gosti\u0161\u010de - Trattoria Ogris\"},\"image\":{\"@id\":\"https:\\\/\\\/www.gasthaus-ogris.at\\\/si\\\/#\\\/schema\\\/logo\\\/image\\\/\"},\"sameAs\":[\"https:\\\/\\\/www.facebook.com\\\/GasthausOgris\",\"https:\\\/\\\/x.com\\\/GasthausOgris\"]}]}<\/script>\n<!-- \/ Yoast SEO plugin. -->","yoast_head_json":{"title":"Triposteljna soba | Gosti\u0161\u010de - Gostilna Ogris \"Miklav\u017e\" | Bil\u010dovs - Koro\u0161ka","description":"Unsere *** Dreibettzimmer in unserem Gasthof in der n\u00e4he vom W\u00f6rthersee sind sehr gem\u00fctlich und modern ausgestattet. Sie garantieren einen komfortablen und erholsamen Urlaub","robots":{"index":"index","follow":"follow","max-snippet":"max-snippet:-1","max-image-preview":"max-image-preview:large","max-video-preview":"max-video-preview:-1"},"canonical":"https:\/\/www.gasthaus-ogris.at\/si\/dreibettzimmer-kaernten\/","og_locale":"en_US","og_type":"article","og_title":"Triposteljna soba | Gosti\u0161\u010de - Gostilna Ogris \"Miklav\u017e\" | Bil\u010dovs - Koro\u0161ka","og_description":"Unsere *** Dreibettzimmer in unserem Gasthof in der n\u00e4he vom W\u00f6rthersee sind sehr gem\u00fctlich und modern ausgestattet. Sie garantieren einen komfortablen und erholsamen Urlaub","og_url":"https:\/\/www.gasthaus-ogris.at\/si\/dreibettzimmer-kaernten\/","og_site_name":"Gasthaus - Gosti\u0161\u010de - Trattoria Ogris","article_publisher":"https:\/\/www.facebook.com\/GasthausOgris","article_modified_time":"2025-03-27T08:44:42+00:00","og_image":[{"url":"http:\/\/www.gasthaus-ogris.at\/nextgen-attach_to_post\/preview\/id--1029","type":"","width":"","height":""}],"twitter_misc":{"Est. reading time":"2 minutes"},"schema":{"@context":"https:\/\/schema.org","@graph":[{"@type":"WebPage","@id":"https:\/\/www.gasthaus-ogris.at\/si\/dreibettzimmer-kaernten\/","url":"https:\/\/www.gasthaus-ogris.at\/si\/dreibettzimmer-kaernten\/","name":"Triposteljna soba | Gosti\u0161\u010de - Gostilna Ogris \"Miklav\u017e\" | Bil\u010dovs - Koro\u0161ka","isPartOf":{"@id":"https:\/\/www.gasthaus-ogris.at\/si\/#website"},"primaryImageOfPage":{"@id":"https:\/\/www.gasthaus-ogris.at\/si\/dreibettzimmer-kaernten\/#primaryimage"},"image":{"@id":"https:\/\/www.gasthaus-ogris.at\/dreibettzimmer-kaernten\/#primaryimage"},"thumbnailUrl":"http:\/\/www.gasthaus-ogris.at\/nextgen-attach_to_post\/preview\/id--1029","datePublished":"2016-03-23T15:30:42+00:00","dateModified":"2025-03-27T08:44:42+00:00","description":"Unsere *** Dreibettzimmer in unserem Gasthof in der n\u00e4he vom W\u00f6rthersee sind sehr gem\u00fctlich und modern ausgestattet. Sie garantieren einen komfortablen und erholsamen Urlaub","breadcrumb":{"@id":"https:\/\/www.gasthaus-ogris.at\/si\/dreibettzimmer-kaernten\/#breadcrumb"},"inLanguage":"si-SI","potentialAction":[{"@type":"ReadAction","target":[["https:\/\/www.gasthaus-ogris.at\/si\/dreibettzimmer-kaernten\/"]]}]},{"@type":"ImageObject","inLanguage":"si-SI","@id":"https:\/\/www.gasthaus-ogris.at\/si\/dreibettzimmer-kaernten\/#primaryimage","url":"http:\/\/www.gasthaus-ogris.at\/nextgen-attach_to_post\/preview\/id--1029","contentUrl":"http:\/\/www.gasthaus-ogris.at\/nextgen-attach_to_post\/preview\/id--1029"},{"@type":"BreadcrumbList","@id":"https:\/\/www.gasthaus-ogris.at\/si\/dreibettzimmer-kaernten\/#breadcrumb","itemListElement":[{"@type":"ListItem","position":1,"name":"Home","item":"https:\/\/www.gasthaus-ogris.at\/si\/"},{"@type":"ListItem","position":2,"name":"Dreibettzimmer"}]},{"@type":"WebSite","@id":"https:\/\/www.gasthaus-ogris.at\/si\/#website","url":"https:\/\/www.gasthaus-ogris.at\/si\/","name":"Gasthaus - Gosti\u0161\u010de - Trattoria Ogris","description":"Gosti\u0161\u010de - Gostilna Ogris &quot;Miklav\u017e&quot; v Bil\u010dovsu | Ro\u017e | Koro\u0161ka | Celovec","publisher":{"@id":"https:\/\/www.gasthaus-ogris.at\/si\/#organization"},"potentialAction":[{"@type":"SearchAction","target":{"@type":"EntryPoint","urlTemplate":"https:\/\/www.gasthaus-ogris.at\/si\/?s={search_term_string}"},"query-input":{"@type":"PropertyValueSpecification","valueRequired":true,"valueName":"search_term_string"}}],"inLanguage":"si-SI"},{"@type":"Organization","@id":"https:\/\/www.gasthaus-ogris.at\/si\/#organization","name":"Gasthaus - Gosti\u0161\u010de - Trattoria Ogris","url":"https:\/\/www.gasthaus-ogris.at\/si\/","logo":{"@type":"ImageObject","inLanguage":"si-SI","@id":"https:\/\/www.gasthaus-ogris.at\/si\/#\/schema\/logo\/image\/","url":"https:\/\/www.gasthaus-ogris.at\/wp-content\/uploads\/2016\/03\/Header_Logo_Gasthaus_Ogris.png","contentUrl":"https:\/\/www.gasthaus-ogris.at\/wp-content\/uploads\/2016\/03\/Header_Logo_Gasthaus_Ogris.png","width":327,"height":100,"caption":"Gasthaus - Gosti\u0161\u010de - Trattoria Ogris"},"image":{"@id":"https:\/\/www.gasthaus-ogris.at\/si\/#\/schema\/logo\/image\/"},"sameAs":["https:\/\/www.facebook.com\/GasthausOgris","https:\/\/x.com\/GasthausOgris"]}]}},"_links":{"self":[{"href":"https:\/\/www.gasthaus-ogris.at\/si\/wp-json\/wp\/v2\/pages\/513","targetHints":{"allow":["GET"]}}],"collection":[{"href":"https:\/\/www.gasthaus-ogris.at\/si\/wp-json\/wp\/v2\/pages"}],"about":[{"href":"https:\/\/www.gasthaus-ogris.at\/si\/wp-json\/wp\/v2\/types\/page"}],"author":[{"embeddable":true,"href":"https:\/\/www.gasthaus-ogris.at\/si\/wp-json\/wp\/v2\/users\/3"}],"replies":[{"embeddable":true,"href":"https:\/\/www.gasthaus-ogris.at\/si\/wp-json\/wp\/v2\/comments?post=513"}],"version-history":[{"count":0,"href":"https:\/\/www.gasthaus-ogris.at\/si\/wp-json\/wp\/v2\/pages\/513\/revisions"}],"wp:attachment":[{"href":"https:\/\/www.gasthaus-ogris.at\/si\/wp-json\/wp\/v2\/media?parent=513"}],"curies":[{"name":"wp","href":"https:\/\/api.w.org\/{rel}","templated":true}]}}