{"id":3046,"date":"2025-04-04T10:05:14","date_gmt":"2025-04-04T08:05:14","guid":{"rendered":"https:\/\/www.gasthaus-ogris.at\/?page_id=3046"},"modified":"2026-04-16T08:56:12","modified_gmt":"2026-04-16T06:56:12","slug":"360-panorama-tour","status":"publish","type":"page","link":"https:\/\/www.gasthaus-ogris.at\/si\/360-panorama-tour\/","title":{"rendered":"360\u00b0 Tour"},"content":{"rendered":"<p><\/p>\n<p style=\"text-align: center;\"><!-- ipanorama begin --><div class=\"ipanorama ipnrm-2\" data-json-src=\"https:\/\/www.gasthaus-ogris.at\/si\/wp-json\/ipanorama\/v1\/item\/2\" data-item-id=\"2\" style=\"display:none;height:800px;\"><div class=\"ipnrm-store\" style=\"display:none;\">\n<div class=\"ipnrm-scene\" data-scene-id=\"1CF236C490\">\n<div class=\"ipnrm-markers-data\">\n<\/div>\n<div class=\"ipnrm-tooltips-data\">\n<div class=\"ipnrm-data\" data-marker-id=\"C9FE1FA932\">\n<p><strong><code><span style=\"color: #630000\">Gaststube - Taverna<\/span><\/code><\/strong><\/p>\n<\/div>\n<div class=\"ipnrm-data\" data-marker-id=\"CBE765A281\">\n<p><strong><code><span style=\"color: #630000\">Carnica - St\u00fcberl<\/span><\/code><\/strong><\/p>\n<\/div>\n<div class=\"ipnrm-data\" data-marker-id=\"D12311A9C6\">\n<p><strong><code><span style=\"color: #630000\">Zimmer<\/span><\/code><\/strong><\/p>\n<\/div>\n<div class=\"ipnrm-data\" data-marker-id=\"53CC97B7F2\">\n<p><strong><code><span style=\"color: #630000\">Gastgarten<\/span><\/code><\/strong><\/p>\n<\/div>\n<\/div>\n<div class=\"ipnrm-popovers-data\">\n<\/div>\n<\/div>\n<div class=\"ipnrm-scene\" data-scene-id=\"1CB77DBDA8\">\n<div class=\"ipnrm-markers-data\">\n<\/div>\n<div class=\"ipnrm-tooltips-data\">\n<div class=\"ipnrm-data\" data-marker-id=\"8B4E3E5430\">\n<p><strong><code><span style=\"color: #630000\">Eingangsbereich<\/span><\/code><\/strong><\/p>\n<\/div>\n<\/div>\n<div class=\"ipnrm-popovers-data\">\n<\/div>\n<\/div>\n<div class=\"ipnrm-scene\" data-scene-id=\"81F393732F\">\n<div class=\"ipnrm-markers-data\">\n<\/div>\n<div class=\"ipnrm-tooltips-data\">\n<div class=\"ipnrm-data\" data-marker-id=\"0F25DC8DD6\">\n<p><strong><code><span style=\"color: #630000\">Eingangsbereich<\/span><\/code><\/strong><\/p>\n<\/div>\n<div class=\"ipnrm-data\" data-marker-id=\"ED1BFD673B\">\n<p><strong><code><span style=\"color: #630000\">Gaststube - TV Raum<\/span><\/code><\/strong><\/p>\n<\/div>\n<div class=\"ipnrm-data\" data-marker-id=\"B03F384E2E\">\n<p><strong><code><span style=\"color: #630000\">K\u00fcche<\/span><\/code><\/strong><\/p>\n<\/div>\n<\/div>\n<div class=\"ipnrm-popovers-data\">\n<\/div>\n<\/div>\n<div class=\"ipnrm-scene\" data-scene-id=\"174553F132\">\n<div class=\"ipnrm-markers-data\">\n<\/div>\n<div class=\"ipnrm-tooltips-data\">\n<div class=\"ipnrm-data\" data-marker-id=\"D64EC622F1\">\n<p><strong><code><span style=\"color: #630000\">Gang<\/span><\/code><\/strong><\/p>\n<\/div>\n<div class=\"ipnrm-data\" data-marker-id=\"848F67401F\">\n<p><strong><code><span style=\"color: #630000\">Giftkeller<\/span><\/code><\/strong><\/p>\n<\/div>\n<div class=\"ipnrm-data\" data-marker-id=\"70CFCD361C\">\n<p><strong><code><span style=\"color: #630000\">Gaststube - Taverna<\/span><\/code><\/strong><\/p>\n<\/div>\n<\/div>\n<div class=\"ipnrm-popovers-data\">\n<\/div>\n<\/div>\n<div class=\"ipnrm-scene\" data-scene-id=\"9A088E4BB2\">\n<div class=\"ipnrm-markers-data\">\n<\/div>\n<div class=\"ipnrm-tooltips-data\">\n<div class=\"ipnrm-data\" data-marker-id=\"56EAB4C5C6\">\n<p><strong><code><span style=\"color: #630000\">Gaststube - TV Raum<\/span><\/code><\/strong><\/p>\n<\/div>\n<div class=\"ipnrm-data\" data-marker-id=\"9F1C9EBDDD\">\n<p><strong><code><span style=\"color: #630000\">K\u00fcche<\/span><\/code><\/strong><\/p>\n<\/div>\n<\/div>\n<div class=\"ipnrm-popovers-data\">\n<\/div>\n<\/div>\n<div class=\"ipnrm-scene\" data-scene-id=\"6BC45EF6F3\">\n<div class=\"ipnrm-markers-data\">\n<\/div>\n<div class=\"ipnrm-tooltips-data\">\n<div class=\"ipnrm-data\" data-marker-id=\"10AA4A130D\">\n<p><strong><code><span style=\"color: #630000\">Gang<\/span><\/code><\/strong><\/p>\n<\/div>\n<div class=\"ipnrm-data\" data-marker-id=\"6BF8975012\">\n<p><strong><code><span style=\"color: #630000\">Spielplatz<\/span><\/code><\/strong><\/p>\n<\/div>\n<\/div>\n<div class=\"ipnrm-popovers-data\">\n<\/div>\n<\/div>\n<div class=\"ipnrm-scene\" data-scene-id=\"86E454F9FA\">\n<div class=\"ipnrm-markers-data\">\n<\/div>\n<div class=\"ipnrm-tooltips-data\">\n<div class=\"ipnrm-data\" data-marker-id=\"528FB1D722\">\n<p><strong><code><span style=\"color: #630000\">Gaststube - TV Raum<\/span><\/code><\/strong><\/p>\n<\/div>\n<div class=\"ipnrm-data\" data-marker-id=\"C42BB7DB15\">\n<p><strong><code><span style=\"color: #630000\">Speisesaal<\/span><\/code><\/strong><\/p>\n<\/div>\n<\/div>\n<div class=\"ipnrm-popovers-data\">\n<\/div>\n<\/div>\n<div class=\"ipnrm-scene\" data-scene-id=\"08FFA57727\">\n<div class=\"ipnrm-markers-data\">\n<\/div>\n<div class=\"ipnrm-tooltips-data\">\n<div class=\"ipnrm-data\" data-marker-id=\"4ED94F55AB\">\n<p><strong><code><span style=\"color: #630000\">Ferienwohnung<\/span><\/code><\/strong><\/p>\n<\/div>\n<div class=\"ipnrm-data\" data-marker-id=\"315179CC8D\">\n<p><strong><code><span style=\"color: #630000\">Doppelzimmer<\/span><\/code><\/strong><\/p>\n<\/div>\n<div class=\"ipnrm-data\" data-marker-id=\"47B41197BA\">\n<p><strong><code><span style=\"color: #630000\">Doppelzimmer<\/span><\/code><\/strong><\/p>\n<\/div>\n<div class=\"ipnrm-data\" data-marker-id=\"52BB6A36C0\">\n<p><strong><code><span style=\"color: #630000\">Dreibettzimmer<\/span><\/code><\/strong><\/p>\n<\/div>\n<\/div>\n<div class=\"ipnrm-popovers-data\">\n<\/div>\n<\/div>\n<div class=\"ipnrm-scene\" data-scene-id=\"1E6F9C688D\">\n<div class=\"ipnrm-markers-data\">\n<\/div>\n<div class=\"ipnrm-tooltips-data\">\n<div class=\"ipnrm-data\" data-marker-id=\"7A63C10056\">\n<p><strong><code><span style=\"color: #630000\">Gang<\/span><\/code><\/strong><\/p>\n<\/div>\n<\/div>\n<div class=\"ipnrm-popovers-data\">\n<\/div>\n<\/div>\n<div class=\"ipnrm-scene\" data-scene-id=\"474CFA8463\">\n<div class=\"ipnrm-markers-data\">\n<\/div>\n<div class=\"ipnrm-tooltips-data\">\n<div class=\"ipnrm-data\" data-marker-id=\"1D66B0BBF0\">\n<p><strong><code><span style=\"color: #630000\">Gang<\/span><\/code><\/strong><\/p>\n<\/div>\n<\/div>\n<div class=\"ipnrm-popovers-data\">\n<\/div>\n<\/div>\n<div class=\"ipnrm-scene\" data-scene-id=\"B5DF6F2FFB\">\n<div class=\"ipnrm-markers-data\">\n<\/div>\n<div class=\"ipnrm-tooltips-data\">\n<div class=\"ipnrm-data\" data-marker-id=\"419B9BB44E\">\n<p><strong><code><span style=\"color: #630000\">Eingangsbereich<\/span><\/code><\/strong><\/p>\n<\/div>\n<div class=\"ipnrm-data\" data-marker-id=\"9731B8F6CF\">\n<p><strong><code><span style=\"color: #630000\">Spielplatz<\/span><\/code><\/strong><\/p>\n<\/div>\n<div class=\"ipnrm-data\" data-marker-id=\"4D7A075722\">\n<p><strong><code><span style=\"color: #630000\">Speisesaal<\/span><\/code><\/strong><\/p>\n<\/div>\n<\/div>\n<div class=\"ipnrm-popovers-data\">\n<\/div>\n<\/div>\n<div class=\"ipnrm-scene\" data-scene-id=\"7F945AC206\">\n<div class=\"ipnrm-markers-data\">\n<\/div>\n<div class=\"ipnrm-tooltips-data\">\n<div class=\"ipnrm-data\" data-marker-id=\"02243B15C2\">\n<p><strong><code><span style=\"color: #630000\">Speisesaal<\/span><\/code><\/strong><\/p>\n<\/div>\n<div class=\"ipnrm-data\" data-marker-id=\"ABF936E037\">\n<p><strong><code><span style=\"color: #630000\">Gastgarten<\/span><\/code><\/strong><\/p>\n<\/div>\n<\/div>\n<div class=\"ipnrm-popovers-data\">\n<\/div>\n<\/div>\n<\/div><\/div><!-- ipanorama end --><\/p>\n<p><\/p>","protected":false},"excerpt":{"rendered":"","protected":false},"author":3,"featured_media":0,"parent":0,"menu_order":0,"comment_status":"closed","ping_status":"closed","template":"full-width.php","meta":{"ngg_post_thumbnail":0,"footnotes":""},"class_list":["post-3046","page","type-page","status-publish","hentry"],"yoast_head":"<!-- This site is optimized with the Yoast SEO plugin v27.4 - https:\/\/yoast.com\/product\/yoast-seo-wordpress\/ -->\n<title>360\u00b0 ogled \u2013 do\u017eivite gosti\u0161\u010de Ogris virtualno | Ro\u017e blizu Vrbskega jezera<\/title>\n<meta name=\"description\" content=\"360\u00b0 ogled gosti\u0161\u010da Ogris: odkrijte prostore, vrt in sobe virtualno v Ro\u017eu blizu Vrbskega jezera.\" \/>\n<meta name=\"robots\" content=\"index, follow, max-snippet:-1, max-image-preview:large, max-video-preview:-1\" \/>\n<link rel=\"canonical\" href=\"https:\/\/www.gasthaus-ogris.at\/si\/360-panorama-tour\/\" \/>\n<meta property=\"og:locale\" content=\"en_US\" \/>\n<meta property=\"og:type\" content=\"article\" \/>\n<meta property=\"og:title\" content=\"360\u00b0 ogled \u2013 do\u017eivite gosti\u0161\u010de Ogris virtualno | Ro\u017e blizu Vrbskega jezera\" \/>\n<meta property=\"og:description\" content=\"360\u00b0 ogled gosti\u0161\u010da Ogris: odkrijte prostore, vrt in sobe virtualno v Ro\u017eu blizu Vrbskega jezera.\" \/>\n<meta property=\"og:url\" content=\"https:\/\/www.gasthaus-ogris.at\/si\/360-panorama-tour\/\" \/>\n<meta property=\"og:site_name\" content=\"Gasthaus Ogris \u2013 K\u00e4rntner K\u00fcche &amp; Zimmer in Ludmannsdorf | Rosental K\u00e4rnten\" \/>\n<meta property=\"article:publisher\" content=\"https:\/\/www.facebook.com\/GasthausOgris\" \/>\n<meta property=\"article:modified_time\" content=\"2026-04-16T06:56:12+00:00\" \/>\n<meta name=\"twitter:label1\" content=\"Est. reading time\" \/>\n\t<meta name=\"twitter:data1\" content=\"1 minute\" \/>\n<script type=\"application\/ld+json\" class=\"yoast-schema-graph\">{\"@context\":\"https:\\\/\\\/schema.org\",\"@graph\":[{\"@type\":\"WebPage\",\"@id\":\"https:\\\/\\\/www.gasthaus-ogris.at\\\/si\\\/360-panorama-tour\\\/\",\"url\":\"https:\\\/\\\/www.gasthaus-ogris.at\\\/si\\\/360-panorama-tour\\\/\",\"name\":\"360\u00b0 ogled \u2013 do\u017eivite gosti\u0161\u010de Ogris virtualno | Ro\u017e blizu Vrbskega jezera\",\"isPartOf\":{\"@id\":\"https:\\\/\\\/www.gasthaus-ogris.at\\\/si\\\/#website\"},\"datePublished\":\"2025-04-04T08:05:14+00:00\",\"dateModified\":\"2026-04-16T06:56:12+00:00\",\"description\":\"360\u00b0 ogled gosti\u0161\u010da Ogris: odkrijte prostore, vrt in sobe virtualno v Ro\u017eu blizu Vrbskega jezera.\",\"breadcrumb\":{\"@id\":\"https:\\\/\\\/www.gasthaus-ogris.at\\\/si\\\/360-panorama-tour\\\/#breadcrumb\"},\"inLanguage\":\"si-SI\",\"potentialAction\":[{\"@type\":\"ReadAction\",\"target\":[[\"https:\\\/\\\/www.gasthaus-ogris.at\\\/si\\\/360-panorama-tour\\\/\"]]}]},{\"@type\":\"BreadcrumbList\",\"@id\":\"https:\\\/\\\/www.gasthaus-ogris.at\\\/si\\\/360-panorama-tour\\\/#breadcrumb\",\"itemListElement\":[{\"@type\":\"ListItem\",\"position\":1,\"name\":\"Home\",\"item\":\"https:\\\/\\\/www.gasthaus-ogris.at\\\/si\\\/\"},{\"@type\":\"ListItem\",\"position\":2,\"name\":\"360\u00b0 Rundgang\"}]},{\"@type\":\"WebSite\",\"@id\":\"https:\\\/\\\/www.gasthaus-ogris.at\\\/si\\\/#website\",\"url\":\"https:\\\/\\\/www.gasthaus-ogris.at\\\/si\\\/\",\"name\":\"Gasthaus Ogris \u2013 K\u00e4rntner K\u00fcche &amp; Zimmer in Ludmannsdorf | Rosental K\u00e4rnten\",\"description\":\"[:de]Gasthaus Ogris \u2013 K\u00e4rntner K\u00fcche &amp; Zimmer in Ludmannsdorf | Rosental K\u00e4rnten W\u00f6rthersee  [:si]Gosti\u0161\u010de Ogris \u201eMiklav\u017e\u201c \u2013 Bil\u010dovs | Ro\u017e \u2013 Koro\u0161ka  [:it]Trattoria Ogris \u2013 Ludmannsdorf | Carinzia  [:sl]Gostisce Ogris &quot;Miklavz&quot; \u2013 Bilcovs | Roz \u2013 Koroska[:]\",\"publisher\":{\"@id\":\"https:\\\/\\\/www.gasthaus-ogris.at\\\/si\\\/#organization\"},\"potentialAction\":[{\"@type\":\"SearchAction\",\"target\":{\"@type\":\"EntryPoint\",\"urlTemplate\":\"https:\\\/\\\/www.gasthaus-ogris.at\\\/si\\\/?s={search_term_string}\"},\"query-input\":{\"@type\":\"PropertyValueSpecification\",\"valueRequired\":true,\"valueName\":\"search_term_string\"}}],\"inLanguage\":\"si-SI\"},{\"@type\":\"Organization\",\"@id\":\"https:\\\/\\\/www.gasthaus-ogris.at\\\/si\\\/#organization\",\"name\":\"Gasthaus - Gosti\u0161\u010de - Trattoria Ogris\",\"url\":\"https:\\\/\\\/www.gasthaus-ogris.at\\\/si\\\/\",\"logo\":{\"@type\":\"ImageObject\",\"inLanguage\":\"si-SI\",\"@id\":\"https:\\\/\\\/www.gasthaus-ogris.at\\\/si\\\/#\\\/schema\\\/logo\\\/image\\\/\",\"url\":\"https:\\\/\\\/www.gasthaus-ogris.at\\\/wp-content\\\/uploads\\\/2016\\\/03\\\/Header_Logo_Gasthaus_Ogris.png\",\"contentUrl\":\"https:\\\/\\\/www.gasthaus-ogris.at\\\/wp-content\\\/uploads\\\/2016\\\/03\\\/Header_Logo_Gasthaus_Ogris.png\",\"width\":327,\"height\":100,\"caption\":\"Gasthaus - Gosti\u0161\u010de - Trattoria Ogris\"},\"image\":{\"@id\":\"https:\\\/\\\/www.gasthaus-ogris.at\\\/si\\\/#\\\/schema\\\/logo\\\/image\\\/\"},\"sameAs\":[\"https:\\\/\\\/www.facebook.com\\\/GasthausOgris\",\"https:\\\/\\\/x.com\\\/GasthausOgris\"]}]}<\/script>\n<!-- \/ Yoast SEO plugin. -->","yoast_head_json":{"title":"360\u00b0 ogled \u2013 do\u017eivite gosti\u0161\u010de Ogris virtualno | Ro\u017e blizu Vrbskega jezera","description":"360\u00b0 ogled gosti\u0161\u010da Ogris: odkrijte prostore, vrt in sobe virtualno v Ro\u017eu blizu Vrbskega jezera.","robots":{"index":"index","follow":"follow","max-snippet":"max-snippet:-1","max-image-preview":"max-image-preview:large","max-video-preview":"max-video-preview:-1"},"canonical":"https:\/\/www.gasthaus-ogris.at\/si\/360-panorama-tour\/","og_locale":"en_US","og_type":"article","og_title":"360\u00b0 ogled \u2013 do\u017eivite gosti\u0161\u010de Ogris virtualno | Ro\u017e blizu Vrbskega jezera","og_description":"360\u00b0 ogled gosti\u0161\u010da Ogris: odkrijte prostore, vrt in sobe virtualno v Ro\u017eu blizu Vrbskega jezera.","og_url":"https:\/\/www.gasthaus-ogris.at\/si\/360-panorama-tour\/","og_site_name":"Gasthaus Ogris \u2013 K\u00e4rntner K\u00fcche &amp; Zimmer in Ludmannsdorf | Rosental K\u00e4rnten","article_publisher":"https:\/\/www.facebook.com\/GasthausOgris","article_modified_time":"2026-04-16T06:56:12+00:00","twitter_misc":{"Est. reading time":"1 minute"},"schema":{"@context":"https:\/\/schema.org","@graph":[{"@type":"WebPage","@id":"https:\/\/www.gasthaus-ogris.at\/si\/360-panorama-tour\/","url":"https:\/\/www.gasthaus-ogris.at\/si\/360-panorama-tour\/","name":"360\u00b0 ogled \u2013 do\u017eivite gosti\u0161\u010de Ogris virtualno | Ro\u017e blizu Vrbskega jezera","isPartOf":{"@id":"https:\/\/www.gasthaus-ogris.at\/si\/#website"},"datePublished":"2025-04-04T08:05:14+00:00","dateModified":"2026-04-16T06:56:12+00:00","description":"360\u00b0 ogled gosti\u0161\u010da Ogris: odkrijte prostore, vrt in sobe virtualno v Ro\u017eu blizu Vrbskega jezera.","breadcrumb":{"@id":"https:\/\/www.gasthaus-ogris.at\/si\/360-panorama-tour\/#breadcrumb"},"inLanguage":"si-SI","potentialAction":[{"@type":"ReadAction","target":[["https:\/\/www.gasthaus-ogris.at\/si\/360-panorama-tour\/"]]}]},{"@type":"BreadcrumbList","@id":"https:\/\/www.gasthaus-ogris.at\/si\/360-panorama-tour\/#breadcrumb","itemListElement":[{"@type":"ListItem","position":1,"name":"Home","item":"https:\/\/www.gasthaus-ogris.at\/si\/"},{"@type":"ListItem","position":2,"name":"360\u00b0 Rundgang"}]},{"@type":"WebSite","@id":"https:\/\/www.gasthaus-ogris.at\/si\/#website","url":"https:\/\/www.gasthaus-ogris.at\/si\/","name":"Gasthaus Ogris \u2013 K\u00e4rntner K\u00fcche &amp; Zimmer in Ludmannsdorf | Rosental K\u00e4rnten","description":"[:de]Gasthaus Ogris \u2013 K\u00e4rntner K\u00fcche &amp; Zimmer in Ludmannsdorf | Rosental K\u00e4rnten W\u00f6rthersee  [:si]Gosti\u0161\u010de Ogris \u201eMiklav\u017e\u201c \u2013 Bil\u010dovs | Ro\u017e \u2013 Koro\u0161ka  [:it]Trattoria Ogris \u2013 Ludmannsdorf | Carinzia  [:sl]Gostisce Ogris &quot;Miklavz&quot; \u2013 Bilcovs | Roz \u2013 Koroska[:]","publisher":{"@id":"https:\/\/www.gasthaus-ogris.at\/si\/#organization"},"potentialAction":[{"@type":"SearchAction","target":{"@type":"EntryPoint","urlTemplate":"https:\/\/www.gasthaus-ogris.at\/si\/?s={search_term_string}"},"query-input":{"@type":"PropertyValueSpecification","valueRequired":true,"valueName":"search_term_string"}}],"inLanguage":"si-SI"},{"@type":"Organization","@id":"https:\/\/www.gasthaus-ogris.at\/si\/#organization","name":"Gasthaus - Gosti\u0161\u010de - Trattoria Ogris","url":"https:\/\/www.gasthaus-ogris.at\/si\/","logo":{"@type":"ImageObject","inLanguage":"si-SI","@id":"https:\/\/www.gasthaus-ogris.at\/si\/#\/schema\/logo\/image\/","url":"https:\/\/www.gasthaus-ogris.at\/wp-content\/uploads\/2016\/03\/Header_Logo_Gasthaus_Ogris.png","contentUrl":"https:\/\/www.gasthaus-ogris.at\/wp-content\/uploads\/2016\/03\/Header_Logo_Gasthaus_Ogris.png","width":327,"height":100,"caption":"Gasthaus - Gosti\u0161\u010de - Trattoria Ogris"},"image":{"@id":"https:\/\/www.gasthaus-ogris.at\/si\/#\/schema\/logo\/image\/"},"sameAs":["https:\/\/www.facebook.com\/GasthausOgris","https:\/\/x.com\/GasthausOgris"]}]}},"_links":{"self":[{"href":"https:\/\/www.gasthaus-ogris.at\/si\/wp-json\/wp\/v2\/pages\/3046","targetHints":{"allow":["GET"]}}],"collection":[{"href":"https:\/\/www.gasthaus-ogris.at\/si\/wp-json\/wp\/v2\/pages"}],"about":[{"href":"https:\/\/www.gasthaus-ogris.at\/si\/wp-json\/wp\/v2\/types\/page"}],"author":[{"embeddable":true,"href":"https:\/\/www.gasthaus-ogris.at\/si\/wp-json\/wp\/v2\/users\/3"}],"replies":[{"embeddable":true,"href":"https:\/\/www.gasthaus-ogris.at\/si\/wp-json\/wp\/v2\/comments?post=3046"}],"version-history":[{"count":0,"href":"https:\/\/www.gasthaus-ogris.at\/si\/wp-json\/wp\/v2\/pages\/3046\/revisions"}],"wp:attachment":[{"href":"https:\/\/www.gasthaus-ogris.at\/si\/wp-json\/wp\/v2\/media?parent=3046"}],"curies":[{"name":"wp","href":"https:\/\/api.w.org\/{rel}","templated":true}]}}