{"id":2784,"date":"2024-10-17T09:33:07","date_gmt":"2024-10-17T07:33:07","guid":{"rendered":"https:\/\/www.gasthaus-ogris.at\/?page_id=2784"},"modified":"2026-04-16T08:23:46","modified_gmt":"2026-04-16T06:23:46","slug":"eventservice","status":"publish","type":"page","link":"https:\/\/www.gasthaus-ogris.at\/si\/eventservice\/","title":{"rendered":"Getr\u00e4nke &#038; Event-Equipment"},"content":{"rendered":"<p class=\"qtranxs-available-languages-message qtranxs-available-languages-message-si\">Na \u017ealost je ta vpis samo v jeziku  <a href=\"https:\/\/www.gasthaus-ogris.at\/de\/wp-json\/wp\/v2\/pages\/2784\" class=\"qtranxs-available-language-link qtranxs-available-language-link-de\" title=\"Deutsch\">Deutsch<\/a>.<\/p>","protected":false},"excerpt":{"rendered":"<p>Na \u017ealost je ta vpis samo v jeziku Deutsch.<\/p>\n","protected":false},"author":3,"featured_media":0,"parent":0,"menu_order":0,"comment_status":"closed","ping_status":"closed","template":"","meta":{"ngg_post_thumbnail":0,"footnotes":""},"class_list":["post-2784","page","type-page","status-publish","hentry"],"yoast_head":"<!-- This site is optimized with the Yoast SEO plugin v27.4 - https:\/\/yoast.com\/product\/yoast-seo-wordpress\/ -->\n<title>Pija\u010da in oprema za praznovanja \u2013 prevzem v gosti\u0161\u010du Ogris | Ro\u017e Koro\u0161ka blizu Vrbskega jezera<\/title>\n<meta name=\"description\" content=\"Pija\u010da in oprema za praznovanja: sod\u010dki piva, vino, soda, kozarci in ve\u010d za prevzem v gosti\u0161\u010du Ogris v Ro\u017eu blizu Vrbskega jezera.\" \/>\n<meta name=\"robots\" content=\"index, follow, max-snippet:-1, max-image-preview:large, max-video-preview:-1\" \/>\n<link rel=\"canonical\" href=\"https:\/\/www.gasthaus-ogris.at\/si\/eventservice\/\" \/>\n<meta property=\"og:locale\" content=\"en_US\" \/>\n<meta property=\"og:type\" content=\"article\" \/>\n<meta property=\"og:title\" content=\"Pija\u010da in oprema za praznovanja \u2013 prevzem v gosti\u0161\u010du Ogris | Ro\u017e Koro\u0161ka blizu Vrbskega jezera\" \/>\n<meta property=\"og:description\" content=\"Pija\u010da in oprema za praznovanja: sod\u010dki piva, vino, soda, kozarci in ve\u010d za prevzem v gosti\u0161\u010du Ogris v Ro\u017eu blizu Vrbskega jezera.\" \/>\n<meta property=\"og:url\" content=\"https:\/\/www.gasthaus-ogris.at\/si\/eventservice\/\" \/>\n<meta property=\"og:site_name\" content=\"Gasthaus Ogris \u2013 K\u00e4rntner K\u00fcche &amp; Zimmer in Ludmannsdorf | Rosental K\u00e4rnten\" \/>\n<meta property=\"article:publisher\" content=\"https:\/\/www.facebook.com\/GasthausOgris\" \/>\n<meta property=\"article:modified_time\" content=\"2026-04-16T06:23:46+00:00\" \/>\n<meta property=\"og:image\" content=\"https:\/\/www.gasthaus-ogris.at\/wp-content\/uploads\/2024\/10\/Getraenke-und-Event-Equipment-in-Ludmannsdorf-Gasthaus-Ogris.webp\" \/>\n\t<meta property=\"og:image:width\" content=\"1080\" \/>\n\t<meta property=\"og:image:height\" content=\"1080\" \/>\n\t<meta property=\"og:image:type\" content=\"image\/webp\" \/>\n<meta name=\"twitter:label1\" content=\"Est. reading time\" \/>\n\t<meta name=\"twitter:data1\" content=\"2 minutes\" \/>\n<script type=\"application\/ld+json\" class=\"yoast-schema-graph\">{\"@context\":\"https:\\\/\\\/schema.org\",\"@graph\":[{\"@type\":\"WebPage\",\"@id\":\"https:\\\/\\\/www.gasthaus-ogris.at\\\/si\\\/eventservice\\\/\",\"url\":\"https:\\\/\\\/www.gasthaus-ogris.at\\\/si\\\/eventservice\\\/\",\"name\":\"Pija\u010da in oprema za praznovanja \u2013 prevzem v gosti\u0161\u010du Ogris | Ro\u017e Koro\u0161ka blizu Vrbskega jezera\",\"isPartOf\":{\"@id\":\"https:\\\/\\\/www.gasthaus-ogris.at\\\/si\\\/#website\"},\"primaryImageOfPage\":{\"@id\":\"https:\\\/\\\/www.gasthaus-ogris.at\\\/si\\\/eventservice\\\/#primaryimage\"},\"image\":{\"@id\":\"https:\\\/\\\/www.gasthaus-ogris.at\\\/eventservice\\\/#primaryimage\"},\"thumbnailUrl\":\"https:\\\/\\\/www.gasthaus-ogris.at\\\/wp-content\\\/uploads\\\/2024\\\/10\\\/Getraenke-und-Event-Equipment-in-Ludmannsdorf-Gasthaus-Ogris-300x300.webp\",\"datePublished\":\"2024-10-17T07:33:07+00:00\",\"dateModified\":\"2026-04-16T06:23:46+00:00\",\"description\":\"Pija\u010da in oprema za praznovanja: sod\u010dki piva, vino, soda, kozarci in ve\u010d za prevzem v gosti\u0161\u010du Ogris v Ro\u017eu blizu Vrbskega jezera.\",\"breadcrumb\":{\"@id\":\"https:\\\/\\\/www.gasthaus-ogris.at\\\/si\\\/eventservice\\\/#breadcrumb\"},\"inLanguage\":\"si-SI\",\"potentialAction\":[{\"@type\":\"ReadAction\",\"target\":[[\"https:\\\/\\\/www.gasthaus-ogris.at\\\/si\\\/eventservice\\\/\"]]}]},{\"@type\":\"ImageObject\",\"inLanguage\":\"si-SI\",\"@id\":\"https:\\\/\\\/www.gasthaus-ogris.at\\\/si\\\/eventservice\\\/#primaryimage\",\"url\":\"https:\\\/\\\/www.gasthaus-ogris.at\\\/wp-content\\\/uploads\\\/2024\\\/10\\\/Getraenke-und-Event-Equipment-in-Ludmannsdorf-Gasthaus-Ogris-300x300.webp\",\"contentUrl\":\"https:\\\/\\\/www.gasthaus-ogris.at\\\/wp-content\\\/uploads\\\/2024\\\/10\\\/Getraenke-und-Event-Equipment-in-Ludmannsdorf-Gasthaus-Ogris-300x300.webp\"},{\"@type\":\"BreadcrumbList\",\"@id\":\"https:\\\/\\\/www.gasthaus-ogris.at\\\/si\\\/eventservice\\\/#breadcrumb\",\"itemListElement\":[{\"@type\":\"ListItem\",\"position\":1,\"name\":\"Home\",\"item\":\"https:\\\/\\\/www.gasthaus-ogris.at\\\/si\\\/\"},{\"@type\":\"ListItem\",\"position\":2,\"name\":\"Getr\u00e4nke &#038; Event-Equipment\"}]},{\"@type\":\"WebSite\",\"@id\":\"https:\\\/\\\/www.gasthaus-ogris.at\\\/si\\\/#website\",\"url\":\"https:\\\/\\\/www.gasthaus-ogris.at\\\/si\\\/\",\"name\":\"Gasthaus Ogris \u2013 K\u00e4rntner K\u00fcche &amp; Zimmer in Ludmannsdorf | Rosental K\u00e4rnten\",\"description\":\"[:de]Gasthaus Ogris \u2013 K\u00e4rntner K\u00fcche &amp; Zimmer in Ludmannsdorf | Rosental K\u00e4rnten W\u00f6rthersee  [:si]Gosti\u0161\u010de Ogris \u201eMiklav\u017e\u201c \u2013 Bil\u010dovs | Ro\u017e \u2013 Koro\u0161ka  [:it]Trattoria Ogris \u2013 Ludmannsdorf | Carinzia  [:sl]Gostisce Ogris &quot;Miklavz&quot; \u2013 Bilcovs | Roz \u2013 Koroska[:]\",\"publisher\":{\"@id\":\"https:\\\/\\\/www.gasthaus-ogris.at\\\/si\\\/#organization\"},\"potentialAction\":[{\"@type\":\"SearchAction\",\"target\":{\"@type\":\"EntryPoint\",\"urlTemplate\":\"https:\\\/\\\/www.gasthaus-ogris.at\\\/si\\\/?s={search_term_string}\"},\"query-input\":{\"@type\":\"PropertyValueSpecification\",\"valueRequired\":true,\"valueName\":\"search_term_string\"}}],\"inLanguage\":\"si-SI\"},{\"@type\":\"Organization\",\"@id\":\"https:\\\/\\\/www.gasthaus-ogris.at\\\/si\\\/#organization\",\"name\":\"Gasthaus - Gosti\u0161\u010de - Trattoria Ogris\",\"url\":\"https:\\\/\\\/www.gasthaus-ogris.at\\\/si\\\/\",\"logo\":{\"@type\":\"ImageObject\",\"inLanguage\":\"si-SI\",\"@id\":\"https:\\\/\\\/www.gasthaus-ogris.at\\\/si\\\/#\\\/schema\\\/logo\\\/image\\\/\",\"url\":\"https:\\\/\\\/www.gasthaus-ogris.at\\\/wp-content\\\/uploads\\\/2016\\\/03\\\/Header_Logo_Gasthaus_Ogris.png\",\"contentUrl\":\"https:\\\/\\\/www.gasthaus-ogris.at\\\/wp-content\\\/uploads\\\/2016\\\/03\\\/Header_Logo_Gasthaus_Ogris.png\",\"width\":327,\"height\":100,\"caption\":\"Gasthaus - Gosti\u0161\u010de - Trattoria Ogris\"},\"image\":{\"@id\":\"https:\\\/\\\/www.gasthaus-ogris.at\\\/si\\\/#\\\/schema\\\/logo\\\/image\\\/\"},\"sameAs\":[\"https:\\\/\\\/www.facebook.com\\\/GasthausOgris\",\"https:\\\/\\\/x.com\\\/GasthausOgris\"]}]}<\/script>\n<!-- \/ Yoast SEO plugin. -->","yoast_head_json":{"title":"Pija\u010da in oprema za praznovanja \u2013 prevzem v gosti\u0161\u010du Ogris | Ro\u017e Koro\u0161ka blizu Vrbskega jezera","description":"Pija\u010da in oprema za praznovanja: sod\u010dki piva, vino, soda, kozarci in ve\u010d za prevzem v gosti\u0161\u010du Ogris v Ro\u017eu blizu Vrbskega jezera.","robots":{"index":"index","follow":"follow","max-snippet":"max-snippet:-1","max-image-preview":"max-image-preview:large","max-video-preview":"max-video-preview:-1"},"canonical":"https:\/\/www.gasthaus-ogris.at\/si\/eventservice\/","og_locale":"en_US","og_type":"article","og_title":"Pija\u010da in oprema za praznovanja \u2013 prevzem v gosti\u0161\u010du Ogris | Ro\u017e Koro\u0161ka blizu Vrbskega jezera","og_description":"Pija\u010da in oprema za praznovanja: sod\u010dki piva, vino, soda, kozarci in ve\u010d za prevzem v gosti\u0161\u010du Ogris v Ro\u017eu blizu Vrbskega jezera.","og_url":"https:\/\/www.gasthaus-ogris.at\/si\/eventservice\/","og_site_name":"Gasthaus Ogris \u2013 K\u00e4rntner K\u00fcche &amp; Zimmer in Ludmannsdorf | Rosental K\u00e4rnten","article_publisher":"https:\/\/www.facebook.com\/GasthausOgris","article_modified_time":"2026-04-16T06:23:46+00:00","og_image":[{"width":1080,"height":1080,"url":"https:\/\/www.gasthaus-ogris.at\/wp-content\/uploads\/2024\/10\/Getraenke-und-Event-Equipment-in-Ludmannsdorf-Gasthaus-Ogris.webp","type":"image\/webp"}],"twitter_misc":{"Est. reading time":"2 minutes"},"schema":{"@context":"https:\/\/schema.org","@graph":[{"@type":"WebPage","@id":"https:\/\/www.gasthaus-ogris.at\/si\/eventservice\/","url":"https:\/\/www.gasthaus-ogris.at\/si\/eventservice\/","name":"Pija\u010da in oprema za praznovanja \u2013 prevzem v gosti\u0161\u010du Ogris | Ro\u017e Koro\u0161ka blizu Vrbskega jezera","isPartOf":{"@id":"https:\/\/www.gasthaus-ogris.at\/si\/#website"},"primaryImageOfPage":{"@id":"https:\/\/www.gasthaus-ogris.at\/si\/eventservice\/#primaryimage"},"image":{"@id":"https:\/\/www.gasthaus-ogris.at\/eventservice\/#primaryimage"},"thumbnailUrl":"https:\/\/www.gasthaus-ogris.at\/wp-content\/uploads\/2024\/10\/Getraenke-und-Event-Equipment-in-Ludmannsdorf-Gasthaus-Ogris-300x300.webp","datePublished":"2024-10-17T07:33:07+00:00","dateModified":"2026-04-16T06:23:46+00:00","description":"Pija\u010da in oprema za praznovanja: sod\u010dki piva, vino, soda, kozarci in ve\u010d za prevzem v gosti\u0161\u010du Ogris v Ro\u017eu blizu Vrbskega jezera.","breadcrumb":{"@id":"https:\/\/www.gasthaus-ogris.at\/si\/eventservice\/#breadcrumb"},"inLanguage":"si-SI","potentialAction":[{"@type":"ReadAction","target":[["https:\/\/www.gasthaus-ogris.at\/si\/eventservice\/"]]}]},{"@type":"ImageObject","inLanguage":"si-SI","@id":"https:\/\/www.gasthaus-ogris.at\/si\/eventservice\/#primaryimage","url":"https:\/\/www.gasthaus-ogris.at\/wp-content\/uploads\/2024\/10\/Getraenke-und-Event-Equipment-in-Ludmannsdorf-Gasthaus-Ogris-300x300.webp","contentUrl":"https:\/\/www.gasthaus-ogris.at\/wp-content\/uploads\/2024\/10\/Getraenke-und-Event-Equipment-in-Ludmannsdorf-Gasthaus-Ogris-300x300.webp"},{"@type":"BreadcrumbList","@id":"https:\/\/www.gasthaus-ogris.at\/si\/eventservice\/#breadcrumb","itemListElement":[{"@type":"ListItem","position":1,"name":"Home","item":"https:\/\/www.gasthaus-ogris.at\/si\/"},{"@type":"ListItem","position":2,"name":"Getr\u00e4nke &#038; Event-Equipment"}]},{"@type":"WebSite","@id":"https:\/\/www.gasthaus-ogris.at\/si\/#website","url":"https:\/\/www.gasthaus-ogris.at\/si\/","name":"Gasthaus Ogris \u2013 K\u00e4rntner K\u00fcche &amp; Zimmer in Ludmannsdorf | Rosental K\u00e4rnten","description":"[:de]Gasthaus Ogris \u2013 K\u00e4rntner K\u00fcche &amp; Zimmer in Ludmannsdorf | Rosental K\u00e4rnten W\u00f6rthersee  [:si]Gosti\u0161\u010de Ogris \u201eMiklav\u017e\u201c \u2013 Bil\u010dovs | Ro\u017e \u2013 Koro\u0161ka  [:it]Trattoria Ogris \u2013 Ludmannsdorf | Carinzia  [:sl]Gostisce Ogris &quot;Miklavz&quot; \u2013 Bilcovs | Roz \u2013 Koroska[:]","publisher":{"@id":"https:\/\/www.gasthaus-ogris.at\/si\/#organization"},"potentialAction":[{"@type":"SearchAction","target":{"@type":"EntryPoint","urlTemplate":"https:\/\/www.gasthaus-ogris.at\/si\/?s={search_term_string}"},"query-input":{"@type":"PropertyValueSpecification","valueRequired":true,"valueName":"search_term_string"}}],"inLanguage":"si-SI"},{"@type":"Organization","@id":"https:\/\/www.gasthaus-ogris.at\/si\/#organization","name":"Gasthaus - Gosti\u0161\u010de - Trattoria Ogris","url":"https:\/\/www.gasthaus-ogris.at\/si\/","logo":{"@type":"ImageObject","inLanguage":"si-SI","@id":"https:\/\/www.gasthaus-ogris.at\/si\/#\/schema\/logo\/image\/","url":"https:\/\/www.gasthaus-ogris.at\/wp-content\/uploads\/2016\/03\/Header_Logo_Gasthaus_Ogris.png","contentUrl":"https:\/\/www.gasthaus-ogris.at\/wp-content\/uploads\/2016\/03\/Header_Logo_Gasthaus_Ogris.png","width":327,"height":100,"caption":"Gasthaus - Gosti\u0161\u010de - Trattoria Ogris"},"image":{"@id":"https:\/\/www.gasthaus-ogris.at\/si\/#\/schema\/logo\/image\/"},"sameAs":["https:\/\/www.facebook.com\/GasthausOgris","https:\/\/x.com\/GasthausOgris"]}]}},"_links":{"self":[{"href":"https:\/\/www.gasthaus-ogris.at\/si\/wp-json\/wp\/v2\/pages\/2784","targetHints":{"allow":["GET"]}}],"collection":[{"href":"https:\/\/www.gasthaus-ogris.at\/si\/wp-json\/wp\/v2\/pages"}],"about":[{"href":"https:\/\/www.gasthaus-ogris.at\/si\/wp-json\/wp\/v2\/types\/page"}],"author":[{"embeddable":true,"href":"https:\/\/www.gasthaus-ogris.at\/si\/wp-json\/wp\/v2\/users\/3"}],"replies":[{"embeddable":true,"href":"https:\/\/www.gasthaus-ogris.at\/si\/wp-json\/wp\/v2\/comments?post=2784"}],"version-history":[{"count":0,"href":"https:\/\/www.gasthaus-ogris.at\/si\/wp-json\/wp\/v2\/pages\/2784\/revisions"}],"wp:attachment":[{"href":"https:\/\/www.gasthaus-ogris.at\/si\/wp-json\/wp\/v2\/media?parent=2784"}],"curies":[{"name":"wp","href":"https:\/\/api.w.org\/{rel}","templated":true}]}}