{"id":191,"date":"2016-03-14T08:32:38","date_gmt":"2016-03-14T07:32:38","guid":{"rendered":"http:\/\/www.gasthaus-ogris.at\/?page_id=191"},"modified":"2025-03-13T09:27:47","modified_gmt":"2025-03-13T08:27:47","slug":"kulinarisches-erbe-genuss-wirt","status":"publish","type":"page","link":"https:\/\/www.gasthaus-ogris.at\/si\/nase-kooperacije\/","title":{"rendered":"AMA Genuss Region &#038; Genuss Wirt K\u00e4rnten"},"content":{"rendered":"<p><\/p>\n<table align=\"center\">\n<tbody>\n<tr>\n<td>\n<p style=\"text-align: center;\"><a href=\"https:\/\/www.genussregionen.at\/de\/betrieb\/gasthaus-ogris\"><img loading=\"lazy\" decoding=\"async\" class=\"aligncenter wp-image-2114 size-thumbnail\" src=\"https:\/\/www.gasthaus-ogris.at\/wp-content\/uploads\/2021\/12\/AMA_Genuss-Region_Gastronomie_2022_web-150x150.png\" alt=\"\" width=\"210\" height=\"2120\"><\/a><\/p>\n<\/td>\n<td><a href=\"https:\/\/www.genusslandkaernten.at\/\"><img loading=\"lazy\" decoding=\"async\" class=\"aligncenter wp-image-2226 size-medium\" src=\"https:\/\/www.gasthaus-ogris.at\/wp-content\/uploads\/2022\/07\/Logo_GenussWirt_Kaernten_GasthausOgris-300x212.png\" alt=\"Auszeichnung Genuss Wirt K\u00e4rnten Gasthaus Ogris\" width=\"300\" height=\"212\" srcset=\"https:\/\/www.gasthaus-ogris.at\/wp-content\/uploads\/2022\/07\/Logo_GenussWirt_Kaernten_GasthausOgris-300x212.png 300w, https:\/\/www.gasthaus-ogris.at\/wp-content\/uploads\/2022\/07\/Logo_GenussWirt_Kaernten_GasthausOgris.png 400w\" sizes=\"auto, (max-width: 300px) 100vw, 300px\" \/><\/a><\/td>\n<\/tr>\n<\/tbody>\n<\/table>\n<p style=\"text-align: center;\">Za uporabo proizvodov iz bli\u017enjih regij oziroma iz Avstrije smo prejeli kakovostniznak gostinjstva v Avstriji <strong>\u201eAMA Genuss Region &amp; Genuss Wirt K\u00e4rnten<\/strong>\u201c.<\/p>\n<table width=\"708\" align=\"center\">\n<tbody>\n<tr>\n<td width=\"129\">\n<p style=\"text-align: left;\"><strong>Schwein<\/strong><\/p>\n<\/td>\n<td style=\"text-align: left;\" width=\"580\">aus <strong>\u00d6sterreich<\/strong> von Fa. Frierss,<br \/>\nFa.AGM Klagenfurt, Fa. Karnerta Klagenfurt und von regionalen Produzenten<\/td>\n<\/tr>\n<tr>\n<td width=\"129\"><strong>Rind<\/strong><\/td>\n<td width=\"580\">aus <strong>K\u00e4rnten<\/strong> von Fa. Frierss und Fa. Karnerta Klagenfurt<\/td>\n<\/tr>\n<tr>\n<td width=\"129\"><strong>Huhn<\/strong><\/td>\n<td width=\"580\">aus <strong>K\u00e4rnten \/ \u00d6sterreich<\/strong> von Fa. Wech \u00fcber AGM Klagefurt<\/td>\n<\/tr>\n<tr>\n<td width=\"129\"><strong>Milch, Butter, Joghurt, Sauerrahm, Schlagobers<\/strong><\/td>\n<td width=\"580\">aus <strong>K\u00e4rnten <\/strong>von K\u00e4rntnermilch \/ Spittal an der Drau<\/td>\n<\/tr>\n<tr>\n<td width=\"129\"><strong>Topfen<\/strong><\/td>\n<td width=\"580\">aus <strong>K\u00e4rnten \/ \u00d6sterreich <\/strong>regionalen Produzenten<\/td>\n<\/tr>\n<tr>\n<td width=\"129\"><strong>K\u00e4se<\/strong><\/td>\n<td width=\"580\">aus <strong>K\u00e4rnten \/ \u00d6sterreich <\/strong>z.B. K\u00e4rntnermilch, Berglandmilch<\/td>\n<\/tr>\n<tr>\n<td width=\"129\"><strong>Eier<\/strong><\/td>\n<td width=\"580\">aus <strong>K\u00e4rnten<\/strong> vom Eierring Herzogstuhl \/ Magdalensberg<\/td>\n<\/tr>\n<tr>\n<td width=\"129\"><strong>Erd\u00e4pfel<\/strong><\/td>\n<td width=\"580\">aus <strong>K\u00e4rnten<\/strong> von der Fam. Kernjak \/ St.Egyden<\/td>\n<\/tr>\n<tr>\n<td width=\"129\"><strong>Saisonales Obst<\/strong><\/p>\n<p><strong>und Gem\u00fcse<\/strong><\/td>\n<td width=\"580\">aus <strong>K\u00e4rnten \/ \u00d6sterreich<\/strong> von regionalen Produzenten<br \/>\nz.B. Fam Weber \/ Selkach, Vitalgarten Binder \/ Klagenfurt<\/td>\n<\/tr>\n<tr>\n<td width=\"129\"><strong>S\u00fc\u00dfwasserfisch<\/strong><\/td>\n<td width=\"580\">aus <strong>K\u00e4rnten<\/strong> vom Andreas Hofer \/ Feld am See<\/td>\n<\/tr>\n<tr>\n<td width=\"129\"><strong>Wild<\/strong><\/td>\n<td width=\"580\">aus <strong>K\u00e4rnten<\/strong> \u00fcber die Wildverwertungsgemeinschaft<br \/>\nSupanz &amp; Weber Ludmannsdorf<\/td>\n<\/tr>\n<tr>\n<td width=\"129\"><strong>Maisgrie\u00df<br \/>\n(Polenta)<\/strong><\/td>\n<td width=\"580\">aus <strong>K\u00e4rnten <\/strong>vom Biohof Tomic \/ Eberndorf und<br \/>\nTomanhof Fam. Sturm \/ Zinsdorf<\/td>\n<\/tr>\n<tr>\n<td width=\"129\"><strong>K\u00fcrbiskern\u00f6l<\/strong><\/td>\n<td width=\"580\">aus <strong>K\u00e4rnten <\/strong>von Fam. Mikl \/ Bauernhof Gams<\/td>\n<\/tr>\n<tr>\n<td width=\"129\"><strong>Honig<\/strong><\/td>\n<td width=\"580\">aus <strong>K\u00e4rnten <\/strong>von regionalen Produzenten<\/td>\n<\/tr>\n<tr>\n<td width=\"129\"><strong>Apfelsaft,<br \/>\nApfelmost und<br \/>\ndiv. Spirituosen<\/strong><\/td>\n<td width=\"580\">aus <strong>K\u00e4rnten <\/strong>z.B. Fam. Lauritsch \/ St. Egyden,<br \/>\nFam. Spitzer \/ Ludmannsdorf, Fam. Weber \/ Selkach<\/td>\n<\/tr>\n<tr>\n<td width=\"129\"><strong>Wein aus<br \/>\nK\u00e4rnten<\/strong><\/td>\n<td width=\"580\">Fam. Candussi &#8211; Vinum Virunum \/ St. Veit an der Glan<\/td>\n<\/tr>\n<\/tbody>\n<\/table>\n<p><a href=\"https:\/\/www.gasthaus-ogris.at\/wp-content\/uploads\/2024\/02\/GenussRegion_AMA_Zertifikat_GasthausOgris-scaled.webp\"><img loading=\"lazy\" decoding=\"async\" class=\"aligncenter size-medium wp-image-2569\" src=\"https:\/\/www.gasthaus-ogris.at\/wp-content\/uploads\/2024\/02\/GenussRegion_AMA_Zertifikat_GasthausOgris-212x300.webp\" alt=\"\" width=\"212\" height=\"300\" srcset=\"https:\/\/www.gasthaus-ogris.at\/wp-content\/uploads\/2024\/02\/GenussRegion_AMA_Zertifikat_GasthausOgris-212x300.webp 212w, https:\/\/www.gasthaus-ogris.at\/wp-content\/uploads\/2024\/02\/GenussRegion_AMA_Zertifikat_GasthausOgris.webp 413w\" sizes=\"auto, (max-width: 212px) 100vw, 212px\" \/><\/a><\/p>","protected":false},"excerpt":{"rendered":"<p>Za uporabo proizvodov iz bli\u017enjih regij oziroma iz Avstrije smo prejeli kakovostniznak gostinjstva v Avstriji \u201eAMA Genuss Region &amp; Genuss Wirt K\u00e4rnten\u201c. Schwein aus \u00d6sterreich von Fa. Frierss, Fa.AGM Klagenfurt,&#8230; <\/p>\n","protected":false},"author":3,"featured_media":0,"parent":0,"menu_order":0,"comment_status":"closed","ping_status":"closed","template":"","meta":{"ngg_post_thumbnail":0,"footnotes":""},"class_list":["post-191","page","type-page","status-publish","hentry"],"yoast_head":"<!-- This site is optimized with the Yoast SEO plugin v27.3 - https:\/\/yoast.com\/product\/yoast-seo-wordpress\/ -->\n<title>Na\u0161e kooperacije | Gosti\u0161\u010de - Gostilna Ogris &quot;Miklav\u017e&quot; | Bil\u010dovs - Koro\u0161kaNa\u0161e kooperacije | Gosti\u0161\u010de - Gostilna Ogris &quot;Miklav\u017e&quot; | Bil\u010dovs - Koro\u0161kaNa\u0161e kooperacije | Gosti\u0161\u010de - Gostilna Ogris &quot;Miklav\u017e&quot; | Bil\u010dovs - Koro\u0161kaNa\u0161e kooperacije | Gosti\u0161\u010de - Gostilna Ogris &quot;Miklav\u017e&quot; | Bil\u010dovs - Koro\u0161ka<\/title>\n<meta name=\"description\" content=\"F\u00fcr die Verwendung von Produkten aus umliegenden Regionen bzw. aus \u00d6sterreich wurden wir mit dem AMA Gastrosiegel ausgezeichnet.\" \/>\n<meta name=\"robots\" content=\"index, follow, max-snippet:-1, max-image-preview:large, max-video-preview:-1\" \/>\n<link rel=\"canonical\" href=\"https:\/\/www.gasthaus-ogris.at\/kulinarisches-erbe-ama\/\" \/>\n<meta property=\"og:locale\" content=\"en_US\" \/>\n<meta property=\"og:type\" content=\"article\" \/>\n<meta property=\"og:title\" content=\"[:de]K\u00e4rntner Genuss Wirt &amp; AMA Genuss Region | Gasthaus \u2013 Gasthof \u2013 Restaurant Ogris | Gut Essen und Trinken in Ludmannsdorf - Carnica Rosental - K\u00e4rnten[:si]Na\u0161e kooperacije | Gosti\u0161\u010de - Gostilna Ogris &quot;Miklav\u017e&quot; | Bil\u010dovs - Koro\u0161kaNa\u0161e kooperacije | Gosti\u0161\u010de - Gostilna Ogris &quot;Miklav\u017e&quot; | Bil\u010dovs - Koro\u0161kaNa\u0161e kooperacije | Gosti\u0161\u010de - Gostilna Ogris &quot;Miklav\u017e&quot; | Bil\u010dovs - Koro\u0161kaNa\u0161e kooperacije | Gosti\u0161\u010de - Gostilna Ogris &quot;Miklav\u017e&quot; | Bil\u010dovs - Koro\u0161ka[:it]Nostre cooperazioni | Trattoria - Ogris | Ludmannsdorf | Klagenfurt | CarinziaNostre cooperazioni | Trattoria - Ogris | Ludmannsdorf | Klagenfurt | CarinziaNostre cooperazioni | Trattoria - Ogris | Ludmannsdorf | Klagenfurt | CarinziaNostre cooperazioni | Trattoria - Ogris | Ludmannsdorf | Klagenfurt | Carinzia[:]\" \/>\n<meta property=\"og:description\" content=\"{:de}F\u00fcr die Verwendung von Produkten aus umliegenden Regionen bzw. aus \u00d6sterreich wurden wir mit dem AMA Gastrosiegel und dem Titel K\u00e4rntner Genuss Wirtausgezeichnet.{:si}F\u00fcr die Verwendung von Produkten aus umliegenden Regionen bzw. aus \u00d6sterreich wurden wir mit dem AMA Gastrosiegel ausgezeichnet.{:it}F\u00fcr die Verwendung von Produkten aus umliegenden Regionen bzw. aus \u00d6sterreich wurden wir mit dem AMA Gastrosiegel ausgezeichnet.{:}\" \/>\n<meta property=\"og:url\" content=\"https:\/\/www.gasthaus-ogris.at\/kulinarisches-erbe-ama\/\" \/>\n<meta property=\"og:site_name\" content=\"Gasthaus - Gosti\u0161\u010de - Trattoria Ogris\" \/>\n<meta property=\"article:publisher\" content=\"https:\/\/www.facebook.com\/GasthausOgris\" \/>\n<meta property=\"article:modified_time\" content=\"2025-03-13T08:27:47+00:00\" \/>\n<meta property=\"og:image\" content=\"https:\/\/www.gasthaus-ogris.at\/wp-content\/uploads\/2021\/12\/AMA_Genuss-Region_Gastronomie_2022_web.png\" \/>\n\t<meta property=\"og:image:width\" content=\"400\" \/>\n\t<meta property=\"og:image:height\" content=\"400\" \/>\n\t<meta property=\"og:image:type\" content=\"image\/png\" \/>\n<meta name=\"twitter:label1\" content=\"Est. reading time\" \/>\n\t<meta name=\"twitter:data1\" content=\"2 minutes\" \/>\n<script type=\"application\/ld+json\" class=\"yoast-schema-graph\">{\"@context\":\"https:\\\/\\\/schema.org\",\"@graph\":[{\"@type\":\"WebPage\",\"@id\":\"https:\\\/\\\/www.gasthaus-ogris.at\\\/kulinarisches-erbe-ama\\\/\",\"url\":\"https:\\\/\\\/www.gasthaus-ogris.at\\\/kulinarisches-erbe-ama\\\/\",\"name\":\"[:de]K\u00e4rntner Genuss Wirt & AMA Genuss Region | Gasthaus \u2013 Gasthof \u2013 Restaurant Ogris | Gut Essen und Trinken in Ludmannsdorf - Carnica Rosental - K\u00e4rnten[:si]Na\u0161e kooperacije | Gosti\u0161\u010de - Gostilna Ogris \\\"Miklav\u017e\\\" | Bil\u010dovs - Koro\u0161kaNa\u0161e kooperacije | Gosti\u0161\u010de - Gostilna Ogris \\\"Miklav\u017e\\\" | Bil\u010dovs - Koro\u0161kaNa\u0161e kooperacije | Gosti\u0161\u010de - Gostilna Ogris \\\"Miklav\u017e\\\" | Bil\u010dovs - Koro\u0161kaNa\u0161e kooperacije | Gosti\u0161\u010de - Gostilna Ogris \\\"Miklav\u017e\\\" | Bil\u010dovs - Koro\u0161ka[:it]Nostre cooperazioni | Trattoria - Ogris | Ludmannsdorf | Klagenfurt | CarinziaNostre cooperazioni | Trattoria - Ogris | Ludmannsdorf | Klagenfurt | CarinziaNostre cooperazioni | Trattoria - Ogris | Ludmannsdorf | Klagenfurt | CarinziaNostre cooperazioni | Trattoria - Ogris | Ludmannsdorf | Klagenfurt | Carinzia[:]\",\"isPartOf\":{\"@id\":\"https:\\\/\\\/www.gasthaus-ogris.at\\\/#website\"},\"primaryImageOfPage\":{\"@id\":\"https:\\\/\\\/www.gasthaus-ogris.at\\\/kulinarisches-erbe-ama\\\/#primaryimage\"},\"image\":{\"@id\":\"https:\\\/\\\/www.gasthaus-ogris.at\\\/kulinarisches-erbe-ama\\\/#primaryimage\"},\"thumbnailUrl\":\"https:\\\/\\\/www.gasthaus-ogris.at\\\/wp-content\\\/uploads\\\/2021\\\/12\\\/AMA_Genuss-Region_Gastronomie_2022_web-150x150.png\",\"datePublished\":\"2016-03-14T07:32:38+00:00\",\"dateModified\":\"2025-03-13T08:27:47+00:00\",\"description\":\"{:de}F\u00fcr die Verwendung von Produkten aus umliegenden Regionen bzw. aus \u00d6sterreich wurden wir mit dem AMA Gastrosiegel und dem Titel K\u00e4rntner Genuss Wirtausgezeichnet.{:si}F\u00fcr die Verwendung von Produkten aus umliegenden Regionen bzw. aus \u00d6sterreich wurden wir mit dem AMA Gastrosiegel ausgezeichnet.{:it}F\u00fcr die Verwendung von Produkten aus umliegenden Regionen bzw. aus \u00d6sterreich wurden wir mit dem AMA Gastrosiegel ausgezeichnet.{:}\",\"breadcrumb\":{\"@id\":\"https:\\\/\\\/www.gasthaus-ogris.at\\\/kulinarisches-erbe-ama\\\/#breadcrumb\"},\"inLanguage\":\"si-SI\",\"potentialAction\":[{\"@type\":\"ReadAction\",\"target\":[\"https:\\\/\\\/www.gasthaus-ogris.at\\\/kulinarisches-erbe-ama\\\/\"]}]},{\"@type\":\"ImageObject\",\"inLanguage\":\"si-SI\",\"@id\":\"https:\\\/\\\/www.gasthaus-ogris.at\\\/kulinarisches-erbe-ama\\\/#primaryimage\",\"url\":\"https:\\\/\\\/www.gasthaus-ogris.at\\\/wp-content\\\/uploads\\\/2021\\\/12\\\/AMA_Genuss-Region_Gastronomie_2022_web-150x150.png\",\"contentUrl\":\"https:\\\/\\\/www.gasthaus-ogris.at\\\/wp-content\\\/uploads\\\/2021\\\/12\\\/AMA_Genuss-Region_Gastronomie_2022_web-150x150.png\"},{\"@type\":\"BreadcrumbList\",\"@id\":\"https:\\\/\\\/www.gasthaus-ogris.at\\\/kulinarisches-erbe-ama\\\/#breadcrumb\",\"itemListElement\":[{\"@type\":\"ListItem\",\"position\":1,\"name\":\"Home\",\"item\":\"https:\\\/\\\/www.gasthaus-ogris.at\\\/\"},{\"@type\":\"ListItem\",\"position\":2,\"name\":\"AMA Genuss Region &#038; Genuss Wirt K\u00e4rnten\"}]},{\"@type\":\"WebSite\",\"@id\":\"https:\\\/\\\/www.gasthaus-ogris.at\\\/#website\",\"url\":\"https:\\\/\\\/www.gasthaus-ogris.at\\\/\",\"name\":\"Gasthaus - Gosti\u0161\u010de - Trattoria Ogris\",\"description\":\"Gosti\u0161\u010de - Gostilna Ogris &quot;Miklav\u017e&quot; v Bil\u010dovsu | Ro\u017e | Koro\u0161ka | Celovec\",\"publisher\":{\"@id\":\"https:\\\/\\\/www.gasthaus-ogris.at\\\/#organization\"},\"potentialAction\":[{\"@type\":\"SearchAction\",\"target\":{\"@type\":\"EntryPoint\",\"urlTemplate\":\"https:\\\/\\\/www.gasthaus-ogris.at\\\/?s={search_term_string}\"},\"query-input\":{\"@type\":\"PropertyValueSpecification\",\"valueRequired\":true,\"valueName\":\"search_term_string\"}}],\"inLanguage\":\"si-SI\"},{\"@type\":\"Organization\",\"@id\":\"https:\\\/\\\/www.gasthaus-ogris.at\\\/#organization\",\"name\":\"Gasthaus - Gosti\u0161\u010de - Trattoria Ogris\",\"url\":\"https:\\\/\\\/www.gasthaus-ogris.at\\\/\",\"logo\":{\"@type\":\"ImageObject\",\"inLanguage\":\"si-SI\",\"@id\":\"https:\\\/\\\/www.gasthaus-ogris.at\\\/#\\\/schema\\\/logo\\\/image\\\/\",\"url\":\"https:\\\/\\\/www.gasthaus-ogris.at\\\/wp-content\\\/uploads\\\/2016\\\/03\\\/Header_Logo_Gasthaus_Ogris.png\",\"contentUrl\":\"https:\\\/\\\/www.gasthaus-ogris.at\\\/wp-content\\\/uploads\\\/2016\\\/03\\\/Header_Logo_Gasthaus_Ogris.png\",\"width\":327,\"height\":100,\"caption\":\"Gasthaus - Gosti\u0161\u010de - Trattoria Ogris\"},\"image\":{\"@id\":\"https:\\\/\\\/www.gasthaus-ogris.at\\\/#\\\/schema\\\/logo\\\/image\\\/\"},\"sameAs\":[\"https:\\\/\\\/www.facebook.com\\\/GasthausOgris\",\"https:\\\/\\\/x.com\\\/GasthausOgris\"]}]}<\/script>\n<!-- \/ Yoast SEO plugin. -->","yoast_head_json":{"title":"Na\u0161e kooperacije | Gosti\u0161\u010de - Gostilna Ogris \"Miklav\u017e\" | Bil\u010dovs - Koro\u0161kaNa\u0161e kooperacije | Gosti\u0161\u010de - Gostilna Ogris \"Miklav\u017e\" | Bil\u010dovs - Koro\u0161kaNa\u0161e kooperacije | Gosti\u0161\u010de - Gostilna Ogris \"Miklav\u017e\" | Bil\u010dovs - Koro\u0161kaNa\u0161e kooperacije | Gosti\u0161\u010de - Gostilna Ogris \"Miklav\u017e\" | Bil\u010dovs - Koro\u0161ka","description":"F\u00fcr die Verwendung von Produkten aus umliegenden Regionen bzw. aus \u00d6sterreich wurden wir mit dem AMA Gastrosiegel ausgezeichnet.","robots":{"index":"index","follow":"follow","max-snippet":"max-snippet:-1","max-image-preview":"max-image-preview:large","max-video-preview":"max-video-preview:-1"},"canonical":"https:\/\/www.gasthaus-ogris.at\/kulinarisches-erbe-ama\/","og_locale":"en_US","og_type":"article","og_title":"[:de]K\u00e4rntner Genuss Wirt & AMA Genuss Region | Gasthaus \u2013 Gasthof \u2013 Restaurant Ogris | Gut Essen und Trinken in Ludmannsdorf - Carnica Rosental - K\u00e4rnten[:si]Na\u0161e kooperacije | Gosti\u0161\u010de - Gostilna Ogris \"Miklav\u017e\" | Bil\u010dovs - Koro\u0161kaNa\u0161e kooperacije | Gosti\u0161\u010de - Gostilna Ogris \"Miklav\u017e\" | Bil\u010dovs - Koro\u0161kaNa\u0161e kooperacije | Gosti\u0161\u010de - Gostilna Ogris \"Miklav\u017e\" | Bil\u010dovs - Koro\u0161kaNa\u0161e kooperacije | Gosti\u0161\u010de - Gostilna Ogris \"Miklav\u017e\" | Bil\u010dovs - Koro\u0161ka[:it]Nostre cooperazioni | Trattoria - Ogris | Ludmannsdorf | Klagenfurt | CarinziaNostre cooperazioni | Trattoria - Ogris | Ludmannsdorf | Klagenfurt | CarinziaNostre cooperazioni | Trattoria - Ogris | Ludmannsdorf | Klagenfurt | CarinziaNostre cooperazioni | Trattoria - Ogris | Ludmannsdorf | Klagenfurt | Carinzia[:]","og_description":"{:de}F\u00fcr die Verwendung von Produkten aus umliegenden Regionen bzw. aus \u00d6sterreich wurden wir mit dem AMA Gastrosiegel und dem Titel K\u00e4rntner Genuss Wirtausgezeichnet.{:si}F\u00fcr die Verwendung von Produkten aus umliegenden Regionen bzw. aus \u00d6sterreich wurden wir mit dem AMA Gastrosiegel ausgezeichnet.{:it}F\u00fcr die Verwendung von Produkten aus umliegenden Regionen bzw. aus \u00d6sterreich wurden wir mit dem AMA Gastrosiegel ausgezeichnet.{:}","og_url":"https:\/\/www.gasthaus-ogris.at\/kulinarisches-erbe-ama\/","og_site_name":"Gasthaus - Gosti\u0161\u010de - Trattoria Ogris","article_publisher":"https:\/\/www.facebook.com\/GasthausOgris","article_modified_time":"2025-03-13T08:27:47+00:00","og_image":[{"width":400,"height":400,"url":"https:\/\/www.gasthaus-ogris.at\/wp-content\/uploads\/2021\/12\/AMA_Genuss-Region_Gastronomie_2022_web.png","type":"image\/png"}],"twitter_misc":{"Est. reading time":"2 minutes"},"schema":{"@context":"https:\/\/schema.org","@graph":[{"@type":"WebPage","@id":"https:\/\/www.gasthaus-ogris.at\/kulinarisches-erbe-ama\/","url":"https:\/\/www.gasthaus-ogris.at\/kulinarisches-erbe-ama\/","name":"[:de]K\u00e4rntner Genuss Wirt & AMA Genuss Region | Gasthaus \u2013 Gasthof \u2013 Restaurant Ogris | Gut Essen und Trinken in Ludmannsdorf - Carnica Rosental - K\u00e4rnten[:si]Na\u0161e kooperacije | Gosti\u0161\u010de - Gostilna Ogris \"Miklav\u017e\" | Bil\u010dovs - Koro\u0161kaNa\u0161e kooperacije | Gosti\u0161\u010de - Gostilna Ogris \"Miklav\u017e\" | Bil\u010dovs - Koro\u0161kaNa\u0161e kooperacije | Gosti\u0161\u010de - Gostilna Ogris \"Miklav\u017e\" | Bil\u010dovs - Koro\u0161kaNa\u0161e kooperacije | Gosti\u0161\u010de - Gostilna Ogris \"Miklav\u017e\" | Bil\u010dovs - Koro\u0161ka[:it]Nostre cooperazioni | Trattoria - Ogris | Ludmannsdorf | Klagenfurt | CarinziaNostre cooperazioni | Trattoria - Ogris | Ludmannsdorf | Klagenfurt | CarinziaNostre cooperazioni | Trattoria - Ogris | Ludmannsdorf | Klagenfurt | CarinziaNostre cooperazioni | Trattoria - Ogris | Ludmannsdorf | Klagenfurt | Carinzia[:]","isPartOf":{"@id":"https:\/\/www.gasthaus-ogris.at\/#website"},"primaryImageOfPage":{"@id":"https:\/\/www.gasthaus-ogris.at\/kulinarisches-erbe-ama\/#primaryimage"},"image":{"@id":"https:\/\/www.gasthaus-ogris.at\/kulinarisches-erbe-ama\/#primaryimage"},"thumbnailUrl":"https:\/\/www.gasthaus-ogris.at\/wp-content\/uploads\/2021\/12\/AMA_Genuss-Region_Gastronomie_2022_web-150x150.png","datePublished":"2016-03-14T07:32:38+00:00","dateModified":"2025-03-13T08:27:47+00:00","description":"{:de}F\u00fcr die Verwendung von Produkten aus umliegenden Regionen bzw. aus \u00d6sterreich wurden wir mit dem AMA Gastrosiegel und dem Titel K\u00e4rntner Genuss Wirtausgezeichnet.{:si}F\u00fcr die Verwendung von Produkten aus umliegenden Regionen bzw. aus \u00d6sterreich wurden wir mit dem AMA Gastrosiegel ausgezeichnet.{:it}F\u00fcr die Verwendung von Produkten aus umliegenden Regionen bzw. aus \u00d6sterreich wurden wir mit dem AMA Gastrosiegel ausgezeichnet.{:}","breadcrumb":{"@id":"https:\/\/www.gasthaus-ogris.at\/kulinarisches-erbe-ama\/#breadcrumb"},"inLanguage":"si-SI","potentialAction":[{"@type":"ReadAction","target":["https:\/\/www.gasthaus-ogris.at\/kulinarisches-erbe-ama\/"]}]},{"@type":"ImageObject","inLanguage":"si-SI","@id":"https:\/\/www.gasthaus-ogris.at\/kulinarisches-erbe-ama\/#primaryimage","url":"https:\/\/www.gasthaus-ogris.at\/wp-content\/uploads\/2021\/12\/AMA_Genuss-Region_Gastronomie_2022_web-150x150.png","contentUrl":"https:\/\/www.gasthaus-ogris.at\/wp-content\/uploads\/2021\/12\/AMA_Genuss-Region_Gastronomie_2022_web-150x150.png"},{"@type":"BreadcrumbList","@id":"https:\/\/www.gasthaus-ogris.at\/kulinarisches-erbe-ama\/#breadcrumb","itemListElement":[{"@type":"ListItem","position":1,"name":"Home","item":"https:\/\/www.gasthaus-ogris.at\/"},{"@type":"ListItem","position":2,"name":"AMA Genuss Region &#038; Genuss Wirt K\u00e4rnten"}]},{"@type":"WebSite","@id":"https:\/\/www.gasthaus-ogris.at\/#website","url":"https:\/\/www.gasthaus-ogris.at\/","name":"Gasthaus - Gosti\u0161\u010de - Trattoria Ogris","description":"Gosti\u0161\u010de - Gostilna Ogris &quot;Miklav\u017e&quot; v Bil\u010dovsu | Ro\u017e | Koro\u0161ka | Celovec","publisher":{"@id":"https:\/\/www.gasthaus-ogris.at\/#organization"},"potentialAction":[{"@type":"SearchAction","target":{"@type":"EntryPoint","urlTemplate":"https:\/\/www.gasthaus-ogris.at\/?s={search_term_string}"},"query-input":{"@type":"PropertyValueSpecification","valueRequired":true,"valueName":"search_term_string"}}],"inLanguage":"si-SI"},{"@type":"Organization","@id":"https:\/\/www.gasthaus-ogris.at\/#organization","name":"Gasthaus - Gosti\u0161\u010de - Trattoria Ogris","url":"https:\/\/www.gasthaus-ogris.at\/","logo":{"@type":"ImageObject","inLanguage":"si-SI","@id":"https:\/\/www.gasthaus-ogris.at\/#\/schema\/logo\/image\/","url":"https:\/\/www.gasthaus-ogris.at\/wp-content\/uploads\/2016\/03\/Header_Logo_Gasthaus_Ogris.png","contentUrl":"https:\/\/www.gasthaus-ogris.at\/wp-content\/uploads\/2016\/03\/Header_Logo_Gasthaus_Ogris.png","width":327,"height":100,"caption":"Gasthaus - Gosti\u0161\u010de - Trattoria Ogris"},"image":{"@id":"https:\/\/www.gasthaus-ogris.at\/#\/schema\/logo\/image\/"},"sameAs":["https:\/\/www.facebook.com\/GasthausOgris","https:\/\/x.com\/GasthausOgris"]}]}},"_links":{"self":[{"href":"https:\/\/www.gasthaus-ogris.at\/si\/wp-json\/wp\/v2\/pages\/191","targetHints":{"allow":["GET"]}}],"collection":[{"href":"https:\/\/www.gasthaus-ogris.at\/si\/wp-json\/wp\/v2\/pages"}],"about":[{"href":"https:\/\/www.gasthaus-ogris.at\/si\/wp-json\/wp\/v2\/types\/page"}],"author":[{"embeddable":true,"href":"https:\/\/www.gasthaus-ogris.at\/si\/wp-json\/wp\/v2\/users\/3"}],"replies":[{"embeddable":true,"href":"https:\/\/www.gasthaus-ogris.at\/si\/wp-json\/wp\/v2\/comments?post=191"}],"version-history":[{"count":0,"href":"https:\/\/www.gasthaus-ogris.at\/si\/wp-json\/wp\/v2\/pages\/191\/revisions"}],"wp:attachment":[{"href":"https:\/\/www.gasthaus-ogris.at\/si\/wp-json\/wp\/v2\/media?parent=191"}],"curies":[{"name":"wp","href":"https:\/\/api.w.org\/{rel}","templated":true}]}}