{"id":186,"date":"2016-03-14T08:31:20","date_gmt":"2016-03-14T07:31:20","guid":{"rendered":"http:\/\/www.gasthaus-ogris.at\/?page_id=186"},"modified":"2026-04-16T08:38:14","modified_gmt":"2026-04-16T06:38:14","slug":"geschichte","status":"publish","type":"page","link":"https:\/\/www.gasthaus-ogris.at\/si\/geschichte\/","title":{"rendered":"Geschichte"},"content":{"rendered":"<p class=\"qtranxs-available-languages-message qtranxs-available-languages-message-si\">Na \u017ealost je ta vpis samo v jeziku  <a href=\"https:\/\/www.gasthaus-ogris.at\/de\/wp-json\/wp\/v2\/pages\/186\" class=\"qtranxs-available-language-link qtranxs-available-language-link-de\" title=\"Deutsch\">Deutsch<\/a>.<\/p>","protected":false},"excerpt":{"rendered":"<p>Na \u017ealost je ta vpis samo v jeziku Deutsch.<\/p>\n","protected":false},"author":3,"featured_media":0,"parent":0,"menu_order":0,"comment_status":"closed","ping_status":"closed","template":"","meta":{"ngg_post_thumbnail":0,"footnotes":""},"class_list":["post-186","page","type-page","status-publish","hentry"],"yoast_head":"<!-- This site is optimized with the Yoast SEO plugin v27.4 - https:\/\/yoast.com\/product\/yoast-seo-wordpress\/ -->\n<title>Zgodovina \u2013 Gosti\u0161\u010de Ogris \u201eMiklav\u017e\u201c | tradicija in dru\u017eina v Ro\u017eu blizu Vrbskega jezera<\/title>\n<meta name=\"description\" content=\"Zgodovina gosti\u0161\u010da Ogris: dru\u017einska zgodba tradicije, vztrajnosti in gostoljubja v Ro\u017eu blizu Vrbskega jezera.\" \/>\n<meta name=\"robots\" content=\"index, follow, max-snippet:-1, max-image-preview:large, max-video-preview:-1\" \/>\n<link rel=\"canonical\" href=\"https:\/\/www.gasthaus-ogris.at\/si\/geschichte\/\" \/>\n<meta property=\"og:locale\" content=\"en_US\" \/>\n<meta property=\"og:type\" content=\"article\" \/>\n<meta property=\"og:title\" content=\"Zgodovina \u2013 Gosti\u0161\u010de Ogris \u201eMiklav\u017e\u201c | tradicija in dru\u017eina v Ro\u017eu blizu Vrbskega jezera\" \/>\n<meta property=\"og:description\" content=\"Zgodovina gosti\u0161\u010da Ogris: dru\u017einska zgodba tradicije, vztrajnosti in gostoljubja v Ro\u017eu blizu Vrbskega jezera.\" \/>\n<meta property=\"og:url\" content=\"https:\/\/www.gasthaus-ogris.at\/si\/geschichte\/\" \/>\n<meta property=\"og:site_name\" content=\"Gasthaus Ogris \u2013 K\u00e4rntner K\u00fcche &amp; Zimmer in Ludmannsdorf | Rosental K\u00e4rnten\" \/>\n<meta property=\"article:publisher\" content=\"https:\/\/www.facebook.com\/GasthausOgris\" \/>\n<meta property=\"article:modified_time\" content=\"2026-04-16T06:38:14+00:00\" \/>\n<meta property=\"og:image\" content=\"http:\/\/www.gasthaus-ogris.at\/wp-content\/uploads\/2016\/03\/Gasthaus-Ogris-um-1911-300x179.jpg\" \/>\n<meta name=\"twitter:label1\" content=\"Est. reading time\" \/>\n\t<meta name=\"twitter:data1\" content=\"5 minutes\" \/>\n<script type=\"application\/ld+json\" class=\"yoast-schema-graph\">{\"@context\":\"https:\\\/\\\/schema.org\",\"@graph\":[{\"@type\":\"WebPage\",\"@id\":\"https:\\\/\\\/www.gasthaus-ogris.at\\\/si\\\/geschichte\\\/\",\"url\":\"https:\\\/\\\/www.gasthaus-ogris.at\\\/si\\\/geschichte\\\/\",\"name\":\"Zgodovina \u2013 Gosti\u0161\u010de Ogris \u201eMiklav\u017e\u201c | tradicija in dru\u017eina v Ro\u017eu blizu Vrbskega jezera\",\"isPartOf\":{\"@id\":\"https:\\\/\\\/www.gasthaus-ogris.at\\\/si\\\/#website\"},\"primaryImageOfPage\":{\"@id\":\"https:\\\/\\\/www.gasthaus-ogris.at\\\/si\\\/geschichte\\\/#primaryimage\"},\"image\":{\"@id\":\"https:\\\/\\\/www.gasthaus-ogris.at\\\/geschichte\\\/#primaryimage\"},\"thumbnailUrl\":\"http:\\\/\\\/www.gasthaus-ogris.at\\\/wp-content\\\/uploads\\\/2016\\\/03\\\/Gasthaus-Ogris-um-1911-300x179.jpg\",\"datePublished\":\"2016-03-14T07:31:20+00:00\",\"dateModified\":\"2026-04-16T06:38:14+00:00\",\"description\":\"Zgodovina gosti\u0161\u010da Ogris: dru\u017einska zgodba tradicije, vztrajnosti in gostoljubja v Ro\u017eu blizu Vrbskega jezera.\",\"breadcrumb\":{\"@id\":\"https:\\\/\\\/www.gasthaus-ogris.at\\\/si\\\/geschichte\\\/#breadcrumb\"},\"inLanguage\":\"si-SI\",\"potentialAction\":[{\"@type\":\"ReadAction\",\"target\":[[\"https:\\\/\\\/www.gasthaus-ogris.at\\\/si\\\/geschichte\\\/\"]]}]},{\"@type\":\"ImageObject\",\"inLanguage\":\"si-SI\",\"@id\":\"https:\\\/\\\/www.gasthaus-ogris.at\\\/si\\\/geschichte\\\/#primaryimage\",\"url\":\"http:\\\/\\\/www.gasthaus-ogris.at\\\/wp-content\\\/uploads\\\/2016\\\/03\\\/Gasthaus-Ogris-um-1911-300x179.jpg\",\"contentUrl\":\"http:\\\/\\\/www.gasthaus-ogris.at\\\/wp-content\\\/uploads\\\/2016\\\/03\\\/Gasthaus-Ogris-um-1911-300x179.jpg\"},{\"@type\":\"BreadcrumbList\",\"@id\":\"https:\\\/\\\/www.gasthaus-ogris.at\\\/si\\\/geschichte\\\/#breadcrumb\",\"itemListElement\":[{\"@type\":\"ListItem\",\"position\":1,\"name\":\"Home\",\"item\":\"https:\\\/\\\/www.gasthaus-ogris.at\\\/si\\\/\"},{\"@type\":\"ListItem\",\"position\":2,\"name\":\"Geschichte\"}]},{\"@type\":\"WebSite\",\"@id\":\"https:\\\/\\\/www.gasthaus-ogris.at\\\/si\\\/#website\",\"url\":\"https:\\\/\\\/www.gasthaus-ogris.at\\\/si\\\/\",\"name\":\"Gasthaus Ogris \u2013 K\u00e4rntner K\u00fcche &amp; Zimmer in Ludmannsdorf | Rosental K\u00e4rnten\",\"description\":\"[:de]Gasthaus Ogris \u2013 K\u00e4rntner K\u00fcche &amp; Zimmer in Ludmannsdorf | Rosental K\u00e4rnten W\u00f6rthersee  [:si]Gosti\u0161\u010de Ogris \u201eMiklav\u017e\u201c \u2013 Bil\u010dovs | Ro\u017e \u2013 Koro\u0161ka  [:it]Trattoria Ogris \u2013 Ludmannsdorf | Carinzia  [:sl]Gostisce Ogris &quot;Miklavz&quot; \u2013 Bilcovs | Roz \u2013 Koroska[:]\",\"publisher\":{\"@id\":\"https:\\\/\\\/www.gasthaus-ogris.at\\\/si\\\/#organization\"},\"potentialAction\":[{\"@type\":\"SearchAction\",\"target\":{\"@type\":\"EntryPoint\",\"urlTemplate\":\"https:\\\/\\\/www.gasthaus-ogris.at\\\/si\\\/?s={search_term_string}\"},\"query-input\":{\"@type\":\"PropertyValueSpecification\",\"valueRequired\":true,\"valueName\":\"search_term_string\"}}],\"inLanguage\":\"si-SI\"},{\"@type\":\"Organization\",\"@id\":\"https:\\\/\\\/www.gasthaus-ogris.at\\\/si\\\/#organization\",\"name\":\"Gasthaus - Gosti\u0161\u010de - Trattoria Ogris\",\"url\":\"https:\\\/\\\/www.gasthaus-ogris.at\\\/si\\\/\",\"logo\":{\"@type\":\"ImageObject\",\"inLanguage\":\"si-SI\",\"@id\":\"https:\\\/\\\/www.gasthaus-ogris.at\\\/si\\\/#\\\/schema\\\/logo\\\/image\\\/\",\"url\":\"https:\\\/\\\/www.gasthaus-ogris.at\\\/wp-content\\\/uploads\\\/2016\\\/03\\\/Header_Logo_Gasthaus_Ogris.png\",\"contentUrl\":\"https:\\\/\\\/www.gasthaus-ogris.at\\\/wp-content\\\/uploads\\\/2016\\\/03\\\/Header_Logo_Gasthaus_Ogris.png\",\"width\":327,\"height\":100,\"caption\":\"Gasthaus - Gosti\u0161\u010de - Trattoria Ogris\"},\"image\":{\"@id\":\"https:\\\/\\\/www.gasthaus-ogris.at\\\/si\\\/#\\\/schema\\\/logo\\\/image\\\/\"},\"sameAs\":[\"https:\\\/\\\/www.facebook.com\\\/GasthausOgris\",\"https:\\\/\\\/x.com\\\/GasthausOgris\"]}]}<\/script>\n<!-- \/ Yoast SEO plugin. -->","yoast_head_json":{"title":"Zgodovina \u2013 Gosti\u0161\u010de Ogris \u201eMiklav\u017e\u201c | tradicija in dru\u017eina v Ro\u017eu blizu Vrbskega jezera","description":"Zgodovina gosti\u0161\u010da Ogris: dru\u017einska zgodba tradicije, vztrajnosti in gostoljubja v Ro\u017eu blizu Vrbskega jezera.","robots":{"index":"index","follow":"follow","max-snippet":"max-snippet:-1","max-image-preview":"max-image-preview:large","max-video-preview":"max-video-preview:-1"},"canonical":"https:\/\/www.gasthaus-ogris.at\/si\/geschichte\/","og_locale":"en_US","og_type":"article","og_title":"Zgodovina \u2013 Gosti\u0161\u010de Ogris \u201eMiklav\u017e\u201c | tradicija in dru\u017eina v Ro\u017eu blizu Vrbskega jezera","og_description":"Zgodovina gosti\u0161\u010da Ogris: dru\u017einska zgodba tradicije, vztrajnosti in gostoljubja v Ro\u017eu blizu Vrbskega jezera.","og_url":"https:\/\/www.gasthaus-ogris.at\/si\/geschichte\/","og_site_name":"Gasthaus Ogris \u2013 K\u00e4rntner K\u00fcche &amp; Zimmer in Ludmannsdorf | Rosental K\u00e4rnten","article_publisher":"https:\/\/www.facebook.com\/GasthausOgris","article_modified_time":"2026-04-16T06:38:14+00:00","og_image":[{"url":"http:\/\/www.gasthaus-ogris.at\/wp-content\/uploads\/2016\/03\/Gasthaus-Ogris-um-1911-300x179.jpg","type":"","width":"","height":""}],"twitter_misc":{"Est. reading time":"5 minutes"},"schema":{"@context":"https:\/\/schema.org","@graph":[{"@type":"WebPage","@id":"https:\/\/www.gasthaus-ogris.at\/si\/geschichte\/","url":"https:\/\/www.gasthaus-ogris.at\/si\/geschichte\/","name":"Zgodovina \u2013 Gosti\u0161\u010de Ogris \u201eMiklav\u017e\u201c | tradicija in dru\u017eina v Ro\u017eu blizu Vrbskega jezera","isPartOf":{"@id":"https:\/\/www.gasthaus-ogris.at\/si\/#website"},"primaryImageOfPage":{"@id":"https:\/\/www.gasthaus-ogris.at\/si\/geschichte\/#primaryimage"},"image":{"@id":"https:\/\/www.gasthaus-ogris.at\/geschichte\/#primaryimage"},"thumbnailUrl":"http:\/\/www.gasthaus-ogris.at\/wp-content\/uploads\/2016\/03\/Gasthaus-Ogris-um-1911-300x179.jpg","datePublished":"2016-03-14T07:31:20+00:00","dateModified":"2026-04-16T06:38:14+00:00","description":"Zgodovina gosti\u0161\u010da Ogris: dru\u017einska zgodba tradicije, vztrajnosti in gostoljubja v Ro\u017eu blizu Vrbskega jezera.","breadcrumb":{"@id":"https:\/\/www.gasthaus-ogris.at\/si\/geschichte\/#breadcrumb"},"inLanguage":"si-SI","potentialAction":[{"@type":"ReadAction","target":[["https:\/\/www.gasthaus-ogris.at\/si\/geschichte\/"]]}]},{"@type":"ImageObject","inLanguage":"si-SI","@id":"https:\/\/www.gasthaus-ogris.at\/si\/geschichte\/#primaryimage","url":"http:\/\/www.gasthaus-ogris.at\/wp-content\/uploads\/2016\/03\/Gasthaus-Ogris-um-1911-300x179.jpg","contentUrl":"http:\/\/www.gasthaus-ogris.at\/wp-content\/uploads\/2016\/03\/Gasthaus-Ogris-um-1911-300x179.jpg"},{"@type":"BreadcrumbList","@id":"https:\/\/www.gasthaus-ogris.at\/si\/geschichte\/#breadcrumb","itemListElement":[{"@type":"ListItem","position":1,"name":"Home","item":"https:\/\/www.gasthaus-ogris.at\/si\/"},{"@type":"ListItem","position":2,"name":"Geschichte"}]},{"@type":"WebSite","@id":"https:\/\/www.gasthaus-ogris.at\/si\/#website","url":"https:\/\/www.gasthaus-ogris.at\/si\/","name":"Gasthaus Ogris \u2013 K\u00e4rntner K\u00fcche &amp; Zimmer in Ludmannsdorf | Rosental K\u00e4rnten","description":"[:de]Gasthaus Ogris \u2013 K\u00e4rntner K\u00fcche &amp; Zimmer in Ludmannsdorf | Rosental K\u00e4rnten W\u00f6rthersee  [:si]Gosti\u0161\u010de Ogris \u201eMiklav\u017e\u201c \u2013 Bil\u010dovs | Ro\u017e \u2013 Koro\u0161ka  [:it]Trattoria Ogris \u2013 Ludmannsdorf | Carinzia  [:sl]Gostisce Ogris &quot;Miklavz&quot; \u2013 Bilcovs | Roz \u2013 Koroska[:]","publisher":{"@id":"https:\/\/www.gasthaus-ogris.at\/si\/#organization"},"potentialAction":[{"@type":"SearchAction","target":{"@type":"EntryPoint","urlTemplate":"https:\/\/www.gasthaus-ogris.at\/si\/?s={search_term_string}"},"query-input":{"@type":"PropertyValueSpecification","valueRequired":true,"valueName":"search_term_string"}}],"inLanguage":"si-SI"},{"@type":"Organization","@id":"https:\/\/www.gasthaus-ogris.at\/si\/#organization","name":"Gasthaus - Gosti\u0161\u010de - Trattoria Ogris","url":"https:\/\/www.gasthaus-ogris.at\/si\/","logo":{"@type":"ImageObject","inLanguage":"si-SI","@id":"https:\/\/www.gasthaus-ogris.at\/si\/#\/schema\/logo\/image\/","url":"https:\/\/www.gasthaus-ogris.at\/wp-content\/uploads\/2016\/03\/Header_Logo_Gasthaus_Ogris.png","contentUrl":"https:\/\/www.gasthaus-ogris.at\/wp-content\/uploads\/2016\/03\/Header_Logo_Gasthaus_Ogris.png","width":327,"height":100,"caption":"Gasthaus - Gosti\u0161\u010de - Trattoria Ogris"},"image":{"@id":"https:\/\/www.gasthaus-ogris.at\/si\/#\/schema\/logo\/image\/"},"sameAs":["https:\/\/www.facebook.com\/GasthausOgris","https:\/\/x.com\/GasthausOgris"]}]}},"_links":{"self":[{"href":"https:\/\/www.gasthaus-ogris.at\/si\/wp-json\/wp\/v2\/pages\/186","targetHints":{"allow":["GET"]}}],"collection":[{"href":"https:\/\/www.gasthaus-ogris.at\/si\/wp-json\/wp\/v2\/pages"}],"about":[{"href":"https:\/\/www.gasthaus-ogris.at\/si\/wp-json\/wp\/v2\/types\/page"}],"author":[{"embeddable":true,"href":"https:\/\/www.gasthaus-ogris.at\/si\/wp-json\/wp\/v2\/users\/3"}],"replies":[{"embeddable":true,"href":"https:\/\/www.gasthaus-ogris.at\/si\/wp-json\/wp\/v2\/comments?post=186"}],"version-history":[{"count":0,"href":"https:\/\/www.gasthaus-ogris.at\/si\/wp-json\/wp\/v2\/pages\/186\/revisions"}],"wp:attachment":[{"href":"https:\/\/www.gasthaus-ogris.at\/si\/wp-json\/wp\/v2\/media?parent=186"}],"curies":[{"name":"wp","href":"https:\/\/api.w.org\/{rel}","templated":true}]}}