{"id":1571,"date":"2020-11-15T10:37:19","date_gmt":"2020-11-15T09:37:19","guid":{"rendered":"https:\/\/www.gasthaus-ogris.at\/?page_id=1571"},"modified":"2025-03-20T16:26:00","modified_gmt":"2025-03-20T15:26:00","slug":"gutschein","status":"publish","type":"page","link":"https:\/\/www.gasthaus-ogris.at\/si\/gutschein\/","title":{"rendered":"Gutschein"},"content":{"rendered":"<p class=\"qtranxs-available-languages-message qtranxs-available-languages-message-si\">Na \u017ealost je ta vpis samo v jeziku  <a href=\"https:\/\/www.gasthaus-ogris.at\/de\/wp-json\/wp\/v2\/pages\/1571\" class=\"qtranxs-available-language-link qtranxs-available-language-link-de\" title=\"Deutsch\">Deutsch<\/a>.<\/p>","protected":false},"excerpt":{"rendered":"<p>Na \u017ealost je ta vpis samo v jeziku Deutsch.<\/p>\n","protected":false},"author":3,"featured_media":0,"parent":0,"menu_order":0,"comment_status":"closed","ping_status":"closed","template":"","meta":{"ngg_post_thumbnail":0,"footnotes":""},"class_list":["post-1571","page","type-page","status-publish","hentry"],"yoast_head":"<!-- This site is optimized with the Yoast SEO plugin v27.3 - https:\/\/yoast.com\/product\/yoast-seo-wordpress\/ -->\n<title>Gutschein - Gasthaus - Gosti\u0161\u010de - Trattoria Ogris<\/title>\n<meta name=\"robots\" content=\"index, follow, max-snippet:-1, max-image-preview:large, max-video-preview:-1\" \/>\n<link rel=\"canonical\" href=\"https:\/\/www.gasthaus-ogris.at\/si\/gutschein\/\" \/>\n<meta property=\"og:locale\" content=\"en_US\" \/>\n<meta property=\"og:type\" content=\"article\" \/>\n<meta property=\"og:title\" content=\"Gutschein - Gasthaus - Gosti\u0161\u010de - Trattoria Ogris\" \/>\n<meta property=\"og:description\" content=\"Na \u017ealost je ta vpis samo v jeziku Deutsch.\" \/>\n<meta property=\"og:url\" content=\"https:\/\/www.gasthaus-ogris.at\/si\/gutschein\/\" \/>\n<meta property=\"og:site_name\" content=\"Gasthaus - Gosti\u0161\u010de - Trattoria Ogris\" \/>\n<meta property=\"article:publisher\" content=\"https:\/\/www.facebook.com\/GasthausOgris\" \/>\n<meta property=\"article:modified_time\" content=\"2025-03-20T15:26:00+00:00\" \/>\n<meta property=\"og:image\" content=\"https:\/\/www.gasthaus-ogris.at\/wp-content\/uploads\/2020\/11\/Gutschein_Beitragsbild_2020.jpg\" \/>\n\t<meta property=\"og:image:width\" content=\"3360\" \/>\n\t<meta property=\"og:image:height\" content=\"1440\" \/>\n\t<meta property=\"og:image:type\" content=\"image\/jpeg\" \/>\n<meta name=\"twitter:label1\" content=\"Est. reading time\" \/>\n\t<meta name=\"twitter:data1\" content=\"2 minutes\" \/>\n<script type=\"application\/ld+json\" class=\"yoast-schema-graph\">{\"@context\":\"https:\\\/\\\/schema.org\",\"@graph\":[{\"@type\":\"WebPage\",\"@id\":\"https:\\\/\\\/www.gasthaus-ogris.at\\\/si\\\/gutschein\\\/\",\"url\":\"https:\\\/\\\/www.gasthaus-ogris.at\\\/si\\\/gutschein\\\/\",\"name\":\"Gutschein - Gasthaus - Gosti\u0161\u010de - Trattoria Ogris\",\"isPartOf\":{\"@id\":\"https:\\\/\\\/www.gasthaus-ogris.at\\\/si\\\/#website\"},\"primaryImageOfPage\":{\"@id\":\"https:\\\/\\\/www.gasthaus-ogris.at\\\/si\\\/gutschein\\\/#primaryimage\"},\"image\":{\"@id\":\"https:\\\/\\\/www.gasthaus-ogris.at\\\/gutschein\\\/#primaryimage\"},\"thumbnailUrl\":\"https:\\\/\\\/www.gasthaus-ogris.at\\\/wp-content\\\/uploads\\\/2020\\\/11\\\/Gutschein_Beitragsbild_2020-1024x439.jpg\",\"datePublished\":\"2020-11-15T09:37:19+00:00\",\"dateModified\":\"2025-03-20T15:26:00+00:00\",\"breadcrumb\":{\"@id\":\"https:\\\/\\\/www.gasthaus-ogris.at\\\/si\\\/gutschein\\\/#breadcrumb\"},\"inLanguage\":\"si-SI\",\"potentialAction\":[{\"@type\":\"ReadAction\",\"target\":[[\"https:\\\/\\\/www.gasthaus-ogris.at\\\/si\\\/gutschein\\\/\"]]}]},{\"@type\":\"ImageObject\",\"inLanguage\":\"si-SI\",\"@id\":\"https:\\\/\\\/www.gasthaus-ogris.at\\\/si\\\/gutschein\\\/#primaryimage\",\"url\":\"https:\\\/\\\/www.gasthaus-ogris.at\\\/wp-content\\\/uploads\\\/2020\\\/11\\\/Gutschein_Beitragsbild_2020-1024x439.jpg\",\"contentUrl\":\"https:\\\/\\\/www.gasthaus-ogris.at\\\/wp-content\\\/uploads\\\/2020\\\/11\\\/Gutschein_Beitragsbild_2020-1024x439.jpg\"},{\"@type\":\"BreadcrumbList\",\"@id\":\"https:\\\/\\\/www.gasthaus-ogris.at\\\/si\\\/gutschein\\\/#breadcrumb\",\"itemListElement\":[{\"@type\":\"ListItem\",\"position\":1,\"name\":\"Home\",\"item\":\"https:\\\/\\\/www.gasthaus-ogris.at\\\/si\\\/\"},{\"@type\":\"ListItem\",\"position\":2,\"name\":\"Gutschein\"}]},{\"@type\":\"WebSite\",\"@id\":\"https:\\\/\\\/www.gasthaus-ogris.at\\\/si\\\/#website\",\"url\":\"https:\\\/\\\/www.gasthaus-ogris.at\\\/si\\\/\",\"name\":\"Gasthaus - Gosti\u0161\u010de - Trattoria Ogris\",\"description\":\"Gosti\u0161\u010de - Gostilna Ogris &quot;Miklav\u017e&quot; v Bil\u010dovsu | Ro\u017e | Koro\u0161ka | Celovec\",\"publisher\":{\"@id\":\"https:\\\/\\\/www.gasthaus-ogris.at\\\/si\\\/#organization\"},\"potentialAction\":[{\"@type\":\"SearchAction\",\"target\":{\"@type\":\"EntryPoint\",\"urlTemplate\":\"https:\\\/\\\/www.gasthaus-ogris.at\\\/si\\\/?s={search_term_string}\"},\"query-input\":{\"@type\":\"PropertyValueSpecification\",\"valueRequired\":true,\"valueName\":\"search_term_string\"}}],\"inLanguage\":\"si-SI\"},{\"@type\":\"Organization\",\"@id\":\"https:\\\/\\\/www.gasthaus-ogris.at\\\/si\\\/#organization\",\"name\":\"Gasthaus - Gosti\u0161\u010de - Trattoria Ogris\",\"url\":\"https:\\\/\\\/www.gasthaus-ogris.at\\\/si\\\/\",\"logo\":{\"@type\":\"ImageObject\",\"inLanguage\":\"si-SI\",\"@id\":\"https:\\\/\\\/www.gasthaus-ogris.at\\\/si\\\/#\\\/schema\\\/logo\\\/image\\\/\",\"url\":\"https:\\\/\\\/www.gasthaus-ogris.at\\\/wp-content\\\/uploads\\\/2016\\\/03\\\/Header_Logo_Gasthaus_Ogris.png\",\"contentUrl\":\"https:\\\/\\\/www.gasthaus-ogris.at\\\/wp-content\\\/uploads\\\/2016\\\/03\\\/Header_Logo_Gasthaus_Ogris.png\",\"width\":327,\"height\":100,\"caption\":\"Gasthaus - Gosti\u0161\u010de - Trattoria Ogris\"},\"image\":{\"@id\":\"https:\\\/\\\/www.gasthaus-ogris.at\\\/si\\\/#\\\/schema\\\/logo\\\/image\\\/\"},\"sameAs\":[\"https:\\\/\\\/www.facebook.com\\\/GasthausOgris\",\"https:\\\/\\\/x.com\\\/GasthausOgris\"]}]}<\/script>\n<!-- \/ Yoast SEO plugin. -->","yoast_head_json":{"title":"Gutschein - Gasthaus - Gosti\u0161\u010de - Trattoria Ogris","robots":{"index":"index","follow":"follow","max-snippet":"max-snippet:-1","max-image-preview":"max-image-preview:large","max-video-preview":"max-video-preview:-1"},"canonical":"https:\/\/www.gasthaus-ogris.at\/si\/gutschein\/","og_locale":"en_US","og_type":"article","og_title":"Gutschein - Gasthaus - Gosti\u0161\u010de - Trattoria Ogris","og_description":"Na \u017ealost je ta vpis samo v jeziku Deutsch.","og_url":"https:\/\/www.gasthaus-ogris.at\/si\/gutschein\/","og_site_name":"Gasthaus - Gosti\u0161\u010de - Trattoria Ogris","article_publisher":"https:\/\/www.facebook.com\/GasthausOgris","article_modified_time":"2025-03-20T15:26:00+00:00","og_image":[{"width":3360,"height":1440,"url":"https:\/\/www.gasthaus-ogris.at\/wp-content\/uploads\/2020\/11\/Gutschein_Beitragsbild_2020.jpg","type":"image\/jpeg"}],"twitter_misc":{"Est. reading time":"2 minutes"},"schema":{"@context":"https:\/\/schema.org","@graph":[{"@type":"WebPage","@id":"https:\/\/www.gasthaus-ogris.at\/si\/gutschein\/","url":"https:\/\/www.gasthaus-ogris.at\/si\/gutschein\/","name":"Gutschein - Gasthaus - Gosti\u0161\u010de - Trattoria Ogris","isPartOf":{"@id":"https:\/\/www.gasthaus-ogris.at\/si\/#website"},"primaryImageOfPage":{"@id":"https:\/\/www.gasthaus-ogris.at\/si\/gutschein\/#primaryimage"},"image":{"@id":"https:\/\/www.gasthaus-ogris.at\/gutschein\/#primaryimage"},"thumbnailUrl":"https:\/\/www.gasthaus-ogris.at\/wp-content\/uploads\/2020\/11\/Gutschein_Beitragsbild_2020-1024x439.jpg","datePublished":"2020-11-15T09:37:19+00:00","dateModified":"2025-03-20T15:26:00+00:00","breadcrumb":{"@id":"https:\/\/www.gasthaus-ogris.at\/si\/gutschein\/#breadcrumb"},"inLanguage":"si-SI","potentialAction":[{"@type":"ReadAction","target":[["https:\/\/www.gasthaus-ogris.at\/si\/gutschein\/"]]}]},{"@type":"ImageObject","inLanguage":"si-SI","@id":"https:\/\/www.gasthaus-ogris.at\/si\/gutschein\/#primaryimage","url":"https:\/\/www.gasthaus-ogris.at\/wp-content\/uploads\/2020\/11\/Gutschein_Beitragsbild_2020-1024x439.jpg","contentUrl":"https:\/\/www.gasthaus-ogris.at\/wp-content\/uploads\/2020\/11\/Gutschein_Beitragsbild_2020-1024x439.jpg"},{"@type":"BreadcrumbList","@id":"https:\/\/www.gasthaus-ogris.at\/si\/gutschein\/#breadcrumb","itemListElement":[{"@type":"ListItem","position":1,"name":"Home","item":"https:\/\/www.gasthaus-ogris.at\/si\/"},{"@type":"ListItem","position":2,"name":"Gutschein"}]},{"@type":"WebSite","@id":"https:\/\/www.gasthaus-ogris.at\/si\/#website","url":"https:\/\/www.gasthaus-ogris.at\/si\/","name":"Gasthaus - Gosti\u0161\u010de - Trattoria Ogris","description":"Gosti\u0161\u010de - Gostilna Ogris &quot;Miklav\u017e&quot; v Bil\u010dovsu | Ro\u017e | Koro\u0161ka | Celovec","publisher":{"@id":"https:\/\/www.gasthaus-ogris.at\/si\/#organization"},"potentialAction":[{"@type":"SearchAction","target":{"@type":"EntryPoint","urlTemplate":"https:\/\/www.gasthaus-ogris.at\/si\/?s={search_term_string}"},"query-input":{"@type":"PropertyValueSpecification","valueRequired":true,"valueName":"search_term_string"}}],"inLanguage":"si-SI"},{"@type":"Organization","@id":"https:\/\/www.gasthaus-ogris.at\/si\/#organization","name":"Gasthaus - Gosti\u0161\u010de - Trattoria Ogris","url":"https:\/\/www.gasthaus-ogris.at\/si\/","logo":{"@type":"ImageObject","inLanguage":"si-SI","@id":"https:\/\/www.gasthaus-ogris.at\/si\/#\/schema\/logo\/image\/","url":"https:\/\/www.gasthaus-ogris.at\/wp-content\/uploads\/2016\/03\/Header_Logo_Gasthaus_Ogris.png","contentUrl":"https:\/\/www.gasthaus-ogris.at\/wp-content\/uploads\/2016\/03\/Header_Logo_Gasthaus_Ogris.png","width":327,"height":100,"caption":"Gasthaus - Gosti\u0161\u010de - Trattoria Ogris"},"image":{"@id":"https:\/\/www.gasthaus-ogris.at\/si\/#\/schema\/logo\/image\/"},"sameAs":["https:\/\/www.facebook.com\/GasthausOgris","https:\/\/x.com\/GasthausOgris"]}]}},"_links":{"self":[{"href":"https:\/\/www.gasthaus-ogris.at\/si\/wp-json\/wp\/v2\/pages\/1571","targetHints":{"allow":["GET"]}}],"collection":[{"href":"https:\/\/www.gasthaus-ogris.at\/si\/wp-json\/wp\/v2\/pages"}],"about":[{"href":"https:\/\/www.gasthaus-ogris.at\/si\/wp-json\/wp\/v2\/types\/page"}],"author":[{"embeddable":true,"href":"https:\/\/www.gasthaus-ogris.at\/si\/wp-json\/wp\/v2\/users\/3"}],"replies":[{"embeddable":true,"href":"https:\/\/www.gasthaus-ogris.at\/si\/wp-json\/wp\/v2\/comments?post=1571"}],"version-history":[{"count":0,"href":"https:\/\/www.gasthaus-ogris.at\/si\/wp-json\/wp\/v2\/pages\/1571\/revisions"}],"wp:attachment":[{"href":"https:\/\/www.gasthaus-ogris.at\/si\/wp-json\/wp\/v2\/media?parent=1571"}],"curies":[{"name":"wp","href":"https:\/\/api.w.org\/{rel}","templated":true}]}}