{"id":46,"date":"2016-03-11T16:16:24","date_gmt":"2016-03-11T15:16:24","guid":{"rendered":"http:\/\/www.gasthaus-ogris.at\/?page_id=46"},"modified":"2026-04-16T08:18:47","modified_gmt":"2026-04-16T06:18:47","slug":"speisekarte","status":"publish","type":"page","link":"https:\/\/www.gasthaus-ogris.at\/it\/speisekarte\/","title":{"rendered":"Menu"},"content":{"rendered":"<p><\/p>\n<p style=\"text-align: center;\">La nostra lunga esperienza e la preparazione tradizionale dei nostri piatti sono il nostro tesoro, con cui desideriamo soddisfare le vostre aspettative.<br \/>\n<!--more--><\/p>\n<p style=\"text-align: center;\">Puntiamo su prodotti locali, realizzati con amore e lavorati con cura. Grazie alla stretta collaborazione con produttori locali e regionali, alla cultura delle trattorie e al Rosentaler Reigen, vi offriamo una selezione ancora pi\u00f9 ampia di specialit\u00e0 regionali, contribuendo allo stesso tempo alla promozione dell&#8217;agricoltura locale.<\/p>\n<p style=\"text-align: center;\">Lasciatevi conquistare dalla nostra cucina tradizionale del Rosental, dalle deliziose specialit\u00e0 alla griglia, dalle varianti di pasta fatta in casa e dalle specialit\u00e0 di pesce delle acque locali. Anche le nostre famose &#8220;torte Ogris&#8221; e i dolci fatti in casa sono un must quando si esplora il nostro menu.<\/p>\n<p style=\"text-align: center;\">Scoprite il gusto della nostra regione e godetevi esperienze culinarie che uniscono tradizione e qualit\u00e0!<\/p>\n<p><div class=\"_3d-flip-book  fb3d-fullscreen-mode full-size\" data-id=\"1684\" data-mode=\"fullscreen\" data-title=\"false\" data-template=\"short-white-book-view\" data-lightbox=\"dark-shadow\" data-urlparam=\"fb3d-page\" data-page-n=\"0\" data-pdf=\"\" data-tax=\"null\" data-thumbnail=\"\" data-cols=\"3\" data-book-template=\"default\" data-trigger=\"\"><\/div><script type=\"text\/javascript\">window.FB3D_CLIENT_DATA = window.FB3D_CLIENT_DATA || [];FB3D_CLIENT_DATA.push('eyJwb3N0cyI6eyIxNjg0Ijp7IklEIjoxNjg0LCJ0aXRsZSI6IlNwZWlzZWthcnRlIEdhc3RoYXVzIE9ncmlzIiwidHlwZSI6InBkZiIsInJlYWR5X2Z1bmN0aW9uIjoiIiwiYm9va19zdHlsZSI6ImZsYXQiLCJib29rX3RlbXBsYXRlIjoibm9uZSIsIm91dGxpbmUiOltdLCJkYXRhIjp7InBvc3RfSUQiOiIyNTc1IiwiZ3VpZCI6Imh0dHBzOlwvXC93d3cuZ2FzdGhhdXMtb2dyaXMuYXRcL3dwLWNvbnRlbnRcL3VwbG9hZHNcLzIwMjFcLzAyXC8yMDI2LVNwZWlzZWthcnRlLTIwN3gyOTdtbS1PZ3Jpcy1ERVNMTy1XRUItb2huZVByZWlzZS5wZGYiLCJwZGZfcGFnZXMiOiIyMCIsInBhZ2VzX2N1c3RvbWl6YXRpb24iOiJub25lIn0sInRodW1ibmFpbCI6eyJkYXRhIjp7InBvc3RfSUQiOiIwIn0sInR5cGUiOiJhdXRvIn0sInByb3BzIjp7ImJhY2tncm91bmRDb2xvciI6ImF1dG8iLCJiYWNrZ3JvdW5kSW1hZ2UiOiJhdXRvIiwiYmFja2dyb3VuZFN0eWxlIjoiYXV0byIsImhpZ2hsaWdodExpbmtzIjoiYXV0byIsImxpZ2h0aW5nIjoiYXV0byIsImNhY2hlZFBhZ2VzIjoiYXV0byIsInJlbmRlckluYWN0aXZlUGFnZXMiOiJhdXRvIiwicmVuZGVySW5hY3RpdmVQYWdlc09uTW9iaWxlIjoiYXV0byIsInJlbmRlcldoaWxlRmxpcHBpbmciOiJhdXRvIiwicHJlbG9hZFBhZ2VzIjoiYXV0byIsImF1dG9QbGF5RHVyYXRpb24iOiJhdXRvIiwicnRsIjoiYXV0byIsImludGVyYWN0aXZlQ29ybmVycyI6ImF1dG8iLCJtYXhEZXB0aCI6ImF1dG8iLCJzaGVldCI6eyJzdGFydFZlbG9jaXR5IjoiYXV0byIsIndhdmUiOiJhdXRvIiwic2hhcGUiOiJhdXRvIiwid2lkdGhUZXhlbHMiOiJhdXRvIiwiY29sb3IiOiJhdXRvIiwic2lkZSI6ImF1dG8iLCJjb3JuZXJEZXZpYXRpb24iOiJhdXRvIiwiZmxleGliaWxpdHkiOiJhdXRvIiwiZmxleGlibGVDb3JuZXIiOiJhdXRvIiwiYmVuZGluZyI6ImF1dG8iLCJoZWlnaHRUZXhlbHMiOiJhdXRvIn0sImNvdmVyIjp7IndhdmUiOiJhdXRvIiwiY29sb3IiOiJhdXRvIiwic2lkZSI6ImF1dG8iLCJiaW5kZXJUZXh0dXJlIjoiYXV0byIsImRlcHRoIjoiYXV0byIsInBhZGRpbmciOiJhdXRvIiwic3RhcnRWZWxvY2l0eSI6ImF1dG8iLCJmbGV4aWJpbGl0eSI6ImF1dG8iLCJmbGV4aWJsZUNvcm5lciI6ImF1dG8iLCJiZW5kaW5nIjoiYXV0byIsIndpZHRoVGV4ZWxzIjoiYXV0byIsImhlaWdodFRleGVscyI6ImF1dG8iLCJtYXNzIjoiYXV0byIsInNoYXBlIjoiYXV0byJ9LCJwYWdlIjp7IndhdmUiOiJhdXRvIiwiY29sb3IiOiJhdXRvIiwic2lkZSI6ImF1dG8iLCJkZXB0aCI6ImF1dG8iLCJzdGFydFZlbG9jaXR5IjoiYXV0byIsImZsZXhpYmlsaXR5IjoiYXV0byIsImZsZXhpYmxlQ29ybmVyIjoiYXV0byIsImJlbmRpbmciOiJhdXRvIiwid2lkdGhUZXhlbHMiOiJhdXRvIiwiaGVpZ2h0VGV4ZWxzIjoiYXV0byIsIm1hc3MiOiJhdXRvIiwic2hhcGUiOiJhdXRvIn0sImhlaWdodCI6ImF1dG8iLCJ3aWR0aCI6ImF1dG8iLCJncmF2aXR5IjoiYXV0byIsInBhZ2VzRm9yUHJlZGljdGluZyI6ImF1dG8ifSwiY29udHJvbFByb3BzIjp7ImFjdGlvbnMiOnsiY21kVG9jIjp7ImVuYWJsZWQiOiJhdXRvIiwiZW5hYmxlZEluTmFycm93IjoiYXV0byIsImFjdGl2ZSI6ImF1dG8iLCJkZWZhdWx0VGFiIjoiYXV0byJ9LCJjbWRBdXRvUGxheSI6eyJlbmFibGVkIjoiYXV0byIsImVuYWJsZWRJbk5hcnJvdyI6ImF1dG8iLCJhY3RpdmUiOiJhdXRvIn0sImNtZFNhdmUiOnsiZW5hYmxlZCI6ImF1dG8iLCJlbmFibGVkSW5OYXJyb3ciOiJhdXRvIn0sImNtZFByaW50Ijp7ImVuYWJsZWQiOiJhdXRvIiwiZW5hYmxlZEluTmFycm93IjoiYXV0byJ9LCJjbWRTaW5nbGVQYWdlIjp7ImVuYWJsZWQiOiJhdXRvIiwiZW5hYmxlZEluTmFycm93IjoiYXV0byIsImFjdGl2ZSI6ImF1dG8iLCJhY3RpdmVGb3JNb2JpbGUiOiJhdXRvIn0sIndpZFRvb2xiYXIiOnsiZW5hYmxlZCI6ImF1dG8iLCJlbmFibGVkSW5OYXJyb3ciOiJhdXRvIn19fSwiYXV0b1RodW1ibmFpbCI6Imh0dHBzOlwvXC93d3cuZ2FzdGhhdXMtb2dyaXMuYXRcL3dwLWNvbnRlbnRcL3VwbG9hZHNcLzNkLWZsaXAtYm9va1wvYXV0by10aHVtYm5haWxzXC8xNjg0LnBuZyIsInBvc3RfbmFtZSI6InNwZWlzZWthcnRlLWdhc3RoYXVzLW9ncmlzIiwicG9zdF90eXBlIjoiM2QtZmxpcC1ib29rIn19LCJwYWdlcyI6W10sImZpcnN0UGFnZXMiOltdfQ==');window.FB3D_CLIENT_LOCALE && FB3D_CLIENT_LOCALE.render && FB3D_CLIENT_LOCALE.render();<\/script><\/p>","protected":false},"excerpt":{"rendered":"<p>Ci spiace, ma questo articolo \u00e8 disponibile soltanto in Deutsch.<\/p>\n","protected":false},"author":3,"featured_media":26,"parent":0,"menu_order":0,"comment_status":"closed","ping_status":"closed","template":"full-width.php","meta":{"ngg_post_thumbnail":0,"footnotes":""},"class_list":["post-46","page","type-page","status-publish","has-post-thumbnail","hentry"],"yoast_head":"<!-- This site is optimized with the Yoast SEO plugin v27.4 - https:\/\/yoast.com\/product\/yoast-seo-wordpress\/ -->\n<title>Menu \u2013 cucina carinziana e piatti stagionali vicino al Lago W\u00f6rthersee | Trattoria Ogris<\/title>\n<meta name=\"description\" content=\"Menu della Trattoria Ogris: specialit\u00e0 carinziane, piatti stagionali e cucina calda tutto il giorno nel Rosental vicino al Lago W\u00f6rthersee. Scopri e prenota ora!\" \/>\n<meta name=\"robots\" content=\"index, follow, max-snippet:-1, max-image-preview:large, max-video-preview:-1\" \/>\n<link rel=\"canonical\" href=\"https:\/\/www.gasthaus-ogris.at\/it\/speisekarte\/\" \/>\n<meta property=\"og:locale\" content=\"it_IT\" \/>\n<meta property=\"og:type\" content=\"article\" \/>\n<meta property=\"og:title\" content=\"Menu \u2013 cucina carinziana e piatti stagionali vicino al Lago W\u00f6rthersee | Trattoria Ogris\" \/>\n<meta property=\"og:description\" content=\"Menu della Trattoria Ogris: specialit\u00e0 carinziane, piatti stagionali e cucina calda tutto il giorno nel Rosental vicino al Lago W\u00f6rthersee. Scopri e prenota ora!\" \/>\n<meta property=\"og:url\" content=\"https:\/\/www.gasthaus-ogris.at\/it\/speisekarte\/\" \/>\n<meta property=\"og:site_name\" content=\"Gasthaus Ogris \u2013 K\u00e4rntner K\u00fcche &amp; Zimmer in Ludmannsdorf | Rosental K\u00e4rnten\" \/>\n<meta property=\"article:publisher\" content=\"https:\/\/www.facebook.com\/GasthausOgris\" \/>\n<meta property=\"article:modified_time\" content=\"2026-04-16T06:18:47+00:00\" \/>\n<meta property=\"og:image\" content=\"https:\/\/www.gasthaus-ogris.at\/wp-content\/uploads\/2016\/03\/Rosentaler_Forellenfilet.jpg\" \/>\n\t<meta property=\"og:image:width\" content=\"1766\" \/>\n\t<meta property=\"og:image:height\" content=\"757\" \/>\n\t<meta property=\"og:image:type\" content=\"image\/jpeg\" \/>\n<meta name=\"twitter:label1\" content=\"Tempo di lettura stimato\" \/>\n\t<meta name=\"twitter:data1\" content=\"2 minuti\" \/>\n<script type=\"application\/ld+json\" class=\"yoast-schema-graph\">{\"@context\":\"https:\\\/\\\/schema.org\",\"@graph\":[{\"@type\":\"WebPage\",\"@id\":\"https:\\\/\\\/www.gasthaus-ogris.at\\\/it\\\/speisekarte\\\/\",\"url\":\"https:\\\/\\\/www.gasthaus-ogris.at\\\/it\\\/speisekarte\\\/\",\"name\":\"Menu \u2013 cucina carinziana e piatti stagionali vicino al Lago W\u00f6rthersee | Trattoria Ogris\",\"isPartOf\":{\"@id\":\"https:\\\/\\\/www.gasthaus-ogris.at\\\/it\\\/#website\"},\"primaryImageOfPage\":{\"@id\":\"https:\\\/\\\/www.gasthaus-ogris.at\\\/it\\\/speisekarte\\\/#primaryimage\"},\"image\":{\"@id\":\"https:\\\/\\\/www.gasthaus-ogris.at\\\/speisekarte\\\/#primaryimage\"},\"thumbnailUrl\":\"https:\\\/\\\/www.gasthaus-ogris.at\\\/wp-content\\\/uploads\\\/2016\\\/03\\\/Rosentaler_Forellenfilet.jpg\",\"datePublished\":\"2016-03-11T15:16:24+00:00\",\"dateModified\":\"2026-04-16T06:18:47+00:00\",\"description\":\"Menu della Trattoria Ogris: specialit\u00e0 carinziane, piatti stagionali e cucina calda tutto il giorno nel Rosental vicino al Lago W\u00f6rthersee. Scopri e prenota ora!\",\"breadcrumb\":{\"@id\":\"https:\\\/\\\/www.gasthaus-ogris.at\\\/it\\\/speisekarte\\\/#breadcrumb\"},\"inLanguage\":\"it-IT\",\"potentialAction\":[{\"@type\":\"ReadAction\",\"target\":[[\"https:\\\/\\\/www.gasthaus-ogris.at\\\/it\\\/speisekarte\\\/\"]]}]},{\"@type\":\"ImageObject\",\"inLanguage\":\"it-IT\",\"@id\":\"https:\\\/\\\/www.gasthaus-ogris.at\\\/it\\\/speisekarte\\\/#primaryimage\",\"url\":\"https:\\\/\\\/www.gasthaus-ogris.at\\\/wp-content\\\/uploads\\\/2016\\\/03\\\/Rosentaler_Forellenfilet.jpg\",\"contentUrl\":\"https:\\\/\\\/www.gasthaus-ogris.at\\\/wp-content\\\/uploads\\\/2016\\\/03\\\/Rosentaler_Forellenfilet.jpg\",\"width\":1766,\"height\":757,\"caption\":\"Gasthaus-Ogris-Forellenfilet-nach-Rosentaler-Art\"},{\"@type\":\"BreadcrumbList\",\"@id\":\"https:\\\/\\\/www.gasthaus-ogris.at\\\/it\\\/speisekarte\\\/#breadcrumb\",\"itemListElement\":[{\"@type\":\"ListItem\",\"position\":1,\"name\":\"Home\",\"item\":\"https:\\\/\\\/www.gasthaus-ogris.at\\\/it\\\/\"},{\"@type\":\"ListItem\",\"position\":2,\"name\":\"Speisekarte\"}]},{\"@type\":\"WebSite\",\"@id\":\"https:\\\/\\\/www.gasthaus-ogris.at\\\/it\\\/#website\",\"url\":\"https:\\\/\\\/www.gasthaus-ogris.at\\\/it\\\/\",\"name\":\"Gasthaus Ogris \u2013 K\u00e4rntner K\u00fcche &amp; Zimmer in Ludmannsdorf | Rosental K\u00e4rnten\",\"description\":\"[:de]Gasthaus Ogris \u2013 K\u00e4rntner K\u00fcche &amp; Zimmer in Ludmannsdorf | Rosental K\u00e4rnten W\u00f6rthersee  [:si]Gosti\u0161\u010de Ogris \u201eMiklav\u017e\u201c \u2013 Bil\u010dovs | Ro\u017e \u2013 Koro\u0161ka  [:it]Trattoria Ogris \u2013 Ludmannsdorf | Carinzia  [:sl]Gostisce Ogris &quot;Miklavz&quot; \u2013 Bilcovs | Roz \u2013 Koroska[:]\",\"publisher\":{\"@id\":\"https:\\\/\\\/www.gasthaus-ogris.at\\\/it\\\/#organization\"},\"potentialAction\":[{\"@type\":\"SearchAction\",\"target\":{\"@type\":\"EntryPoint\",\"urlTemplate\":\"https:\\\/\\\/www.gasthaus-ogris.at\\\/it\\\/?s={search_term_string}\"},\"query-input\":{\"@type\":\"PropertyValueSpecification\",\"valueRequired\":true,\"valueName\":\"search_term_string\"}}],\"inLanguage\":\"it-IT\"},{\"@type\":\"Organization\",\"@id\":\"https:\\\/\\\/www.gasthaus-ogris.at\\\/it\\\/#organization\",\"name\":\"Gasthaus - Gosti\u0161\u010de - Trattoria Ogris\",\"url\":\"https:\\\/\\\/www.gasthaus-ogris.at\\\/it\\\/\",\"logo\":{\"@type\":\"ImageObject\",\"inLanguage\":\"it-IT\",\"@id\":\"https:\\\/\\\/www.gasthaus-ogris.at\\\/it\\\/#\\\/schema\\\/logo\\\/image\\\/\",\"url\":\"https:\\\/\\\/www.gasthaus-ogris.at\\\/wp-content\\\/uploads\\\/2016\\\/03\\\/Header_Logo_Gasthaus_Ogris.png\",\"contentUrl\":\"https:\\\/\\\/www.gasthaus-ogris.at\\\/wp-content\\\/uploads\\\/2016\\\/03\\\/Header_Logo_Gasthaus_Ogris.png\",\"width\":327,\"height\":100,\"caption\":\"Gasthaus - Gosti\u0161\u010de - Trattoria Ogris\"},\"image\":{\"@id\":\"https:\\\/\\\/www.gasthaus-ogris.at\\\/it\\\/#\\\/schema\\\/logo\\\/image\\\/\"},\"sameAs\":[\"https:\\\/\\\/www.facebook.com\\\/GasthausOgris\",\"https:\\\/\\\/x.com\\\/GasthausOgris\"]}]}<\/script>\n<!-- \/ Yoast SEO plugin. -->","yoast_head_json":{"title":"Menu \u2013 cucina carinziana e piatti stagionali vicino al Lago W\u00f6rthersee | Trattoria Ogris","description":"Menu della Trattoria Ogris: specialit\u00e0 carinziane, piatti stagionali e cucina calda tutto il giorno nel Rosental vicino al Lago W\u00f6rthersee. Scopri e prenota ora!","robots":{"index":"index","follow":"follow","max-snippet":"max-snippet:-1","max-image-preview":"max-image-preview:large","max-video-preview":"max-video-preview:-1"},"canonical":"https:\/\/www.gasthaus-ogris.at\/it\/speisekarte\/","og_locale":"it_IT","og_type":"article","og_title":"Menu \u2013 cucina carinziana e piatti stagionali vicino al Lago W\u00f6rthersee | Trattoria Ogris","og_description":"Menu della Trattoria Ogris: specialit\u00e0 carinziane, piatti stagionali e cucina calda tutto il giorno nel Rosental vicino al Lago W\u00f6rthersee. Scopri e prenota ora!","og_url":"https:\/\/www.gasthaus-ogris.at\/it\/speisekarte\/","og_site_name":"Gasthaus Ogris \u2013 K\u00e4rntner K\u00fcche &amp; Zimmer in Ludmannsdorf | Rosental K\u00e4rnten","article_publisher":"https:\/\/www.facebook.com\/GasthausOgris","article_modified_time":"2026-04-16T06:18:47+00:00","og_image":[{"width":1766,"height":757,"url":"https:\/\/www.gasthaus-ogris.at\/wp-content\/uploads\/2016\/03\/Rosentaler_Forellenfilet.jpg","type":"image\/jpeg"}],"twitter_misc":{"Tempo di lettura stimato":"2 minuti"},"schema":{"@context":"https:\/\/schema.org","@graph":[{"@type":"WebPage","@id":"https:\/\/www.gasthaus-ogris.at\/it\/speisekarte\/","url":"https:\/\/www.gasthaus-ogris.at\/it\/speisekarte\/","name":"Menu \u2013 cucina carinziana e piatti stagionali vicino al Lago W\u00f6rthersee | Trattoria Ogris","isPartOf":{"@id":"https:\/\/www.gasthaus-ogris.at\/it\/#website"},"primaryImageOfPage":{"@id":"https:\/\/www.gasthaus-ogris.at\/it\/speisekarte\/#primaryimage"},"image":{"@id":"https:\/\/www.gasthaus-ogris.at\/speisekarte\/#primaryimage"},"thumbnailUrl":"https:\/\/www.gasthaus-ogris.at\/wp-content\/uploads\/2016\/03\/Rosentaler_Forellenfilet.jpg","datePublished":"2016-03-11T15:16:24+00:00","dateModified":"2026-04-16T06:18:47+00:00","description":"Menu della Trattoria Ogris: specialit\u00e0 carinziane, piatti stagionali e cucina calda tutto il giorno nel Rosental vicino al Lago W\u00f6rthersee. Scopri e prenota ora!","breadcrumb":{"@id":"https:\/\/www.gasthaus-ogris.at\/it\/speisekarte\/#breadcrumb"},"inLanguage":"it-IT","potentialAction":[{"@type":"ReadAction","target":[["https:\/\/www.gasthaus-ogris.at\/it\/speisekarte\/"]]}]},{"@type":"ImageObject","inLanguage":"it-IT","@id":"https:\/\/www.gasthaus-ogris.at\/it\/speisekarte\/#primaryimage","url":"https:\/\/www.gasthaus-ogris.at\/wp-content\/uploads\/2016\/03\/Rosentaler_Forellenfilet.jpg","contentUrl":"https:\/\/www.gasthaus-ogris.at\/wp-content\/uploads\/2016\/03\/Rosentaler_Forellenfilet.jpg","width":1766,"height":757,"caption":"Gasthaus-Ogris-Forellenfilet-nach-Rosentaler-Art"},{"@type":"BreadcrumbList","@id":"https:\/\/www.gasthaus-ogris.at\/it\/speisekarte\/#breadcrumb","itemListElement":[{"@type":"ListItem","position":1,"name":"Home","item":"https:\/\/www.gasthaus-ogris.at\/it\/"},{"@type":"ListItem","position":2,"name":"Speisekarte"}]},{"@type":"WebSite","@id":"https:\/\/www.gasthaus-ogris.at\/it\/#website","url":"https:\/\/www.gasthaus-ogris.at\/it\/","name":"Gasthaus Ogris \u2013 K\u00e4rntner K\u00fcche &amp; Zimmer in Ludmannsdorf | Rosental K\u00e4rnten","description":"[:de]Gasthaus Ogris \u2013 K\u00e4rntner K\u00fcche &amp; Zimmer in Ludmannsdorf | Rosental K\u00e4rnten W\u00f6rthersee  [:si]Gosti\u0161\u010de Ogris \u201eMiklav\u017e\u201c \u2013 Bil\u010dovs | Ro\u017e \u2013 Koro\u0161ka  [:it]Trattoria Ogris \u2013 Ludmannsdorf | Carinzia  [:sl]Gostisce Ogris &quot;Miklavz&quot; \u2013 Bilcovs | Roz \u2013 Koroska[:]","publisher":{"@id":"https:\/\/www.gasthaus-ogris.at\/it\/#organization"},"potentialAction":[{"@type":"SearchAction","target":{"@type":"EntryPoint","urlTemplate":"https:\/\/www.gasthaus-ogris.at\/it\/?s={search_term_string}"},"query-input":{"@type":"PropertyValueSpecification","valueRequired":true,"valueName":"search_term_string"}}],"inLanguage":"it-IT"},{"@type":"Organization","@id":"https:\/\/www.gasthaus-ogris.at\/it\/#organization","name":"Gasthaus - Gosti\u0161\u010de - Trattoria Ogris","url":"https:\/\/www.gasthaus-ogris.at\/it\/","logo":{"@type":"ImageObject","inLanguage":"it-IT","@id":"https:\/\/www.gasthaus-ogris.at\/it\/#\/schema\/logo\/image\/","url":"https:\/\/www.gasthaus-ogris.at\/wp-content\/uploads\/2016\/03\/Header_Logo_Gasthaus_Ogris.png","contentUrl":"https:\/\/www.gasthaus-ogris.at\/wp-content\/uploads\/2016\/03\/Header_Logo_Gasthaus_Ogris.png","width":327,"height":100,"caption":"Gasthaus - Gosti\u0161\u010de - Trattoria Ogris"},"image":{"@id":"https:\/\/www.gasthaus-ogris.at\/it\/#\/schema\/logo\/image\/"},"sameAs":["https:\/\/www.facebook.com\/GasthausOgris","https:\/\/x.com\/GasthausOgris"]}]}},"_links":{"self":[{"href":"https:\/\/www.gasthaus-ogris.at\/it\/wp-json\/wp\/v2\/pages\/46","targetHints":{"allow":["GET"]}}],"collection":[{"href":"https:\/\/www.gasthaus-ogris.at\/it\/wp-json\/wp\/v2\/pages"}],"about":[{"href":"https:\/\/www.gasthaus-ogris.at\/it\/wp-json\/wp\/v2\/types\/page"}],"author":[{"embeddable":true,"href":"https:\/\/www.gasthaus-ogris.at\/it\/wp-json\/wp\/v2\/users\/3"}],"replies":[{"embeddable":true,"href":"https:\/\/www.gasthaus-ogris.at\/it\/wp-json\/wp\/v2\/comments?post=46"}],"version-history":[{"count":3,"href":"https:\/\/www.gasthaus-ogris.at\/it\/wp-json\/wp\/v2\/pages\/46\/revisions"}],"predecessor-version":[{"id":3515,"href":"https:\/\/www.gasthaus-ogris.at\/it\/wp-json\/wp\/v2\/pages\/46\/revisions\/3515"}],"wp:featuredmedia":[{"embeddable":true,"href":"https:\/\/www.gasthaus-ogris.at\/it\/wp-json\/wp\/v2\/media\/26"}],"wp:attachment":[{"href":"https:\/\/www.gasthaus-ogris.at\/it\/wp-json\/wp\/v2\/media?parent=46"}],"curies":[{"name":"wp","href":"https:\/\/api.w.org\/{rel}","templated":true}]}}