{"id":3551,"date":"2026-04-16T08:53:46","date_gmt":"2026-04-16T06:53:46","guid":{"rendered":"https:\/\/www.gasthaus-ogris.at\/?page_id=3551"},"modified":"2026-04-16T08:53:46","modified_gmt":"2026-04-16T06:53:46","slug":"veranstaltungen-in-ludmannsdorf","status":"publish","type":"page","link":"https:\/\/www.gasthaus-ogris.at\/it\/veranstaltungen-in-ludmannsdorf\/","title":{"rendered":"Eventi"},"content":{"rendered":"<p><\/p>\n<h1 style=\"text-align: center;\">Eventi a Ludmannsdorf<\/h1>\n<p style=\"text-align: center;\"><div class=\"_3d-flip-book  fb3d-fullscreen-mode full-size\" data-id=\"2854\" data-mode=\"fullscreen\" data-title=\"false\" data-template=\"short-white-book-view\" data-lightbox=\"dark-shadow\" data-urlparam=\"fb3d-page\" data-page-n=\"0\" data-pdf=\"\" data-tax=\"null\" data-thumbnail=\"\" data-cols=\"3\" data-book-template=\"default\" data-trigger=\"\"><\/div><script type=\"text\/javascript\">window.FB3D_CLIENT_DATA = window.FB3D_CLIENT_DATA || [];FB3D_CLIENT_DATA.push('eyJwb3N0cyI6eyIyODU0Ijp7IklEIjoyODU0LCJ0aXRsZSI6IlZlcmFuc3RhbHR1bmdlbiBpbiBMdWRtYW5uc2RvcmYgMjAyNSIsInR5cGUiOiJwZGYiLCJyZWFkeV9mdW5jdGlvbiI6IiIsImJvb2tfc3R5bGUiOiJmbGF0IiwiYm9va190ZW1wbGF0ZSI6Im5vbmUiLCJvdXRsaW5lIjpbXSwiZGF0YSI6eyJwb3N0X0lEIjoiMjk2MyIsImd1aWQiOiJodHRwczpcL1wvd3d3Lmdhc3RoYXVzLW9ncmlzLmF0XC93cC1jb250ZW50XC91cGxvYWRzXC8yMDI1XC8wM1wvR2VtZWluZGVfTHVkbWFubnNkb3JmX0JpbGNvdnNfVmVyYW5zdGFsdHVuZ3NrYWxlbmRlcl8yMDI1X0dhc3RoYXVzX09ncmlzLnBkZiIsInBkZl9wYWdlcyI6IjIiLCJwYWdlc19jdXN0b21pemF0aW9uIjoibm9uZSJ9LCJ0aHVtYm5haWwiOnsiZGF0YSI6eyJwb3N0X0lEIjoiMCJ9LCJ0eXBlIjoiYXV0byJ9LCJwcm9wcyI6eyJiYWNrZ3JvdW5kQ29sb3IiOiJhdXRvIiwiYmFja2dyb3VuZEltYWdlIjoiYXV0byIsImJhY2tncm91bmRTdHlsZSI6ImF1dG8iLCJoaWdobGlnaHRMaW5rcyI6ImF1dG8iLCJsaWdodGluZyI6ImF1dG8iLCJzaW5nbGVQYWdlTW9kZSI6ImF1dG8iLCJjYWNoZWRQYWdlcyI6ImF1dG8iLCJyZW5kZXJJbmFjdGl2ZVBhZ2VzIjoiYXV0byIsInJlbmRlckluYWN0aXZlUGFnZXNPbk1vYmlsZSI6ImF1dG8iLCJyZW5kZXJXaGlsZUZsaXBwaW5nIjoiYXV0byIsInByZWxvYWRQYWdlcyI6ImF1dG8iLCJhdXRvUGxheUR1cmF0aW9uIjoiYXV0byIsInJ0bCI6ImF1dG8iLCJpbnRlcmFjdGl2ZUNvcm5lcnMiOiJhdXRvIiwibWF4RGVwdGgiOiJhdXRvIiwic2hlZXQiOnsic3RhcnRWZWxvY2l0eSI6ImF1dG8iLCJ3YXZlIjoiYXV0byIsInNoYXBlIjoiYXV0byIsIndpZHRoVGV4ZWxzIjoiYXV0byIsImNvbG9yIjoiYXV0byIsInNpZGUiOiJhdXRvIiwic3RyZXRjaEltYWdlcyI6ImF1dG8iLCJjb3JuZXJEZXZpYXRpb24iOiJhdXRvIiwiZmxleGliaWxpdHkiOiJhdXRvIiwiZmxleGlibGVDb3JuZXIiOiJhdXRvIiwiYmVuZGluZyI6ImF1dG8iLCJoZWlnaHRUZXhlbHMiOiJhdXRvIn0sImNvdmVyIjp7IndhdmUiOiJhdXRvIiwiY29sb3IiOiJhdXRvIiwic2lkZSI6ImF1dG8iLCJzdHJldGNoSW1hZ2VzIjoiYXV0byIsImJpbmRlclRleHR1cmUiOiJhdXRvIiwiZGVwdGgiOiJhdXRvIiwicGFkZGluZyI6ImF1dG8iLCJzdGFydFZlbG9jaXR5IjoiYXV0byIsImZsZXhpYmlsaXR5IjoiYXV0byIsImZsZXhpYmxlQ29ybmVyIjoiYXV0byIsImJlbmRpbmciOiJhdXRvIiwid2lkdGhUZXhlbHMiOiJhdXRvIiwiaGVpZ2h0VGV4ZWxzIjoiYXV0byIsIm1hc3MiOiJhdXRvIiwic2hhcGUiOiJhdXRvIn0sInBhZ2UiOnsid2F2ZSI6ImF1dG8iLCJjb2xvciI6ImF1dG8iLCJzaWRlIjoiYXV0byIsInN0cmV0Y2hJbWFnZXMiOiJhdXRvIiwiZGVwdGgiOiJhdXRvIiwic3RhcnRWZWxvY2l0eSI6ImF1dG8iLCJmbGV4aWJpbGl0eSI6ImF1dG8iLCJmbGV4aWJsZUNvcm5lciI6ImF1dG8iLCJiZW5kaW5nIjoiYXV0byIsIndpZHRoVGV4ZWxzIjoiYXV0byIsImhlaWdodFRleGVscyI6ImF1dG8iLCJtYXNzIjoiYXV0byIsInNoYXBlIjoiYXV0byJ9LCJoZWlnaHQiOiJhdXRvIiwid2lkdGgiOiJhdXRvIiwiZ3Jhdml0eSI6ImF1dG8iLCJwYWdlc0ZvclByZWRpY3RpbmciOiJhdXRvIn0sImNvbnRyb2xQcm9wcyI6eyJhY3Rpb25zIjp7ImNtZFRvYyI6eyJlbmFibGVkIjoiYXV0byIsImVuYWJsZWRJbk5hcnJvdyI6ImF1dG8iLCJhY3RpdmUiOiJhdXRvIiwiZGVmYXVsdFRhYiI6ImF1dG8ifSwiY21kQXV0b1BsYXkiOnsiZW5hYmxlZCI6ImF1dG8iLCJlbmFibGVkSW5OYXJyb3ciOiJhdXRvIiwiYWN0aXZlIjoiYXV0byJ9LCJjbWRTYXZlIjp7ImVuYWJsZWQiOiJhdXRvIiwiZW5hYmxlZEluTmFycm93IjoiYXV0byJ9LCJjbWRQcmludCI6eyJlbmFibGVkIjoiYXV0byIsImVuYWJsZWRJbk5hcnJvdyI6ImF1dG8ifSwiY21kU2luZ2xlUGFnZSI6eyJlbmFibGVkIjoiYXV0byIsImVuYWJsZWRJbk5hcnJvdyI6ImF1dG8iLCJhY3RpdmUiOiJhdXRvIiwiYWN0aXZlRm9yTW9iaWxlIjoiYXV0byJ9LCJ3aWRUb29sYmFyIjp7ImVuYWJsZWQiOiJhdXRvIiwiZW5hYmxlZEluTmFycm93IjoiYXV0byJ9fX0sImF1dG9UaHVtYm5haWwiOiJodHRwczpcL1wvd3d3Lmdhc3RoYXVzLW9ncmlzLmF0XC93cC1jb250ZW50XC91cGxvYWRzXC8zZC1mbGlwLWJvb2tcL2F1dG8tdGh1bWJuYWlsc1wvMjg1NC5wbmciLCJwb3N0X25hbWUiOiJ2ZXJhbnN0YWx0dW5nZW4taW4tbHVkbWFubnNkb3JmLTIwMjUiLCJwb3N0X3R5cGUiOiIzZC1mbGlwLWJvb2sifX0sInBhZ2VzIjpbXSwiZmlyc3RQYWdlcyI6W119');window.FB3D_CLIENT_LOCALE && FB3D_CLIENT_LOCALE.render && FB3D_CLIENT_LOCALE.render();<\/script><\/p>\n<p><\/p>","protected":false},"excerpt":{"rendered":"<p>Eventi a Ludmannsdorf<\/p>\n","protected":false},"author":3,"featured_media":0,"parent":0,"menu_order":0,"comment_status":"closed","ping_status":"closed","template":"","meta":{"ngg_post_thumbnail":0,"footnotes":""},"class_list":["post-3551","page","type-page","status-publish","hentry"],"yoast_head":"<!-- This site is optimized with the Yoast SEO plugin v27.4 - https:\/\/yoast.com\/product\/yoast-seo-wordpress\/ -->\n<title>Eventi a Ludmannsdorf \u2013 manifestazioni nel Rosental vicino al Lago W\u00f6rthersee | Trattoria Ogris<\/title>\n<meta name=\"description\" content=\"Eventi a Ludmannsdorf e nel Rosental: feste, mercati e manifestazioni vicino al Lago W\u00f6rthersee. Scopri anche la Trattoria Ogris.\" \/>\n<meta name=\"robots\" content=\"index, follow, max-snippet:-1, max-image-preview:large, max-video-preview:-1\" \/>\n<link rel=\"canonical\" href=\"https:\/\/www.gasthaus-ogris.at\/it\/veranstaltungen-in-ludmannsdorf\/\" \/>\n<meta property=\"og:locale\" content=\"it_IT\" \/>\n<meta property=\"og:type\" content=\"article\" \/>\n<meta property=\"og:title\" content=\"Eventi a Ludmannsdorf \u2013 manifestazioni nel Rosental vicino al Lago W\u00f6rthersee | Trattoria Ogris\" \/>\n<meta property=\"og:description\" content=\"Eventi a Ludmannsdorf e nel Rosental: feste, mercati e manifestazioni vicino al Lago W\u00f6rthersee. Scopri anche la Trattoria Ogris.\" \/>\n<meta property=\"og:url\" content=\"https:\/\/www.gasthaus-ogris.at\/it\/veranstaltungen-in-ludmannsdorf\/\" \/>\n<meta property=\"og:site_name\" content=\"Gasthaus Ogris \u2013 K\u00e4rntner K\u00fcche &amp; Zimmer in Ludmannsdorf | Rosental K\u00e4rnten\" \/>\n<meta property=\"article:publisher\" content=\"https:\/\/www.facebook.com\/GasthausOgris\" \/>\n<meta name=\"twitter:label1\" content=\"Tempo di lettura stimato\" \/>\n\t<meta name=\"twitter:data1\" content=\"1 minuto\" \/>\n<script type=\"application\/ld+json\" class=\"yoast-schema-graph\">{\"@context\":\"https:\\\/\\\/schema.org\",\"@graph\":[{\"@type\":\"WebPage\",\"@id\":\"https:\\\/\\\/www.gasthaus-ogris.at\\\/it\\\/veranstaltungen-in-ludmannsdorf\\\/\",\"url\":\"https:\\\/\\\/www.gasthaus-ogris.at\\\/it\\\/veranstaltungen-in-ludmannsdorf\\\/\",\"name\":\"Eventi a Ludmannsdorf \u2013 manifestazioni nel Rosental vicino al Lago W\u00f6rthersee | Trattoria Ogris\",\"isPartOf\":{\"@id\":\"https:\\\/\\\/www.gasthaus-ogris.at\\\/it\\\/#website\"},\"datePublished\":\"2026-04-16T06:53:46+00:00\",\"description\":\"Eventi a Ludmannsdorf e nel Rosental: feste, mercati e manifestazioni vicino al Lago W\u00f6rthersee. Scopri anche la Trattoria Ogris.\",\"breadcrumb\":{\"@id\":\"https:\\\/\\\/www.gasthaus-ogris.at\\\/it\\\/veranstaltungen-in-ludmannsdorf\\\/#breadcrumb\"},\"inLanguage\":\"it-IT\",\"potentialAction\":[{\"@type\":\"ReadAction\",\"target\":[[\"https:\\\/\\\/www.gasthaus-ogris.at\\\/it\\\/veranstaltungen-in-ludmannsdorf\\\/\"]]}]},{\"@type\":\"BreadcrumbList\",\"@id\":\"https:\\\/\\\/www.gasthaus-ogris.at\\\/it\\\/veranstaltungen-in-ludmannsdorf\\\/#breadcrumb\",\"itemListElement\":[{\"@type\":\"ListItem\",\"position\":1,\"name\":\"Home\",\"item\":\"https:\\\/\\\/www.gasthaus-ogris.at\\\/it\\\/\"},{\"@type\":\"ListItem\",\"position\":2,\"name\":\"Veranstaltungen in Ludmannsdorf\"}]},{\"@type\":\"WebSite\",\"@id\":\"https:\\\/\\\/www.gasthaus-ogris.at\\\/it\\\/#website\",\"url\":\"https:\\\/\\\/www.gasthaus-ogris.at\\\/it\\\/\",\"name\":\"Gasthaus Ogris \u2013 K\u00e4rntner K\u00fcche &amp; Zimmer in Ludmannsdorf | Rosental K\u00e4rnten\",\"description\":\"[:de]Gasthaus Ogris \u2013 K\u00e4rntner K\u00fcche &amp; Zimmer in Ludmannsdorf | Rosental K\u00e4rnten W\u00f6rthersee  [:si]Gosti\u0161\u010de Ogris \u201eMiklav\u017e\u201c \u2013 Bil\u010dovs | Ro\u017e \u2013 Koro\u0161ka  [:it]Trattoria Ogris \u2013 Ludmannsdorf | Carinzia  [:sl]Gostisce Ogris &quot;Miklavz&quot; \u2013 Bilcovs | Roz \u2013 Koroska[:]\",\"publisher\":{\"@id\":\"https:\\\/\\\/www.gasthaus-ogris.at\\\/it\\\/#organization\"},\"potentialAction\":[{\"@type\":\"SearchAction\",\"target\":{\"@type\":\"EntryPoint\",\"urlTemplate\":\"https:\\\/\\\/www.gasthaus-ogris.at\\\/it\\\/?s={search_term_string}\"},\"query-input\":{\"@type\":\"PropertyValueSpecification\",\"valueRequired\":true,\"valueName\":\"search_term_string\"}}],\"inLanguage\":\"it-IT\"},{\"@type\":\"Organization\",\"@id\":\"https:\\\/\\\/www.gasthaus-ogris.at\\\/it\\\/#organization\",\"name\":\"Gasthaus - Gosti\u0161\u010de - Trattoria Ogris\",\"url\":\"https:\\\/\\\/www.gasthaus-ogris.at\\\/it\\\/\",\"logo\":{\"@type\":\"ImageObject\",\"inLanguage\":\"it-IT\",\"@id\":\"https:\\\/\\\/www.gasthaus-ogris.at\\\/it\\\/#\\\/schema\\\/logo\\\/image\\\/\",\"url\":\"https:\\\/\\\/www.gasthaus-ogris.at\\\/wp-content\\\/uploads\\\/2016\\\/03\\\/Header_Logo_Gasthaus_Ogris.png\",\"contentUrl\":\"https:\\\/\\\/www.gasthaus-ogris.at\\\/wp-content\\\/uploads\\\/2016\\\/03\\\/Header_Logo_Gasthaus_Ogris.png\",\"width\":327,\"height\":100,\"caption\":\"Gasthaus - Gosti\u0161\u010de - Trattoria Ogris\"},\"image\":{\"@id\":\"https:\\\/\\\/www.gasthaus-ogris.at\\\/it\\\/#\\\/schema\\\/logo\\\/image\\\/\"},\"sameAs\":[\"https:\\\/\\\/www.facebook.com\\\/GasthausOgris\",\"https:\\\/\\\/x.com\\\/GasthausOgris\"]}]}<\/script>\n<!-- \/ Yoast SEO plugin. -->","yoast_head_json":{"title":"Eventi a Ludmannsdorf \u2013 manifestazioni nel Rosental vicino al Lago W\u00f6rthersee | Trattoria Ogris","description":"Eventi a Ludmannsdorf e nel Rosental: feste, mercati e manifestazioni vicino al Lago W\u00f6rthersee. Scopri anche la Trattoria Ogris.","robots":{"index":"index","follow":"follow","max-snippet":"max-snippet:-1","max-image-preview":"max-image-preview:large","max-video-preview":"max-video-preview:-1"},"canonical":"https:\/\/www.gasthaus-ogris.at\/it\/veranstaltungen-in-ludmannsdorf\/","og_locale":"it_IT","og_type":"article","og_title":"Eventi a Ludmannsdorf \u2013 manifestazioni nel Rosental vicino al Lago W\u00f6rthersee | Trattoria Ogris","og_description":"Eventi a Ludmannsdorf e nel Rosental: feste, mercati e manifestazioni vicino al Lago W\u00f6rthersee. Scopri anche la Trattoria Ogris.","og_url":"https:\/\/www.gasthaus-ogris.at\/it\/veranstaltungen-in-ludmannsdorf\/","og_site_name":"Gasthaus Ogris \u2013 K\u00e4rntner K\u00fcche &amp; Zimmer in Ludmannsdorf | Rosental K\u00e4rnten","article_publisher":"https:\/\/www.facebook.com\/GasthausOgris","twitter_misc":{"Tempo di lettura stimato":"1 minuto"},"schema":{"@context":"https:\/\/schema.org","@graph":[{"@type":"WebPage","@id":"https:\/\/www.gasthaus-ogris.at\/it\/veranstaltungen-in-ludmannsdorf\/","url":"https:\/\/www.gasthaus-ogris.at\/it\/veranstaltungen-in-ludmannsdorf\/","name":"Eventi a Ludmannsdorf \u2013 manifestazioni nel Rosental vicino al Lago W\u00f6rthersee | Trattoria Ogris","isPartOf":{"@id":"https:\/\/www.gasthaus-ogris.at\/it\/#website"},"datePublished":"2026-04-16T06:53:46+00:00","description":"Eventi a Ludmannsdorf e nel Rosental: feste, mercati e manifestazioni vicino al Lago W\u00f6rthersee. Scopri anche la Trattoria Ogris.","breadcrumb":{"@id":"https:\/\/www.gasthaus-ogris.at\/it\/veranstaltungen-in-ludmannsdorf\/#breadcrumb"},"inLanguage":"it-IT","potentialAction":[{"@type":"ReadAction","target":[["https:\/\/www.gasthaus-ogris.at\/it\/veranstaltungen-in-ludmannsdorf\/"]]}]},{"@type":"BreadcrumbList","@id":"https:\/\/www.gasthaus-ogris.at\/it\/veranstaltungen-in-ludmannsdorf\/#breadcrumb","itemListElement":[{"@type":"ListItem","position":1,"name":"Home","item":"https:\/\/www.gasthaus-ogris.at\/it\/"},{"@type":"ListItem","position":2,"name":"Veranstaltungen in Ludmannsdorf"}]},{"@type":"WebSite","@id":"https:\/\/www.gasthaus-ogris.at\/it\/#website","url":"https:\/\/www.gasthaus-ogris.at\/it\/","name":"Gasthaus Ogris \u2013 K\u00e4rntner K\u00fcche &amp; Zimmer in Ludmannsdorf | Rosental K\u00e4rnten","description":"[:de]Gasthaus Ogris \u2013 K\u00e4rntner K\u00fcche &amp; Zimmer in Ludmannsdorf | Rosental K\u00e4rnten W\u00f6rthersee  [:si]Gosti\u0161\u010de Ogris \u201eMiklav\u017e\u201c \u2013 Bil\u010dovs | Ro\u017e \u2013 Koro\u0161ka  [:it]Trattoria Ogris \u2013 Ludmannsdorf | Carinzia  [:sl]Gostisce Ogris &quot;Miklavz&quot; \u2013 Bilcovs | Roz \u2013 Koroska[:]","publisher":{"@id":"https:\/\/www.gasthaus-ogris.at\/it\/#organization"},"potentialAction":[{"@type":"SearchAction","target":{"@type":"EntryPoint","urlTemplate":"https:\/\/www.gasthaus-ogris.at\/it\/?s={search_term_string}"},"query-input":{"@type":"PropertyValueSpecification","valueRequired":true,"valueName":"search_term_string"}}],"inLanguage":"it-IT"},{"@type":"Organization","@id":"https:\/\/www.gasthaus-ogris.at\/it\/#organization","name":"Gasthaus - Gosti\u0161\u010de - Trattoria Ogris","url":"https:\/\/www.gasthaus-ogris.at\/it\/","logo":{"@type":"ImageObject","inLanguage":"it-IT","@id":"https:\/\/www.gasthaus-ogris.at\/it\/#\/schema\/logo\/image\/","url":"https:\/\/www.gasthaus-ogris.at\/wp-content\/uploads\/2016\/03\/Header_Logo_Gasthaus_Ogris.png","contentUrl":"https:\/\/www.gasthaus-ogris.at\/wp-content\/uploads\/2016\/03\/Header_Logo_Gasthaus_Ogris.png","width":327,"height":100,"caption":"Gasthaus - Gosti\u0161\u010de - Trattoria Ogris"},"image":{"@id":"https:\/\/www.gasthaus-ogris.at\/it\/#\/schema\/logo\/image\/"},"sameAs":["https:\/\/www.facebook.com\/GasthausOgris","https:\/\/x.com\/GasthausOgris"]}]}},"_links":{"self":[{"href":"https:\/\/www.gasthaus-ogris.at\/it\/wp-json\/wp\/v2\/pages\/3551","targetHints":{"allow":["GET"]}}],"collection":[{"href":"https:\/\/www.gasthaus-ogris.at\/it\/wp-json\/wp\/v2\/pages"}],"about":[{"href":"https:\/\/www.gasthaus-ogris.at\/it\/wp-json\/wp\/v2\/types\/page"}],"author":[{"embeddable":true,"href":"https:\/\/www.gasthaus-ogris.at\/it\/wp-json\/wp\/v2\/users\/3"}],"replies":[{"embeddable":true,"href":"https:\/\/www.gasthaus-ogris.at\/it\/wp-json\/wp\/v2\/comments?post=3551"}],"version-history":[{"count":1,"href":"https:\/\/www.gasthaus-ogris.at\/it\/wp-json\/wp\/v2\/pages\/3551\/revisions"}],"predecessor-version":[{"id":3552,"href":"https:\/\/www.gasthaus-ogris.at\/it\/wp-json\/wp\/v2\/pages\/3551\/revisions\/3552"}],"wp:attachment":[{"href":"https:\/\/www.gasthaus-ogris.at\/it\/wp-json\/wp\/v2\/media?parent=3551"}],"curies":[{"name":"wp","href":"https:\/\/api.w.org\/{rel}","templated":true}]}}