{"id":3546,"date":"2026-04-16T08:48:17","date_gmt":"2026-04-16T06:48:17","guid":{"rendered":"https:\/\/www.gasthaus-ogris.at\/?page_id=3546"},"modified":"2026-04-16T08:54:39","modified_gmt":"2026-04-16T06:54:39","slug":"kontaktieren-sie-uns","status":"publish","type":"page","link":"https:\/\/www.gasthaus-ogris.at\/it\/kontaktieren-sie-uns\/","title":{"rendered":"Kontakt"},"content":{"rendered":"<p><\/p>\n<p style=\"text-align: center;\"><strong>Gasthaus \u2013 Gosti\u0161\u010de \u2013 Trattoria Ogris<br \/>\n<\/strong>Familie Ogris e.U.<br \/>\nLudmannsdorf 13<br \/>\n9072 Ludmannsdorf<br \/>\nTelefon: +43 4228 2249<br \/>\nE-Mail: office@gasthaus-ogris.at<\/p>\n<p style=\"text-align: center;\">\n<div class=\"wpcf7 no-js\" id=\"wpcf7-f802-o3\" lang=\"de-DE\" dir=\"ltr\" data-wpcf7-id=\"802\">\n<div class=\"screen-reader-response\"><p role=\"status\" aria-live=\"polite\" aria-atomic=\"true\"><\/p> <ul><\/ul><\/div>\n<form action=\"\/it\/wp-json\/wp\/v2\/pages\/3546#wpcf7-f802-o3\" method=\"post\" class=\"wpcf7-form init\" aria-label=\"Kontaktformular\" novalidate=\"novalidate\" data-status=\"init\">\n<fieldset class=\"hidden-fields-container\"><input type=\"hidden\" name=\"_wpcf7\" value=\"802\" \/><input type=\"hidden\" name=\"_wpcf7_version\" value=\"6.1.5\" \/><input type=\"hidden\" name=\"_wpcf7_locale\" value=\"de_DE\" \/><input type=\"hidden\" name=\"_wpcf7_unit_tag\" value=\"wpcf7-f802-o3\" \/><input type=\"hidden\" name=\"_wpcf7_container_post\" value=\"0\" \/><input type=\"hidden\" name=\"_wpcf7_posted_data_hash\" value=\"\" \/>\n<\/fieldset>\n<p><b>Il tuo nome (obbligatorio)<\/b>\n<\/p>\n<p><span class=\"wpcf7-form-control-wrap\" data-name=\"your-name\"><input size=\"40\" maxlength=\"400\" class=\"wpcf7-form-control wpcf7-text wpcf7-validates-as-required\" aria-required=\"true\" aria-invalid=\"false\" value=\"\" type=\"text\" name=\"your-name\" \/><\/span>\n<\/p>\n<p><b>La tua email (obbligatorio)<\/b>\n<\/p>\n<p><span class=\"wpcf7-form-control-wrap\" data-name=\"your-email\"><input size=\"40\" maxlength=\"400\" class=\"wpcf7-form-control wpcf7-email wpcf7-validates-as-required wpcf7-text wpcf7-validates-as-email\" aria-required=\"true\" aria-invalid=\"false\" value=\"\" type=\"email\" name=\"your-email\" \/><\/span>\n<\/p>\n<p><b>Oggetto<\/b>\n<\/p>\n<p><span class=\"wpcf7-form-control-wrap\" data-name=\"your-subject\"><input size=\"40\" maxlength=\"400\" class=\"wpcf7-form-control wpcf7-text\" aria-invalid=\"false\" value=\"\" type=\"text\" name=\"your-subject\" \/><\/span>\n<\/p>\n<p><b>Il tuo messaggio<\/b>\n<\/p>\n<p><span class=\"wpcf7-form-control-wrap\" data-name=\"your-message\"><textarea cols=\"40\" rows=\"10\" maxlength=\"2000\" class=\"wpcf7-form-control wpcf7-textarea\" aria-invalid=\"false\" name=\"your-message\"><\/textarea><\/span>\n<\/p>\n<p><span class=\"wpcf7-form-control-wrap\" data-name=\"acceptance-550\"><span class=\"wpcf7-form-control wpcf7-acceptance\"><span class=\"wpcf7-list-item\"><label><input type=\"checkbox\" name=\"acceptance-550\" value=\"1\" aria-invalid=\"false\" \/><span class=\"wpcf7-list-item-label\">S\u00ec, ho letto e accettato l'<a href=\"https:\/\/www.gasthaus-ogris.at\/impressum\/\" target=\"_blank\">Informativa sulla privacy<\/a>.  \n<br \/>S\u00ec, ho letto e accettato l\u2019<a href=\"https:\/\/www.gasthaus-ogris.at\/impressum\/\" target=\"_blank\">informativa sulla privacy<\/a>. (obbligatorio)<\/span><\/label><\/span><\/span><\/span>\n<\/p>\n<p>\n<div class=\"wpcf7-turnstile cf-turnstile\" data-sitekey=\"0x4AAAAAABnuOGlgzJHP1lsw\" data-response-field-name=\"_wpcf7_turnstile_response\"><\/div>\n<\/p>\n<p><input class=\"wpcf7-form-control wpcf7-submit has-spinner\" type=\"submit\" value=\"Invia\" \/>\n<\/p><div class=\"wpcf7-response-output\" aria-hidden=\"true\"><\/div>\n<\/form>\n<\/div>\n<\/p>\n<p>&nbsp;<br \/>\n<iframe loading=\"lazy\" style=\"border: 0;\" src=\"https:\/\/www.google.com\/maps\/embed?pb=!1m18!1m12!1m3!1d2744.3081598378667!2d14.133931015769988!3d46.541590568927425!2m3!1f0!2f0!3f0!3m2!1i1024!2i768!4f13.1!3m3!1m2!1s0x477a9d08b1861a99%3A0x9f2ab99c9c1380be!2sGasthof+-+Gosti%C5%A1%C4%8De+-+Trattoria+Ogris!5e0!3m2!1sde!2sat!4v1461225574595\" width=\"400\" height=\"300\" frameborder=\"0\" allowfullscreen=\"allowfullscreen\"><\/iframe><\/p>","protected":false},"excerpt":{"rendered":"<p>Gasthaus \u2013 Gosti\u0161\u010de \u2013 Trattoria Ogris Familie Ogris e.U. Ludmannsdorf 13 9072 Ludmannsdorf Telefon: +43 4228 2249 E-Mail: office@gasthaus-ogris.at &nbsp;<\/p>\n","protected":false},"author":3,"featured_media":0,"parent":0,"menu_order":0,"comment_status":"closed","ping_status":"closed","template":"","meta":{"ngg_post_thumbnail":0,"footnotes":""},"class_list":["post-3546","page","type-page","status-publish","hentry"],"yoast_head":"<!-- This site is optimized with the Yoast SEO plugin v27.4 - https:\/\/yoast.com\/product\/yoast-seo-wordpress\/ -->\n<title>Contatto \u2013 Trattoria Ogris | prenotare un tavolo e richiedere camere nel Rosental<\/title>\n<meta name=\"description\" content=\"Contatta la Trattoria Ogris a Ludmannsdorf nel Rosental vicino al Lago W\u00f6rthersee. Prenota un tavolo o richiedi una camera.\" \/>\n<meta name=\"robots\" content=\"index, follow, max-snippet:-1, max-image-preview:large, max-video-preview:-1\" \/>\n<link rel=\"canonical\" href=\"https:\/\/www.gasthaus-ogris.at\/it\/kontaktieren-sie-uns\/\" \/>\n<meta property=\"og:locale\" content=\"it_IT\" \/>\n<meta property=\"og:type\" content=\"article\" \/>\n<meta property=\"og:title\" content=\"Contatto \u2013 Trattoria Ogris | prenotare un tavolo e richiedere camere nel Rosental\" \/>\n<meta property=\"og:description\" content=\"Contatta la Trattoria Ogris a Ludmannsdorf nel Rosental vicino al Lago W\u00f6rthersee. Prenota un tavolo o richiedi una camera.\" \/>\n<meta property=\"og:url\" content=\"https:\/\/www.gasthaus-ogris.at\/it\/kontaktieren-sie-uns\/\" \/>\n<meta property=\"og:site_name\" content=\"Gasthaus Ogris \u2013 K\u00e4rntner K\u00fcche &amp; Zimmer in Ludmannsdorf | Rosental K\u00e4rnten\" \/>\n<meta property=\"article:publisher\" content=\"https:\/\/www.facebook.com\/GasthausOgris\" \/>\n<meta property=\"article:modified_time\" content=\"2026-04-16T06:54:39+00:00\" \/>\n<meta name=\"twitter:label1\" content=\"Tempo di lettura stimato\" \/>\n\t<meta name=\"twitter:data1\" content=\"1 minuto\" \/>\n<script type=\"application\/ld+json\" class=\"yoast-schema-graph\">{\"@context\":\"https:\\\/\\\/schema.org\",\"@graph\":[{\"@type\":\"WebPage\",\"@id\":\"https:\\\/\\\/www.gasthaus-ogris.at\\\/it\\\/kontaktieren-sie-uns\\\/\",\"url\":\"https:\\\/\\\/www.gasthaus-ogris.at\\\/it\\\/kontaktieren-sie-uns\\\/\",\"name\":\"Contatto \u2013 Trattoria Ogris | prenotare un tavolo e richiedere camere nel Rosental\",\"isPartOf\":{\"@id\":\"https:\\\/\\\/www.gasthaus-ogris.at\\\/it\\\/#website\"},\"datePublished\":\"2026-04-16T06:48:17+00:00\",\"dateModified\":\"2026-04-16T06:54:39+00:00\",\"description\":\"Contatta la Trattoria Ogris a Ludmannsdorf nel Rosental vicino al Lago W\u00f6rthersee. Prenota un tavolo o richiedi una camera.\",\"breadcrumb\":{\"@id\":\"https:\\\/\\\/www.gasthaus-ogris.at\\\/it\\\/kontaktieren-sie-uns\\\/#breadcrumb\"},\"inLanguage\":\"it-IT\",\"potentialAction\":[{\"@type\":\"ReadAction\",\"target\":[[\"https:\\\/\\\/www.gasthaus-ogris.at\\\/it\\\/kontaktieren-sie-uns\\\/\"]]}]},{\"@type\":\"BreadcrumbList\",\"@id\":\"https:\\\/\\\/www.gasthaus-ogris.at\\\/it\\\/kontaktieren-sie-uns\\\/#breadcrumb\",\"itemListElement\":[{\"@type\":\"ListItem\",\"position\":1,\"name\":\"Home\",\"item\":\"https:\\\/\\\/www.gasthaus-ogris.at\\\/it\\\/\"},{\"@type\":\"ListItem\",\"position\":2,\"name\":\"Kontaktieren Sie uns\"}]},{\"@type\":\"WebSite\",\"@id\":\"https:\\\/\\\/www.gasthaus-ogris.at\\\/it\\\/#website\",\"url\":\"https:\\\/\\\/www.gasthaus-ogris.at\\\/it\\\/\",\"name\":\"Gasthaus Ogris \u2013 K\u00e4rntner K\u00fcche &amp; Zimmer in Ludmannsdorf | Rosental K\u00e4rnten\",\"description\":\"[:de]Gasthaus Ogris \u2013 K\u00e4rntner K\u00fcche &amp; Zimmer in Ludmannsdorf | Rosental K\u00e4rnten W\u00f6rthersee  [:si]Gosti\u0161\u010de Ogris \u201eMiklav\u017e\u201c \u2013 Bil\u010dovs | Ro\u017e \u2013 Koro\u0161ka  [:it]Trattoria Ogris \u2013 Ludmannsdorf | Carinzia  [:sl]Gostisce Ogris &quot;Miklavz&quot; \u2013 Bilcovs | Roz \u2013 Koroska[:]\",\"publisher\":{\"@id\":\"https:\\\/\\\/www.gasthaus-ogris.at\\\/it\\\/#organization\"},\"potentialAction\":[{\"@type\":\"SearchAction\",\"target\":{\"@type\":\"EntryPoint\",\"urlTemplate\":\"https:\\\/\\\/www.gasthaus-ogris.at\\\/it\\\/?s={search_term_string}\"},\"query-input\":{\"@type\":\"PropertyValueSpecification\",\"valueRequired\":true,\"valueName\":\"search_term_string\"}}],\"inLanguage\":\"it-IT\"},{\"@type\":\"Organization\",\"@id\":\"https:\\\/\\\/www.gasthaus-ogris.at\\\/it\\\/#organization\",\"name\":\"Gasthaus - Gosti\u0161\u010de - Trattoria Ogris\",\"url\":\"https:\\\/\\\/www.gasthaus-ogris.at\\\/it\\\/\",\"logo\":{\"@type\":\"ImageObject\",\"inLanguage\":\"it-IT\",\"@id\":\"https:\\\/\\\/www.gasthaus-ogris.at\\\/it\\\/#\\\/schema\\\/logo\\\/image\\\/\",\"url\":\"https:\\\/\\\/www.gasthaus-ogris.at\\\/wp-content\\\/uploads\\\/2016\\\/03\\\/Header_Logo_Gasthaus_Ogris.png\",\"contentUrl\":\"https:\\\/\\\/www.gasthaus-ogris.at\\\/wp-content\\\/uploads\\\/2016\\\/03\\\/Header_Logo_Gasthaus_Ogris.png\",\"width\":327,\"height\":100,\"caption\":\"Gasthaus - Gosti\u0161\u010de - Trattoria Ogris\"},\"image\":{\"@id\":\"https:\\\/\\\/www.gasthaus-ogris.at\\\/it\\\/#\\\/schema\\\/logo\\\/image\\\/\"},\"sameAs\":[\"https:\\\/\\\/www.facebook.com\\\/GasthausOgris\",\"https:\\\/\\\/x.com\\\/GasthausOgris\"]}]}<\/script>\n<!-- \/ Yoast SEO plugin. -->","yoast_head_json":{"title":"Contatto \u2013 Trattoria Ogris | prenotare un tavolo e richiedere camere nel Rosental","description":"Contatta la Trattoria Ogris a Ludmannsdorf nel Rosental vicino al Lago W\u00f6rthersee. Prenota un tavolo o richiedi una camera.","robots":{"index":"index","follow":"follow","max-snippet":"max-snippet:-1","max-image-preview":"max-image-preview:large","max-video-preview":"max-video-preview:-1"},"canonical":"https:\/\/www.gasthaus-ogris.at\/it\/kontaktieren-sie-uns\/","og_locale":"it_IT","og_type":"article","og_title":"Contatto \u2013 Trattoria Ogris | prenotare un tavolo e richiedere camere nel Rosental","og_description":"Contatta la Trattoria Ogris a Ludmannsdorf nel Rosental vicino al Lago W\u00f6rthersee. Prenota un tavolo o richiedi una camera.","og_url":"https:\/\/www.gasthaus-ogris.at\/it\/kontaktieren-sie-uns\/","og_site_name":"Gasthaus Ogris \u2013 K\u00e4rntner K\u00fcche &amp; Zimmer in Ludmannsdorf | Rosental K\u00e4rnten","article_publisher":"https:\/\/www.facebook.com\/GasthausOgris","article_modified_time":"2026-04-16T06:54:39+00:00","twitter_misc":{"Tempo di lettura stimato":"1 minuto"},"schema":{"@context":"https:\/\/schema.org","@graph":[{"@type":"WebPage","@id":"https:\/\/www.gasthaus-ogris.at\/it\/kontaktieren-sie-uns\/","url":"https:\/\/www.gasthaus-ogris.at\/it\/kontaktieren-sie-uns\/","name":"Contatto \u2013 Trattoria Ogris | prenotare un tavolo e richiedere camere nel Rosental","isPartOf":{"@id":"https:\/\/www.gasthaus-ogris.at\/it\/#website"},"datePublished":"2026-04-16T06:48:17+00:00","dateModified":"2026-04-16T06:54:39+00:00","description":"Contatta la Trattoria Ogris a Ludmannsdorf nel Rosental vicino al Lago W\u00f6rthersee. Prenota un tavolo o richiedi una camera.","breadcrumb":{"@id":"https:\/\/www.gasthaus-ogris.at\/it\/kontaktieren-sie-uns\/#breadcrumb"},"inLanguage":"it-IT","potentialAction":[{"@type":"ReadAction","target":[["https:\/\/www.gasthaus-ogris.at\/it\/kontaktieren-sie-uns\/"]]}]},{"@type":"BreadcrumbList","@id":"https:\/\/www.gasthaus-ogris.at\/it\/kontaktieren-sie-uns\/#breadcrumb","itemListElement":[{"@type":"ListItem","position":1,"name":"Home","item":"https:\/\/www.gasthaus-ogris.at\/it\/"},{"@type":"ListItem","position":2,"name":"Kontaktieren Sie uns"}]},{"@type":"WebSite","@id":"https:\/\/www.gasthaus-ogris.at\/it\/#website","url":"https:\/\/www.gasthaus-ogris.at\/it\/","name":"Gasthaus Ogris \u2013 K\u00e4rntner K\u00fcche &amp; Zimmer in Ludmannsdorf | Rosental K\u00e4rnten","description":"[:de]Gasthaus Ogris \u2013 K\u00e4rntner K\u00fcche &amp; Zimmer in Ludmannsdorf | Rosental K\u00e4rnten W\u00f6rthersee  [:si]Gosti\u0161\u010de Ogris \u201eMiklav\u017e\u201c \u2013 Bil\u010dovs | Ro\u017e \u2013 Koro\u0161ka  [:it]Trattoria Ogris \u2013 Ludmannsdorf | Carinzia  [:sl]Gostisce Ogris &quot;Miklavz&quot; \u2013 Bilcovs | Roz \u2013 Koroska[:]","publisher":{"@id":"https:\/\/www.gasthaus-ogris.at\/it\/#organization"},"potentialAction":[{"@type":"SearchAction","target":{"@type":"EntryPoint","urlTemplate":"https:\/\/www.gasthaus-ogris.at\/it\/?s={search_term_string}"},"query-input":{"@type":"PropertyValueSpecification","valueRequired":true,"valueName":"search_term_string"}}],"inLanguage":"it-IT"},{"@type":"Organization","@id":"https:\/\/www.gasthaus-ogris.at\/it\/#organization","name":"Gasthaus - Gosti\u0161\u010de - Trattoria Ogris","url":"https:\/\/www.gasthaus-ogris.at\/it\/","logo":{"@type":"ImageObject","inLanguage":"it-IT","@id":"https:\/\/www.gasthaus-ogris.at\/it\/#\/schema\/logo\/image\/","url":"https:\/\/www.gasthaus-ogris.at\/wp-content\/uploads\/2016\/03\/Header_Logo_Gasthaus_Ogris.png","contentUrl":"https:\/\/www.gasthaus-ogris.at\/wp-content\/uploads\/2016\/03\/Header_Logo_Gasthaus_Ogris.png","width":327,"height":100,"caption":"Gasthaus - Gosti\u0161\u010de - Trattoria Ogris"},"image":{"@id":"https:\/\/www.gasthaus-ogris.at\/it\/#\/schema\/logo\/image\/"},"sameAs":["https:\/\/www.facebook.com\/GasthausOgris","https:\/\/x.com\/GasthausOgris"]}]}},"_links":{"self":[{"href":"https:\/\/www.gasthaus-ogris.at\/it\/wp-json\/wp\/v2\/pages\/3546","targetHints":{"allow":["GET"]}}],"collection":[{"href":"https:\/\/www.gasthaus-ogris.at\/it\/wp-json\/wp\/v2\/pages"}],"about":[{"href":"https:\/\/www.gasthaus-ogris.at\/it\/wp-json\/wp\/v2\/types\/page"}],"author":[{"embeddable":true,"href":"https:\/\/www.gasthaus-ogris.at\/it\/wp-json\/wp\/v2\/users\/3"}],"replies":[{"embeddable":true,"href":"https:\/\/www.gasthaus-ogris.at\/it\/wp-json\/wp\/v2\/comments?post=3546"}],"version-history":[{"count":2,"href":"https:\/\/www.gasthaus-ogris.at\/it\/wp-json\/wp\/v2\/pages\/3546\/revisions"}],"predecessor-version":[{"id":3554,"href":"https:\/\/www.gasthaus-ogris.at\/it\/wp-json\/wp\/v2\/pages\/3546\/revisions\/3554"}],"wp:attachment":[{"href":"https:\/\/www.gasthaus-ogris.at\/it\/wp-json\/wp\/v2\/media?parent=3546"}],"curies":[{"name":"wp","href":"https:\/\/api.w.org\/{rel}","templated":true}]}}