{"id":333,"date":"2016-03-17T15:32:01","date_gmt":"2016-03-17T14:32:01","guid":{"rendered":"http:\/\/www.gasthaus-ogris.at\/?page_id=333"},"modified":"2026-02-01T20:54:58","modified_gmt":"2026-02-01T19:54:58","slug":"calendario-della-cucina","status":"publish","type":"page","link":"https:\/\/www.gasthaus-ogris.at\/it\/calendario-della-cucina\/","title":{"rendered":"Calendario della cucina"},"content":{"rendered":"<p><\/p>\n<h1 style=\"text-align: center;\"><strong>Gennaio \/ Febbraio<\/strong><\/h1>\n<p style=\"text-align: center;\">Betriebsurlaub<br \/>\nMitte J\u00e4nner &#8211; Mitte\/Ende Februar<\/p>\n<h1 style=\"text-align: center;\"><strong>Marzo<\/strong><\/h1>\n<p style=\"text-align: center;\">Schlachtzeit is&#8217;<\/p>\n<p style=\"text-align: center;\">Auch K\u00f6stliches in der Fastenzeit \u2013 Fischspezialit\u00e4ten<\/p>\n<h1 style=\"text-align: center;\"><strong>Aprile<\/strong><\/h1>\n<p style=\"text-align: center;\">Osterspezialit\u00e4ten u. a. Osterlamm<\/p>\n<h1 style=\"text-align: center;\">Maggio\/Giugno<\/h1>\n<p style=\"text-align: center;\">Spargelzeit<br \/>\nFestliche K\u00f6stlichkeiten zu festlichen Anl\u00e4ssen (Hochzeiten, Firmungen, Erstkommunion)<\/p>\n<h1 style=\"text-align: center;\"><strong>Luglio<\/strong><\/h1>\n<p style=\"text-align: center;\">Sommersaison \u2013 Hausg\u00e4ste herzlich willkommen<\/p>\n<h1 style=\"text-align: center;\">Agosto<\/h1>\n<p style=\"text-align: center;\">Kirchtag is&#8217;<br \/>\nJahreskirchtag<\/p>\n<h1 style=\"text-align: center;\">Settembre<\/h1>\n<p style=\"text-align: center;\">Heimische Fische aus heimischen Gew\u00e4ssern<\/p>\n<h1 style=\"text-align: center;\">Ottobre \/&nbsp;Novembre<\/h1>\n<p style=\"text-align: center;\">Martini Gansl \u2013 Wildwochen<\/p>\n<h1 style=\"text-align: center;\">Dicembre<\/h1>\n<p style=\"text-align: center;\">S\u00fc\u00dfe Weihnachtszeit \u2013 Weihnachtsfeiern \u2013 Hausb\u00e4ckerei<\/p>\n<p style=\"text-align: center;\">&nbsp;<\/p>\n<p><\/p>","protected":false},"excerpt":{"rendered":"<p>Gennaio \/ Febbraio Betriebsurlaub Mitte J\u00e4nner &#8211; Mitte\/Ende Februar Marzo Schlachtzeit is&#8217; Auch K\u00f6stliches in der Fastenzeit \u2013 Fischspezialit\u00e4ten Aprile Osterspezialit\u00e4ten u. a. Osterlamm Maggio\/Giugno Spargelzeit Festliche K\u00f6stlichkeiten zu festlichen&#8230; <\/p>\n","protected":false},"author":3,"featured_media":0,"parent":0,"menu_order":0,"comment_status":"closed","ping_status":"closed","template":"","meta":{"ngg_post_thumbnail":0,"footnotes":""},"class_list":["post-333","page","type-page","status-publish","hentry"],"yoast_head":"<!-- This site is optimized with the Yoast SEO plugin v27.3 - https:\/\/yoast.com\/product\/yoast-seo-wordpress\/ -->\n<title>Calendario della cucina - Trattoria - Ristorante Ogris | Ludmannsdorf | Klagenfurt | Carinzia<\/title>\n<meta name=\"description\" content=\"Maggio\/Giugno SpargelzeitFestliche K\u00f6stlichkeiten zu festlichen Anl\u00e4ssen (Hochzeiten, Firmungen, Erstkommunion)\" \/>\n<meta name=\"robots\" content=\"index, follow, max-snippet:-1, max-image-preview:large, max-video-preview:-1\" \/>\n<link rel=\"canonical\" href=\"https:\/\/www.gasthaus-ogris.at\/kulinarischer-kalender\/\" \/>\n<meta property=\"og:locale\" content=\"it_IT\" \/>\n<meta property=\"og:type\" content=\"article\" \/>\n<meta property=\"og:title\" content=\"[:de]Kulinarischer Kalender | Gasthaus \u2013 Gasthof \u2013 Restaurant Ogris | Gut Essen und Trinken in Ludmannsdorf - Carnica Rosental - K\u00e4rnten[:si]Kulinarijski koledar | Gosti\u0161\u010de - Gostilna Ogris &quot;Miklav\u017e&quot; | Bil\u010dovs - Koro\u0161ka [:it]Calendario della cucina - Trattoria - Ristorante Ogris | Ludmannsdorf | Klagenfurt | Carinzia[:]\" \/>\n<meta property=\"og:description\" content=\"{:de}Mai\/Juni Spargelzeit Festliche K\u00f6stlichkeiten zu festlichen Anl\u00e4ssen (Hochzeiten, Firmungen, Erstkommunion {:si} Maj\/Junij Spargelzeit Festliche K\u00f6stlichkeiten zu festlichen Anl\u00e4ssen (Hochzeiten, Firmungen, Erstkommunion){:it}Maggio\/Giugno SpargelzeitFestliche K\u00f6stlichkeiten zu festlichen Anl\u00e4ssen (Hochzeiten, Firmungen, Erstkommunion){:}\" \/>\n<meta property=\"og:url\" content=\"https:\/\/www.gasthaus-ogris.at\/kulinarischer-kalender\/\" \/>\n<meta property=\"og:site_name\" content=\"Gasthaus - Gosti\u0161\u010de - Trattoria Ogris\" \/>\n<meta property=\"article:publisher\" content=\"https:\/\/www.facebook.com\/GasthausOgris\" \/>\n<meta property=\"article:modified_time\" content=\"2026-02-01T19:54:58+00:00\" \/>\n<meta name=\"twitter:label1\" content=\"Tempo di lettura stimato\" \/>\n\t<meta name=\"twitter:data1\" content=\"2 minuti\" \/>\n<script type=\"application\/ld+json\" class=\"yoast-schema-graph\">{\"@context\":\"https:\\\/\\\/schema.org\",\"@graph\":[{\"@type\":\"WebPage\",\"@id\":\"https:\\\/\\\/www.gasthaus-ogris.at\\\/kulinarischer-kalender\\\/\",\"url\":\"https:\\\/\\\/www.gasthaus-ogris.at\\\/kulinarischer-kalender\\\/\",\"name\":\"[:de]Kulinarischer Kalender | Gasthaus \u2013 Gasthof \u2013 Restaurant Ogris | Gut Essen und Trinken in Ludmannsdorf - Carnica Rosental - K\u00e4rnten[:si]Kulinarijski koledar | Gosti\u0161\u010de - Gostilna Ogris \\\"Miklav\u017e\\\" | Bil\u010dovs - Koro\u0161ka [:it]Calendario della cucina - Trattoria - Ristorante Ogris | Ludmannsdorf | Klagenfurt | Carinzia[:]\",\"isPartOf\":{\"@id\":\"https:\\\/\\\/www.gasthaus-ogris.at\\\/#website\"},\"datePublished\":\"2016-03-17T14:32:01+00:00\",\"dateModified\":\"2026-02-01T19:54:58+00:00\",\"description\":\"{:de}Mai\\\/Juni Spargelzeit Festliche K\u00f6stlichkeiten zu festlichen Anl\u00e4ssen (Hochzeiten, Firmungen, Erstkommunion {:si} Maj\\\/Junij Spargelzeit Festliche K\u00f6stlichkeiten zu festlichen Anl\u00e4ssen (Hochzeiten, Firmungen, Erstkommunion){:it}Maggio\\\/Giugno SpargelzeitFestliche K\u00f6stlichkeiten zu festlichen Anl\u00e4ssen (Hochzeiten, Firmungen, Erstkommunion){:}\",\"breadcrumb\":{\"@id\":\"https:\\\/\\\/www.gasthaus-ogris.at\\\/kulinarischer-kalender\\\/#breadcrumb\"},\"inLanguage\":\"it-IT\",\"potentialAction\":[{\"@type\":\"ReadAction\",\"target\":[\"https:\\\/\\\/www.gasthaus-ogris.at\\\/kulinarischer-kalender\\\/\"]}]},{\"@type\":\"BreadcrumbList\",\"@id\":\"https:\\\/\\\/www.gasthaus-ogris.at\\\/kulinarischer-kalender\\\/#breadcrumb\",\"itemListElement\":[{\"@type\":\"ListItem\",\"position\":1,\"name\":\"Home\",\"item\":\"https:\\\/\\\/www.gasthaus-ogris.at\\\/\"},{\"@type\":\"ListItem\",\"position\":2,\"name\":\"Kulinarischer Kalender\"}]},{\"@type\":\"WebSite\",\"@id\":\"https:\\\/\\\/www.gasthaus-ogris.at\\\/#website\",\"url\":\"https:\\\/\\\/www.gasthaus-ogris.at\\\/\",\"name\":\"Gasthaus - Gosti\u0161\u010de - Trattoria Ogris\",\"description\":\"Trattoria - Ristorante Ogris | Ludmannsdorf | Klagenfurt | Carinzia\",\"publisher\":{\"@id\":\"https:\\\/\\\/www.gasthaus-ogris.at\\\/#organization\"},\"potentialAction\":[{\"@type\":\"SearchAction\",\"target\":{\"@type\":\"EntryPoint\",\"urlTemplate\":\"https:\\\/\\\/www.gasthaus-ogris.at\\\/?s={search_term_string}\"},\"query-input\":{\"@type\":\"PropertyValueSpecification\",\"valueRequired\":true,\"valueName\":\"search_term_string\"}}],\"inLanguage\":\"it-IT\"},{\"@type\":\"Organization\",\"@id\":\"https:\\\/\\\/www.gasthaus-ogris.at\\\/#organization\",\"name\":\"Gasthaus - Gosti\u0161\u010de - Trattoria Ogris\",\"url\":\"https:\\\/\\\/www.gasthaus-ogris.at\\\/\",\"logo\":{\"@type\":\"ImageObject\",\"inLanguage\":\"it-IT\",\"@id\":\"https:\\\/\\\/www.gasthaus-ogris.at\\\/#\\\/schema\\\/logo\\\/image\\\/\",\"url\":\"https:\\\/\\\/www.gasthaus-ogris.at\\\/wp-content\\\/uploads\\\/2016\\\/03\\\/Header_Logo_Gasthaus_Ogris.png\",\"contentUrl\":\"https:\\\/\\\/www.gasthaus-ogris.at\\\/wp-content\\\/uploads\\\/2016\\\/03\\\/Header_Logo_Gasthaus_Ogris.png\",\"width\":327,\"height\":100,\"caption\":\"Gasthaus - Gosti\u0161\u010de - Trattoria Ogris\"},\"image\":{\"@id\":\"https:\\\/\\\/www.gasthaus-ogris.at\\\/#\\\/schema\\\/logo\\\/image\\\/\"},\"sameAs\":[\"https:\\\/\\\/www.facebook.com\\\/GasthausOgris\",\"https:\\\/\\\/x.com\\\/GasthausOgris\"]}]}<\/script>\n<!-- \/ Yoast SEO plugin. -->","yoast_head_json":{"title":"Calendario della cucina - Trattoria - Ristorante Ogris | Ludmannsdorf | Klagenfurt | Carinzia","description":"Maggio\/Giugno SpargelzeitFestliche K\u00f6stlichkeiten zu festlichen Anl\u00e4ssen (Hochzeiten, Firmungen, Erstkommunion)","robots":{"index":"index","follow":"follow","max-snippet":"max-snippet:-1","max-image-preview":"max-image-preview:large","max-video-preview":"max-video-preview:-1"},"canonical":"https:\/\/www.gasthaus-ogris.at\/kulinarischer-kalender\/","og_locale":"it_IT","og_type":"article","og_title":"[:de]Kulinarischer Kalender | Gasthaus \u2013 Gasthof \u2013 Restaurant Ogris | Gut Essen und Trinken in Ludmannsdorf - Carnica Rosental - K\u00e4rnten[:si]Kulinarijski koledar | Gosti\u0161\u010de - Gostilna Ogris \"Miklav\u017e\" | Bil\u010dovs - Koro\u0161ka [:it]Calendario della cucina - Trattoria - Ristorante Ogris | Ludmannsdorf | Klagenfurt | Carinzia[:]","og_description":"{:de}Mai\/Juni Spargelzeit Festliche K\u00f6stlichkeiten zu festlichen Anl\u00e4ssen (Hochzeiten, Firmungen, Erstkommunion {:si} Maj\/Junij Spargelzeit Festliche K\u00f6stlichkeiten zu festlichen Anl\u00e4ssen (Hochzeiten, Firmungen, Erstkommunion){:it}Maggio\/Giugno SpargelzeitFestliche K\u00f6stlichkeiten zu festlichen Anl\u00e4ssen (Hochzeiten, Firmungen, Erstkommunion){:}","og_url":"https:\/\/www.gasthaus-ogris.at\/kulinarischer-kalender\/","og_site_name":"Gasthaus - Gosti\u0161\u010de - Trattoria Ogris","article_publisher":"https:\/\/www.facebook.com\/GasthausOgris","article_modified_time":"2026-02-01T19:54:58+00:00","twitter_misc":{"Tempo di lettura stimato":"2 minuti"},"schema":{"@context":"https:\/\/schema.org","@graph":[{"@type":"WebPage","@id":"https:\/\/www.gasthaus-ogris.at\/kulinarischer-kalender\/","url":"https:\/\/www.gasthaus-ogris.at\/kulinarischer-kalender\/","name":"[:de]Kulinarischer Kalender | Gasthaus \u2013 Gasthof \u2013 Restaurant Ogris | Gut Essen und Trinken in Ludmannsdorf - Carnica Rosental - K\u00e4rnten[:si]Kulinarijski koledar | Gosti\u0161\u010de - Gostilna Ogris \"Miklav\u017e\" | Bil\u010dovs - Koro\u0161ka [:it]Calendario della cucina - Trattoria - Ristorante Ogris | Ludmannsdorf | Klagenfurt | Carinzia[:]","isPartOf":{"@id":"https:\/\/www.gasthaus-ogris.at\/#website"},"datePublished":"2016-03-17T14:32:01+00:00","dateModified":"2026-02-01T19:54:58+00:00","description":"{:de}Mai\/Juni Spargelzeit Festliche K\u00f6stlichkeiten zu festlichen Anl\u00e4ssen (Hochzeiten, Firmungen, Erstkommunion {:si} Maj\/Junij Spargelzeit Festliche K\u00f6stlichkeiten zu festlichen Anl\u00e4ssen (Hochzeiten, Firmungen, Erstkommunion){:it}Maggio\/Giugno SpargelzeitFestliche K\u00f6stlichkeiten zu festlichen Anl\u00e4ssen (Hochzeiten, Firmungen, Erstkommunion){:}","breadcrumb":{"@id":"https:\/\/www.gasthaus-ogris.at\/kulinarischer-kalender\/#breadcrumb"},"inLanguage":"it-IT","potentialAction":[{"@type":"ReadAction","target":["https:\/\/www.gasthaus-ogris.at\/kulinarischer-kalender\/"]}]},{"@type":"BreadcrumbList","@id":"https:\/\/www.gasthaus-ogris.at\/kulinarischer-kalender\/#breadcrumb","itemListElement":[{"@type":"ListItem","position":1,"name":"Home","item":"https:\/\/www.gasthaus-ogris.at\/"},{"@type":"ListItem","position":2,"name":"Kulinarischer Kalender"}]},{"@type":"WebSite","@id":"https:\/\/www.gasthaus-ogris.at\/#website","url":"https:\/\/www.gasthaus-ogris.at\/","name":"Gasthaus - Gosti\u0161\u010de - Trattoria Ogris","description":"Trattoria - Ristorante Ogris | Ludmannsdorf | Klagenfurt | Carinzia","publisher":{"@id":"https:\/\/www.gasthaus-ogris.at\/#organization"},"potentialAction":[{"@type":"SearchAction","target":{"@type":"EntryPoint","urlTemplate":"https:\/\/www.gasthaus-ogris.at\/?s={search_term_string}"},"query-input":{"@type":"PropertyValueSpecification","valueRequired":true,"valueName":"search_term_string"}}],"inLanguage":"it-IT"},{"@type":"Organization","@id":"https:\/\/www.gasthaus-ogris.at\/#organization","name":"Gasthaus - Gosti\u0161\u010de - Trattoria Ogris","url":"https:\/\/www.gasthaus-ogris.at\/","logo":{"@type":"ImageObject","inLanguage":"it-IT","@id":"https:\/\/www.gasthaus-ogris.at\/#\/schema\/logo\/image\/","url":"https:\/\/www.gasthaus-ogris.at\/wp-content\/uploads\/2016\/03\/Header_Logo_Gasthaus_Ogris.png","contentUrl":"https:\/\/www.gasthaus-ogris.at\/wp-content\/uploads\/2016\/03\/Header_Logo_Gasthaus_Ogris.png","width":327,"height":100,"caption":"Gasthaus - Gosti\u0161\u010de - Trattoria Ogris"},"image":{"@id":"https:\/\/www.gasthaus-ogris.at\/#\/schema\/logo\/image\/"},"sameAs":["https:\/\/www.facebook.com\/GasthausOgris","https:\/\/x.com\/GasthausOgris"]}]}},"_links":{"self":[{"href":"https:\/\/www.gasthaus-ogris.at\/it\/wp-json\/wp\/v2\/pages\/333","targetHints":{"allow":["GET"]}}],"collection":[{"href":"https:\/\/www.gasthaus-ogris.at\/it\/wp-json\/wp\/v2\/pages"}],"about":[{"href":"https:\/\/www.gasthaus-ogris.at\/it\/wp-json\/wp\/v2\/types\/page"}],"author":[{"embeddable":true,"href":"https:\/\/www.gasthaus-ogris.at\/it\/wp-json\/wp\/v2\/users\/3"}],"replies":[{"embeddable":true,"href":"https:\/\/www.gasthaus-ogris.at\/it\/wp-json\/wp\/v2\/comments?post=333"}],"version-history":[{"count":0,"href":"https:\/\/www.gasthaus-ogris.at\/it\/wp-json\/wp\/v2\/pages\/333\/revisions"}],"wp:attachment":[{"href":"https:\/\/www.gasthaus-ogris.at\/it\/wp-json\/wp\/v2\/media?parent=333"}],"curies":[{"name":"wp","href":"https:\/\/api.w.org\/{rel}","templated":true}]}}