{"id":31,"date":"2016-03-11T16:06:16","date_gmt":"2016-03-11T15:06:16","guid":{"rendered":"http:\/\/www.gasthaus-ogris.at\/?page_id=31"},"modified":"2022-11-16T15:27:33","modified_gmt":"2022-11-16T14:27:33","slug":"essen-und-trinken","status":"publish","type":"page","link":"https:\/\/www.gasthaus-ogris.at\/it\/ristorante-ogris\/","title":{"rendered":"Ristorante"},"content":{"rendered":"<p><\/p>\n<p style=\"text-align: center;\">La nostra casa \u00e8 molto conosciuta per la sua tradizione, per la cucina genuina tipicamente carinziana e per le bevande assortite.<!--more--><br \/>\n\u00c8 il nostro desiderio di prepararVi &nbsp;un bel soggiorno e di farVi sentire pi\u00f9 di ospiti.<\/p>\n<p style=\"text-align: center;\">\n<div class=\"ngg-galleryoverview ngg-slideshow\"\n\tid=\"ngg-slideshow-9ee4ff67288dbebd5dc0ec0f3d028f42-6024398120\"\n\tdata-gallery-id=\"9ee4ff67288dbebd5dc0ec0f3d028f42\"\n\tstyle=\"max-width: 600px;\n\t\t\tmax-height: 400px;\n\t\t\tdisplay: none;\">\n\n\t\n\t\t<a href=\"https:\/\/www.gasthaus-ogris.at\/wp-content\/gallery\/gasthaus\/08.06.jpg\"\n\t\t\ttitle=\"\"\n\t\t\tdata-src=\"https:\/\/www.gasthaus-ogris.at\/wp-content\/gallery\/gasthaus\/08.06.jpg\"\n\t\t\tdata-thumbnail=\"https:\/\/www.gasthaus-ogris.at\/wp-content\/gallery\/gasthaus\/thumbs\/thumbs_08.06.jpg\"\n\t\t\tdata-image-id=\"8\"\n\t\t\tdata-title=\"08.06\"\n\t\t\tdata-description=\"\"\n\t\t\t\t\t\t\t\t\t\t\t\t\t\t\tclass=\"ngg-fancybox\" rel=\"9ee4ff67288dbebd5dc0ec0f3d028f42\">\n\t\t\t\n\t\t\t<img data-image-id='8'\n\t\t\t\ttitle=\"\"\n\t\t\t\talt=\"08.06\"\n\t\t\t\tsrc=\"https:\/\/www.gasthaus-ogris.at\/wp-content\/gallery\/gasthaus\/08.06.jpg\"\n\t\t\t\tstyle=\"max-height: 380px;\"\/>\n\t\t<\/a>\n\n\t\t\n\t\t<a href=\"https:\/\/www.gasthaus-ogris.at\/wp-content\/gallery\/gasthaus\/Aue%C3%9Fenansicht-Gasthaus-Ogris.jpg\"\n\t\t\ttitle=\"\"\n\t\t\tdata-src=\"https:\/\/www.gasthaus-ogris.at\/wp-content\/gallery\/gasthaus\/Aue%C3%9Fenansicht-Gasthaus-Ogris.jpg\"\n\t\t\tdata-thumbnail=\"https:\/\/www.gasthaus-ogris.at\/wp-content\/gallery\/gasthaus\/thumbs\/thumbs_Aue%C3%9Fenansicht-Gasthaus-Ogris.jpg\"\n\t\t\tdata-image-id=\"9\"\n\t\t\tdata-title=\"Aue\u00dfenansicht Gasthaus Ogris\"\n\t\t\tdata-description=\"\"\n\t\t\t\t\t\t\t\t\t\t\t\t\t\t\tclass=\"ngg-fancybox\" rel=\"9ee4ff67288dbebd5dc0ec0f3d028f42\">\n\t\t\t\n\t\t\t<img data-image-id='9'\n\t\t\t\ttitle=\"\"\n\t\t\t\talt=\"Aue\u00dfenansicht Gasthaus Ogris\"\n\t\t\t\tsrc=\"https:\/\/www.gasthaus-ogris.at\/wp-content\/gallery\/gasthaus\/Aue%C3%9Fenansicht-Gasthaus-Ogris.jpg\"\n\t\t\t\tstyle=\"max-height: 380px;\"\/>\n\t\t<\/a>\n\n\t\t\n\t\t<a href=\"https:\/\/www.gasthaus-ogris.at\/wp-content\/gallery\/gasthaus\/Gasthaus_Ogris_Blick_Kirchenturm_2014_klein.jpg\"\n\t\t\ttitle=\"\"\n\t\t\tdata-src=\"https:\/\/www.gasthaus-ogris.at\/wp-content\/gallery\/gasthaus\/Gasthaus_Ogris_Blick_Kirchenturm_2014_klein.jpg\"\n\t\t\tdata-thumbnail=\"https:\/\/www.gasthaus-ogris.at\/wp-content\/gallery\/gasthaus\/thumbs\/thumbs_Gasthaus_Ogris_Blick_Kirchenturm_2014_klein.jpg\"\n\t\t\tdata-image-id=\"10\"\n\t\t\tdata-title=\"Gasthaus_Ogris_Blick_Kirchenturm_2014_klein\"\n\t\t\tdata-description=\"\"\n\t\t\t\t\t\t\t\t\t\t\t\t\t\t\tclass=\"ngg-fancybox\" rel=\"9ee4ff67288dbebd5dc0ec0f3d028f42\">\n\t\t\t\n\t\t\t<img data-image-id='10'\n\t\t\t\ttitle=\"\"\n\t\t\t\talt=\"Gasthaus_Ogris_Blick_Kirchenturm_2014_klein\"\n\t\t\t\tsrc=\"https:\/\/www.gasthaus-ogris.at\/wp-content\/gallery\/gasthaus\/Gasthaus_Ogris_Blick_Kirchenturm_2014_klein.jpg\"\n\t\t\t\tstyle=\"max-height: 380px;\"\/>\n\t\t<\/a>\n\n\t\t\n\t\t<a href=\"https:\/\/www.gasthaus-ogris.at\/wp-content\/gallery\/gasthaus\/Eingangsbereich.jpg\"\n\t\t\ttitle=\"\"\n\t\t\tdata-src=\"https:\/\/www.gasthaus-ogris.at\/wp-content\/gallery\/gasthaus\/Eingangsbereich.jpg\"\n\t\t\tdata-thumbnail=\"https:\/\/www.gasthaus-ogris.at\/wp-content\/gallery\/gasthaus\/thumbs\/thumbs_Eingangsbereich.jpg\"\n\t\t\tdata-image-id=\"11\"\n\t\t\tdata-title=\"Eingangsbereich\"\n\t\t\tdata-description=\"\"\n\t\t\t\t\t\t\t\t\t\t\t\t\t\t\tclass=\"ngg-fancybox\" rel=\"9ee4ff67288dbebd5dc0ec0f3d028f42\">\n\t\t\t\n\t\t\t<img data-image-id='11'\n\t\t\t\ttitle=\"\"\n\t\t\t\talt=\"Eingangsbereich\"\n\t\t\t\tsrc=\"https:\/\/www.gasthaus-ogris.at\/wp-content\/gallery\/gasthaus\/Eingangsbereich.jpg\"\n\t\t\t\tstyle=\"max-height: 380px;\"\/>\n\t\t<\/a>\n\n\t\t\n\t\t<a href=\"https:\/\/www.gasthaus-ogris.at\/wp-content\/gallery\/gasthaus\/Gastgarten1.JPG\"\n\t\t\ttitle=\"\"\n\t\t\tdata-src=\"https:\/\/www.gasthaus-ogris.at\/wp-content\/gallery\/gasthaus\/Gastgarten1.JPG\"\n\t\t\tdata-thumbnail=\"https:\/\/www.gasthaus-ogris.at\/wp-content\/gallery\/gasthaus\/thumbs\/thumbs_Gastgarten1.JPG\"\n\t\t\tdata-image-id=\"12\"\n\t\t\tdata-title=\"Gastgarten1\"\n\t\t\tdata-description=\"\"\n\t\t\t\t\t\t\t\t\t\t\t\t\t\t\tclass=\"ngg-fancybox\" rel=\"9ee4ff67288dbebd5dc0ec0f3d028f42\">\n\t\t\t\n\t\t\t<img data-image-id='12'\n\t\t\t\ttitle=\"\"\n\t\t\t\talt=\"Gastgarten1\"\n\t\t\t\tsrc=\"https:\/\/www.gasthaus-ogris.at\/wp-content\/gallery\/gasthaus\/Gastgarten1.JPG\"\n\t\t\t\tstyle=\"max-height: 380px;\"\/>\n\t\t<\/a>\n\n\t\t<\/div>\n\n\t\t<!-- Thumbnails Link -->\n\t<div class=\"slideshowlink\" style=\"max-width: 600px;\">\n\t\t<a href='https:\/\/www.gasthaus-ogris.at\/it\/ristorante-ogris\/nggallery\/thumbnails'>[Zeige Vorschaubilder]<\/a>\n\t<\/div>\n\n<\/p>\n<p><\/p>","protected":false},"excerpt":{"rendered":"<p>Ci spiace, ma questo articolo \u00e8 disponibile soltanto in Deutsch.<\/p>\n","protected":false},"author":3,"featured_media":23,"parent":0,"menu_order":0,"comment_status":"closed","ping_status":"closed","template":"","meta":{"ngg_post_thumbnail":0,"footnotes":""},"class_list":["post-31","page","type-page","status-publish","has-post-thumbnail","hentry"],"yoast_head":"<!-- This site is optimized with the Yoast SEO plugin v27.3 - https:\/\/yoast.com\/product\/yoast-seo-wordpress\/ -->\n<title>Ristorante - Trattoria - Ogris | Ludmannsdorf | Klagenfurt | CarinziaRistorante - Trattoria - Ogris | Ludmannsdorf | Klagenfurt | Carinzia<\/title>\n<meta name=\"description\" content=\"La nostra casa \u00e8 molto conosciuta per la sua tradizione, per la cucina genuina tipicamente carinziana e per le bevande assortite.\" \/>\n<meta name=\"robots\" content=\"index, follow, max-snippet:-1, max-image-preview:large, max-video-preview:-1\" \/>\n<link rel=\"canonical\" href=\"https:\/\/www.gasthaus-ogris.at\/restaurant-essen-und-trinken-im-rosental\/\" \/>\n<meta property=\"og:locale\" content=\"it_IT\" \/>\n<meta property=\"og:type\" content=\"article\" \/>\n<meta property=\"og:title\" content=\"[:de][:de]Essen und Trinken in K\u00e4rnten | Gasthaus \u2013 Gasthof \u2013 Restaurant Ogris | Gut Essen und Trinken in Ludmannsdorf - Carnica Rosental - K\u00e4rnten[:si]Restavracija | Gosti\u0161\u010de - Gostilna Ogris &quot;Miklav\u017e&quot; | Bil\u010dovs - Koro\u0161ka[:it]Ristorante - Trattoria - Ogris | Ludmannsdorf | Klagenfurt | Carinzia[:si]Restavracija | Gosti\u0161\u010de - Gostilna Ogris &quot;Miklav\u017e&quot; | Bil\u010dovs - Koro\u0161ka[:it][:de]Essen und Trinken in K\u00e4rnten | Gasthaus \u2013 Gasthof \u2013 Restaurant Ogris | Gut Essen und Trinken in Ludmannsdorf - Carnica Rosental - K\u00e4rnten [:si]Restavracija | Gosti\u0161\u010de - Gostilna Ogris &quot;Miklav\u017e&quot; | Bil\u010dovs - Koro\u0161ka[:it]Ristorante - Trattoria - Ogris | Ludmannsdorf | Klagenfurt | Carinzia[:]\" \/>\n<meta property=\"og:description\" content=\"{:de}Das Gasthaus Ogris, auch \u201cMiklav\u017e\u201d genannt, ist schon seit Jahrhunderten ein beliebter Treffpunkt f\u00fcr Reisende und Einheimische. Gut essen und trinken in Ludmannsdorf \/ K\u00e4rnten {:si} Gostilna Ogris ali po doma\u010de \u201cMiklav\u017e\u201d je \u017ee stoletja priljubljeno zbirali\u0161\u010de popotnikov in doma\u010dinov.{:it}La nostra casa \u00e8 molto conosciuta per la sua tradizione, per la cucina genuina tipicamente carinziana e per le bevande assortite.{:}\" \/>\n<meta property=\"og:url\" content=\"https:\/\/www.gasthaus-ogris.at\/restaurant-essen-und-trinken-im-rosental\/\" \/>\n<meta property=\"og:site_name\" content=\"Gasthaus - Gosti\u0161\u010de - Trattoria Ogris\" \/>\n<meta property=\"article:publisher\" content=\"https:\/\/www.facebook.com\/GasthausOgris\" \/>\n<meta property=\"article:modified_time\" content=\"2022-11-16T14:27:33+00:00\" \/>\n<meta property=\"og:image\" content=\"https:\/\/www.gasthaus-ogris.at\/wp-content\/uploads\/2016\/03\/Gaststube_Ogris_Ludmannsdorf.jpg\" \/>\n\t<meta property=\"og:image:width\" content=\"1766\" \/>\n\t<meta property=\"og:image:height\" content=\"757\" \/>\n\t<meta property=\"og:image:type\" content=\"image\/jpeg\" \/>\n<meta name=\"twitter:label1\" content=\"Tempo di lettura stimato\" \/>\n\t<meta name=\"twitter:data1\" content=\"1 minuto\" \/>\n<script type=\"application\/ld+json\" class=\"yoast-schema-graph\">{\"@context\":\"https:\\\/\\\/schema.org\",\"@graph\":[{\"@type\":\"WebPage\",\"@id\":\"https:\\\/\\\/www.gasthaus-ogris.at\\\/restaurant-essen-und-trinken-im-rosental\\\/\",\"url\":\"https:\\\/\\\/www.gasthaus-ogris.at\\\/restaurant-essen-und-trinken-im-rosental\\\/\",\"name\":\"[:de][:de]Essen und Trinken in K\u00e4rnten | Gasthaus \u2013 Gasthof \u2013 Restaurant Ogris | Gut Essen und Trinken in Ludmannsdorf - Carnica Rosental - K\u00e4rnten[:si]Restavracija | Gosti\u0161\u010de - Gostilna Ogris \\\"Miklav\u017e\\\" | Bil\u010dovs - Koro\u0161ka[:it]Ristorante - Trattoria - Ogris | Ludmannsdorf | Klagenfurt | Carinzia[:si]Restavracija | Gosti\u0161\u010de - Gostilna Ogris \\\"Miklav\u017e\\\" | Bil\u010dovs - Koro\u0161ka[:it][:de]Essen und Trinken in K\u00e4rnten | Gasthaus \u2013 Gasthof \u2013 Restaurant Ogris | Gut Essen und Trinken in Ludmannsdorf - Carnica Rosental - K\u00e4rnten [:si]Restavracija | Gosti\u0161\u010de - Gostilna Ogris \\\"Miklav\u017e\\\" | Bil\u010dovs - Koro\u0161ka[:it]Ristorante - Trattoria - Ogris | Ludmannsdorf | Klagenfurt | Carinzia[:]\",\"isPartOf\":{\"@id\":\"https:\\\/\\\/www.gasthaus-ogris.at\\\/#website\"},\"primaryImageOfPage\":{\"@id\":\"https:\\\/\\\/www.gasthaus-ogris.at\\\/restaurant-essen-und-trinken-im-rosental\\\/#primaryimage\"},\"image\":{\"@id\":\"https:\\\/\\\/www.gasthaus-ogris.at\\\/restaurant-essen-und-trinken-im-rosental\\\/#primaryimage\"},\"thumbnailUrl\":\"https:\\\/\\\/www.gasthaus-ogris.at\\\/wp-content\\\/uploads\\\/2016\\\/03\\\/Gaststube_Ogris_Ludmannsdorf.jpg\",\"datePublished\":\"2016-03-11T15:06:16+00:00\",\"dateModified\":\"2022-11-16T14:27:33+00:00\",\"description\":\"{:de}Das Gasthaus Ogris, auch \u201cMiklav\u017e\u201d genannt, ist schon seit Jahrhunderten ein beliebter Treffpunkt f\u00fcr Reisende und Einheimische. Gut essen und trinken in Ludmannsdorf \\\/ K\u00e4rnten {:si} Gostilna Ogris ali po doma\u010de \u201cMiklav\u017e\u201d je \u017ee stoletja priljubljeno zbirali\u0161\u010de popotnikov in doma\u010dinov.{:it}La nostra casa \u00e8 molto conosciuta per la sua tradizione, per la cucina genuina tipicamente carinziana e per le bevande assortite.{:}\",\"breadcrumb\":{\"@id\":\"https:\\\/\\\/www.gasthaus-ogris.at\\\/restaurant-essen-und-trinken-im-rosental\\\/#breadcrumb\"},\"inLanguage\":\"it-IT\",\"potentialAction\":[{\"@type\":\"ReadAction\",\"target\":[\"https:\\\/\\\/www.gasthaus-ogris.at\\\/restaurant-essen-und-trinken-im-rosental\\\/\"]}]},{\"@type\":\"ImageObject\",\"inLanguage\":\"it-IT\",\"@id\":\"https:\\\/\\\/www.gasthaus-ogris.at\\\/restaurant-essen-und-trinken-im-rosental\\\/#primaryimage\",\"url\":\"https:\\\/\\\/www.gasthaus-ogris.at\\\/wp-content\\\/uploads\\\/2016\\\/03\\\/Gaststube_Ogris_Ludmannsdorf.jpg\",\"contentUrl\":\"https:\\\/\\\/www.gasthaus-ogris.at\\\/wp-content\\\/uploads\\\/2016\\\/03\\\/Gaststube_Ogris_Ludmannsdorf.jpg\",\"width\":1766,\"height\":757,\"caption\":\"Gaststube-Gasthaus-Ogris-in-Ludmannsdorf\"},{\"@type\":\"BreadcrumbList\",\"@id\":\"https:\\\/\\\/www.gasthaus-ogris.at\\\/restaurant-essen-und-trinken-im-rosental\\\/#breadcrumb\",\"itemListElement\":[{\"@type\":\"ListItem\",\"position\":1,\"name\":\"Home\",\"item\":\"https:\\\/\\\/www.gasthaus-ogris.at\\\/\"},{\"@type\":\"ListItem\",\"position\":2,\"name\":\"Essen und Trinken\"}]},{\"@type\":\"WebSite\",\"@id\":\"https:\\\/\\\/www.gasthaus-ogris.at\\\/#website\",\"url\":\"https:\\\/\\\/www.gasthaus-ogris.at\\\/\",\"name\":\"Gasthaus - Gosti\u0161\u010de - Trattoria Ogris\",\"description\":\"Trattoria - Ristorante Ogris | Ludmannsdorf | Klagenfurt | Carinzia\",\"publisher\":{\"@id\":\"https:\\\/\\\/www.gasthaus-ogris.at\\\/#organization\"},\"potentialAction\":[{\"@type\":\"SearchAction\",\"target\":{\"@type\":\"EntryPoint\",\"urlTemplate\":\"https:\\\/\\\/www.gasthaus-ogris.at\\\/?s={search_term_string}\"},\"query-input\":{\"@type\":\"PropertyValueSpecification\",\"valueRequired\":true,\"valueName\":\"search_term_string\"}}],\"inLanguage\":\"it-IT\"},{\"@type\":\"Organization\",\"@id\":\"https:\\\/\\\/www.gasthaus-ogris.at\\\/#organization\",\"name\":\"Gasthaus - Gosti\u0161\u010de - Trattoria Ogris\",\"url\":\"https:\\\/\\\/www.gasthaus-ogris.at\\\/\",\"logo\":{\"@type\":\"ImageObject\",\"inLanguage\":\"it-IT\",\"@id\":\"https:\\\/\\\/www.gasthaus-ogris.at\\\/#\\\/schema\\\/logo\\\/image\\\/\",\"url\":\"https:\\\/\\\/www.gasthaus-ogris.at\\\/wp-content\\\/uploads\\\/2016\\\/03\\\/Header_Logo_Gasthaus_Ogris.png\",\"contentUrl\":\"https:\\\/\\\/www.gasthaus-ogris.at\\\/wp-content\\\/uploads\\\/2016\\\/03\\\/Header_Logo_Gasthaus_Ogris.png\",\"width\":327,\"height\":100,\"caption\":\"Gasthaus - Gosti\u0161\u010de - Trattoria Ogris\"},\"image\":{\"@id\":\"https:\\\/\\\/www.gasthaus-ogris.at\\\/#\\\/schema\\\/logo\\\/image\\\/\"},\"sameAs\":[\"https:\\\/\\\/www.facebook.com\\\/GasthausOgris\",\"https:\\\/\\\/x.com\\\/GasthausOgris\"]}]}<\/script>\n<!-- \/ Yoast SEO plugin. -->","yoast_head_json":{"title":"Ristorante - Trattoria - Ogris | Ludmannsdorf | Klagenfurt | CarinziaRistorante - Trattoria - Ogris | Ludmannsdorf | Klagenfurt | Carinzia","description":"La nostra casa \u00e8 molto conosciuta per la sua tradizione, per la cucina genuina tipicamente carinziana e per le bevande assortite.","robots":{"index":"index","follow":"follow","max-snippet":"max-snippet:-1","max-image-preview":"max-image-preview:large","max-video-preview":"max-video-preview:-1"},"canonical":"https:\/\/www.gasthaus-ogris.at\/restaurant-essen-und-trinken-im-rosental\/","og_locale":"it_IT","og_type":"article","og_title":"[:de][:de]Essen und Trinken in K\u00e4rnten | Gasthaus \u2013 Gasthof \u2013 Restaurant Ogris | Gut Essen und Trinken in Ludmannsdorf - Carnica Rosental - K\u00e4rnten[:si]Restavracija | Gosti\u0161\u010de - Gostilna Ogris \"Miklav\u017e\" | Bil\u010dovs - Koro\u0161ka[:it]Ristorante - Trattoria - Ogris | Ludmannsdorf | Klagenfurt | Carinzia[:si]Restavracija | Gosti\u0161\u010de - Gostilna Ogris \"Miklav\u017e\" | Bil\u010dovs - Koro\u0161ka[:it][:de]Essen und Trinken in K\u00e4rnten | Gasthaus \u2013 Gasthof \u2013 Restaurant Ogris | Gut Essen und Trinken in Ludmannsdorf - Carnica Rosental - K\u00e4rnten [:si]Restavracija | Gosti\u0161\u010de - Gostilna Ogris \"Miklav\u017e\" | Bil\u010dovs - Koro\u0161ka[:it]Ristorante - Trattoria - Ogris | Ludmannsdorf | Klagenfurt | Carinzia[:]","og_description":"{:de}Das Gasthaus Ogris, auch \u201cMiklav\u017e\u201d genannt, ist schon seit Jahrhunderten ein beliebter Treffpunkt f\u00fcr Reisende und Einheimische. Gut essen und trinken in Ludmannsdorf \/ K\u00e4rnten {:si} Gostilna Ogris ali po doma\u010de \u201cMiklav\u017e\u201d je \u017ee stoletja priljubljeno zbirali\u0161\u010de popotnikov in doma\u010dinov.{:it}La nostra casa \u00e8 molto conosciuta per la sua tradizione, per la cucina genuina tipicamente carinziana e per le bevande assortite.{:}","og_url":"https:\/\/www.gasthaus-ogris.at\/restaurant-essen-und-trinken-im-rosental\/","og_site_name":"Gasthaus - Gosti\u0161\u010de - Trattoria Ogris","article_publisher":"https:\/\/www.facebook.com\/GasthausOgris","article_modified_time":"2022-11-16T14:27:33+00:00","og_image":[{"width":1766,"height":757,"url":"https:\/\/www.gasthaus-ogris.at\/wp-content\/uploads\/2016\/03\/Gaststube_Ogris_Ludmannsdorf.jpg","type":"image\/jpeg"}],"twitter_misc":{"Tempo di lettura stimato":"1 minuto"},"schema":{"@context":"https:\/\/schema.org","@graph":[{"@type":"WebPage","@id":"https:\/\/www.gasthaus-ogris.at\/restaurant-essen-und-trinken-im-rosental\/","url":"https:\/\/www.gasthaus-ogris.at\/restaurant-essen-und-trinken-im-rosental\/","name":"[:de][:de]Essen und Trinken in K\u00e4rnten | Gasthaus \u2013 Gasthof \u2013 Restaurant Ogris | Gut Essen und Trinken in Ludmannsdorf - Carnica Rosental - K\u00e4rnten[:si]Restavracija | Gosti\u0161\u010de - Gostilna Ogris \"Miklav\u017e\" | Bil\u010dovs - Koro\u0161ka[:it]Ristorante - Trattoria - Ogris | Ludmannsdorf | Klagenfurt | Carinzia[:si]Restavracija | Gosti\u0161\u010de - Gostilna Ogris \"Miklav\u017e\" | Bil\u010dovs - Koro\u0161ka[:it][:de]Essen und Trinken in K\u00e4rnten | Gasthaus \u2013 Gasthof \u2013 Restaurant Ogris | Gut Essen und Trinken in Ludmannsdorf - Carnica Rosental - K\u00e4rnten [:si]Restavracija | Gosti\u0161\u010de - Gostilna Ogris \"Miklav\u017e\" | Bil\u010dovs - Koro\u0161ka[:it]Ristorante - Trattoria - Ogris | Ludmannsdorf | Klagenfurt | Carinzia[:]","isPartOf":{"@id":"https:\/\/www.gasthaus-ogris.at\/#website"},"primaryImageOfPage":{"@id":"https:\/\/www.gasthaus-ogris.at\/restaurant-essen-und-trinken-im-rosental\/#primaryimage"},"image":{"@id":"https:\/\/www.gasthaus-ogris.at\/restaurant-essen-und-trinken-im-rosental\/#primaryimage"},"thumbnailUrl":"https:\/\/www.gasthaus-ogris.at\/wp-content\/uploads\/2016\/03\/Gaststube_Ogris_Ludmannsdorf.jpg","datePublished":"2016-03-11T15:06:16+00:00","dateModified":"2022-11-16T14:27:33+00:00","description":"{:de}Das Gasthaus Ogris, auch \u201cMiklav\u017e\u201d genannt, ist schon seit Jahrhunderten ein beliebter Treffpunkt f\u00fcr Reisende und Einheimische. Gut essen und trinken in Ludmannsdorf \/ K\u00e4rnten {:si} Gostilna Ogris ali po doma\u010de \u201cMiklav\u017e\u201d je \u017ee stoletja priljubljeno zbirali\u0161\u010de popotnikov in doma\u010dinov.{:it}La nostra casa \u00e8 molto conosciuta per la sua tradizione, per la cucina genuina tipicamente carinziana e per le bevande assortite.{:}","breadcrumb":{"@id":"https:\/\/www.gasthaus-ogris.at\/restaurant-essen-und-trinken-im-rosental\/#breadcrumb"},"inLanguage":"it-IT","potentialAction":[{"@type":"ReadAction","target":["https:\/\/www.gasthaus-ogris.at\/restaurant-essen-und-trinken-im-rosental\/"]}]},{"@type":"ImageObject","inLanguage":"it-IT","@id":"https:\/\/www.gasthaus-ogris.at\/restaurant-essen-und-trinken-im-rosental\/#primaryimage","url":"https:\/\/www.gasthaus-ogris.at\/wp-content\/uploads\/2016\/03\/Gaststube_Ogris_Ludmannsdorf.jpg","contentUrl":"https:\/\/www.gasthaus-ogris.at\/wp-content\/uploads\/2016\/03\/Gaststube_Ogris_Ludmannsdorf.jpg","width":1766,"height":757,"caption":"Gaststube-Gasthaus-Ogris-in-Ludmannsdorf"},{"@type":"BreadcrumbList","@id":"https:\/\/www.gasthaus-ogris.at\/restaurant-essen-und-trinken-im-rosental\/#breadcrumb","itemListElement":[{"@type":"ListItem","position":1,"name":"Home","item":"https:\/\/www.gasthaus-ogris.at\/"},{"@type":"ListItem","position":2,"name":"Essen und Trinken"}]},{"@type":"WebSite","@id":"https:\/\/www.gasthaus-ogris.at\/#website","url":"https:\/\/www.gasthaus-ogris.at\/","name":"Gasthaus - Gosti\u0161\u010de - Trattoria Ogris","description":"Trattoria - Ristorante Ogris | Ludmannsdorf | Klagenfurt | Carinzia","publisher":{"@id":"https:\/\/www.gasthaus-ogris.at\/#organization"},"potentialAction":[{"@type":"SearchAction","target":{"@type":"EntryPoint","urlTemplate":"https:\/\/www.gasthaus-ogris.at\/?s={search_term_string}"},"query-input":{"@type":"PropertyValueSpecification","valueRequired":true,"valueName":"search_term_string"}}],"inLanguage":"it-IT"},{"@type":"Organization","@id":"https:\/\/www.gasthaus-ogris.at\/#organization","name":"Gasthaus - Gosti\u0161\u010de - Trattoria Ogris","url":"https:\/\/www.gasthaus-ogris.at\/","logo":{"@type":"ImageObject","inLanguage":"it-IT","@id":"https:\/\/www.gasthaus-ogris.at\/#\/schema\/logo\/image\/","url":"https:\/\/www.gasthaus-ogris.at\/wp-content\/uploads\/2016\/03\/Header_Logo_Gasthaus_Ogris.png","contentUrl":"https:\/\/www.gasthaus-ogris.at\/wp-content\/uploads\/2016\/03\/Header_Logo_Gasthaus_Ogris.png","width":327,"height":100,"caption":"Gasthaus - Gosti\u0161\u010de - Trattoria Ogris"},"image":{"@id":"https:\/\/www.gasthaus-ogris.at\/#\/schema\/logo\/image\/"},"sameAs":["https:\/\/www.facebook.com\/GasthausOgris","https:\/\/x.com\/GasthausOgris"]}]}},"_links":{"self":[{"href":"https:\/\/www.gasthaus-ogris.at\/it\/wp-json\/wp\/v2\/pages\/31","targetHints":{"allow":["GET"]}}],"collection":[{"href":"https:\/\/www.gasthaus-ogris.at\/it\/wp-json\/wp\/v2\/pages"}],"about":[{"href":"https:\/\/www.gasthaus-ogris.at\/it\/wp-json\/wp\/v2\/types\/page"}],"author":[{"embeddable":true,"href":"https:\/\/www.gasthaus-ogris.at\/it\/wp-json\/wp\/v2\/users\/3"}],"replies":[{"embeddable":true,"href":"https:\/\/www.gasthaus-ogris.at\/it\/wp-json\/wp\/v2\/comments?post=31"}],"version-history":[{"count":0,"href":"https:\/\/www.gasthaus-ogris.at\/it\/wp-json\/wp\/v2\/pages\/31\/revisions"}],"wp:featuredmedia":[{"embeddable":true,"href":"https:\/\/www.gasthaus-ogris.at\/it\/wp-json\/wp\/v2\/media\/23"}],"wp:attachment":[{"href":"https:\/\/www.gasthaus-ogris.at\/it\/wp-json\/wp\/v2\/media?parent=31"}],"curies":[{"name":"wp","href":"https:\/\/api.w.org\/{rel}","templated":true}]}}