{"id":29,"date":"2016-03-11T16:05:41","date_gmt":"2016-03-11T15:05:41","guid":{"rendered":"http:\/\/www.gasthaus-ogris.at\/?page_id=29"},"modified":"2026-04-16T08:34:17","modified_gmt":"2026-04-16T06:34:17","slug":"ueber-uns","status":"publish","type":"page","link":"https:\/\/www.gasthaus-ogris.at\/it\/ueber-uns\/","title":{"rendered":"Parliamo di Noi"},"content":{"rendered":"<p><\/p>\n<p style=\"text-align: center;\"><img loading=\"lazy\" decoding=\"async\" class=\"aligncenter wp-image-2914\" src=\"https:\/\/www.gasthaus-ogris.at\/wp-content\/uploads\/2025\/01\/Familie_Ogris_2025_transparent2-300x225.webp\" alt=\"Familienfoto Familie Ogris\" width=\"450\" height=\"338\" srcset=\"https:\/\/www.gasthaus-ogris.at\/wp-content\/uploads\/2025\/01\/Familie_Ogris_2025_transparent2-300x225.webp 300w, https:\/\/www.gasthaus-ogris.at\/wp-content\/uploads\/2025\/01\/Familie_Ogris_2025_transparent2.webp 800w\" sizes=\"auto, (max-width: 450px) 100vw, 450px\" \/><br \/>\nLa trattoria Ogris \u2013 gli abitanti di Ludmannsdorf la chiamano \u201cMiklav\u017e\u201d \u2013 \u00e8 gi\u00e0 da decenni per i turisti un luogo d\u2019 incontro molto conosciuto. L\u2019 ospitalit\u00e0 e comodit\u00e0 ci fanno sentire benvenuti e pi\u00f9 che solo ospiti. L\u2019 eccellente cucina carinziana e del Rosental piace ad ogni ospite.<\/p>\n<p style=\"text-align: center;\">Il ristorante pu\u00f2 ospitare pi\u00f9 di 200 persone perci\u00f2 \u00e8 raccomandabile per matrimoni, feste di compleanno, incontri d\u2019 affari e seminari. Se il tempo \u00e8 bello potete passare qualche ora sulla nostra terrazza bellissima.<\/p>\n<p style=\"text-align: center;\">La trattoria Ogris \u00e8 riuscita, nonostante l\u2019 adattamento al tempo moderno, a mantenere la sua tradizione e un\u2019 atmosfera molto amichevole.<\/p>\n<p style=\"text-align: center;\">Per tutti quelli che vogliono rimanere a Ludmannsdorf&nbsp;per qualche giorno abbiamo camere nuove e molto confortevoli .<br \/>\nTrovateci e fattevi un\u2019 idea di noi!<\/p>\n<p><\/p>","protected":false},"excerpt":{"rendered":"<p>La trattoria Ogris \u2013 gli abitanti di Ludmannsdorf la chiamano \u201cMiklav\u017e\u201d \u2013 \u00e8 gi\u00e0 da decenni per i turisti un luogo d\u2019 incontro molto conosciuto. L\u2019 ospitalit\u00e0 e comodit\u00e0 ci&#8230; <\/p>\n","protected":false},"author":3,"featured_media":0,"parent":0,"menu_order":0,"comment_status":"closed","ping_status":"closed","template":"","meta":{"ngg_post_thumbnail":0,"footnotes":""},"class_list":["post-29","page","type-page","status-publish","hentry"],"yoast_head":"<!-- This site is optimized with the Yoast SEO plugin v27.4 - https:\/\/yoast.com\/product\/yoast-seo-wordpress\/ -->\n<title>Chi siamo \u2013 Trattoria Ogris | cucina carinziana e ospitalit\u00e0 nel Rosental vicino al Lago W\u00f6rthersee<\/title>\n<meta name=\"description\" content=\"Chi siamo: la Trattoria Ogris nel Rosental rappresenta cucina carinziana, prodotti regionali e ospitalit\u00e0 vicino al Lago W\u00f6rthersee.\" \/>\n<meta name=\"robots\" content=\"index, follow, max-snippet:-1, max-image-preview:large, max-video-preview:-1\" \/>\n<link rel=\"canonical\" href=\"https:\/\/www.gasthaus-ogris.at\/it\/ueber-uns\/\" \/>\n<meta property=\"og:locale\" content=\"it_IT\" \/>\n<meta property=\"og:type\" content=\"article\" \/>\n<meta property=\"og:title\" content=\"Chi siamo \u2013 Trattoria Ogris | cucina carinziana e ospitalit\u00e0 nel Rosental vicino al Lago W\u00f6rthersee\" \/>\n<meta property=\"og:description\" content=\"Chi siamo: la Trattoria Ogris nel Rosental rappresenta cucina carinziana, prodotti regionali e ospitalit\u00e0 vicino al Lago W\u00f6rthersee.\" \/>\n<meta property=\"og:url\" content=\"https:\/\/www.gasthaus-ogris.at\/it\/ueber-uns\/\" \/>\n<meta property=\"og:site_name\" content=\"Gasthaus Ogris \u2013 K\u00e4rntner K\u00fcche &amp; Zimmer in Ludmannsdorf | Rosental K\u00e4rnten\" \/>\n<meta property=\"article:publisher\" content=\"https:\/\/www.facebook.com\/GasthausOgris\" \/>\n<meta property=\"article:modified_time\" content=\"2026-04-16T06:34:17+00:00\" \/>\n<meta property=\"og:image\" content=\"https:\/\/www.gasthaus-ogris.at\/wp-content\/uploads\/2025\/01\/Familie_Ogris_2025_transparent2.webp\" \/>\n\t<meta property=\"og:image:width\" content=\"800\" \/>\n\t<meta property=\"og:image:height\" content=\"600\" \/>\n\t<meta property=\"og:image:type\" content=\"image\/webp\" \/>\n<meta name=\"twitter:label1\" content=\"Tempo di lettura stimato\" \/>\n\t<meta name=\"twitter:data1\" content=\"2 minuti\" \/>\n<script type=\"application\/ld+json\" class=\"yoast-schema-graph\">{\"@context\":\"https:\\\/\\\/schema.org\",\"@graph\":[{\"@type\":\"WebPage\",\"@id\":\"https:\\\/\\\/www.gasthaus-ogris.at\\\/it\\\/ueber-uns\\\/\",\"url\":\"https:\\\/\\\/www.gasthaus-ogris.at\\\/it\\\/ueber-uns\\\/\",\"name\":\"Chi siamo \u2013 Trattoria Ogris | cucina carinziana e ospitalit\u00e0 nel Rosental vicino al Lago W\u00f6rthersee\",\"isPartOf\":{\"@id\":\"https:\\\/\\\/www.gasthaus-ogris.at\\\/it\\\/#website\"},\"primaryImageOfPage\":{\"@id\":\"https:\\\/\\\/www.gasthaus-ogris.at\\\/it\\\/ueber-uns\\\/#primaryimage\"},\"image\":{\"@id\":\"https:\\\/\\\/www.gasthaus-ogris.at\\\/ueber-uns\\\/#primaryimage\"},\"thumbnailUrl\":\"https:\\\/\\\/www.gasthaus-ogris.at\\\/wp-content\\\/uploads\\\/2025\\\/01\\\/Familie_Ogris_2025_transparent2-300x225.webp\",\"datePublished\":\"2016-03-11T15:05:41+00:00\",\"dateModified\":\"2026-04-16T06:34:17+00:00\",\"description\":\"Chi siamo: la Trattoria Ogris nel Rosental rappresenta cucina carinziana, prodotti regionali e ospitalit\u00e0 vicino al Lago W\u00f6rthersee.\",\"breadcrumb\":{\"@id\":\"https:\\\/\\\/www.gasthaus-ogris.at\\\/it\\\/ueber-uns\\\/#breadcrumb\"},\"inLanguage\":\"it-IT\",\"potentialAction\":[{\"@type\":\"ReadAction\",\"target\":[[\"https:\\\/\\\/www.gasthaus-ogris.at\\\/it\\\/ueber-uns\\\/\"]]}]},{\"@type\":\"ImageObject\",\"inLanguage\":\"it-IT\",\"@id\":\"https:\\\/\\\/www.gasthaus-ogris.at\\\/it\\\/ueber-uns\\\/#primaryimage\",\"url\":\"https:\\\/\\\/www.gasthaus-ogris.at\\\/wp-content\\\/uploads\\\/2025\\\/01\\\/Familie_Ogris_2025_transparent2-300x225.webp\",\"contentUrl\":\"https:\\\/\\\/www.gasthaus-ogris.at\\\/wp-content\\\/uploads\\\/2025\\\/01\\\/Familie_Ogris_2025_transparent2-300x225.webp\"},{\"@type\":\"BreadcrumbList\",\"@id\":\"https:\\\/\\\/www.gasthaus-ogris.at\\\/it\\\/ueber-uns\\\/#breadcrumb\",\"itemListElement\":[{\"@type\":\"ListItem\",\"position\":1,\"name\":\"Home\",\"item\":\"https:\\\/\\\/www.gasthaus-ogris.at\\\/it\\\/\"},{\"@type\":\"ListItem\",\"position\":2,\"name\":\"\u00dcber Uns\"}]},{\"@type\":\"WebSite\",\"@id\":\"https:\\\/\\\/www.gasthaus-ogris.at\\\/it\\\/#website\",\"url\":\"https:\\\/\\\/www.gasthaus-ogris.at\\\/it\\\/\",\"name\":\"Gasthaus Ogris \u2013 K\u00e4rntner K\u00fcche &amp; Zimmer in Ludmannsdorf | Rosental K\u00e4rnten\",\"description\":\"[:de]Gasthaus Ogris \u2013 K\u00e4rntner K\u00fcche &amp; Zimmer in Ludmannsdorf | Rosental K\u00e4rnten W\u00f6rthersee  [:si]Gosti\u0161\u010de Ogris \u201eMiklav\u017e\u201c \u2013 Bil\u010dovs | Ro\u017e \u2013 Koro\u0161ka  [:it]Trattoria Ogris \u2013 Ludmannsdorf | Carinzia  [:sl]Gostisce Ogris &quot;Miklavz&quot; \u2013 Bilcovs | Roz \u2013 Koroska[:]\",\"publisher\":{\"@id\":\"https:\\\/\\\/www.gasthaus-ogris.at\\\/it\\\/#organization\"},\"potentialAction\":[{\"@type\":\"SearchAction\",\"target\":{\"@type\":\"EntryPoint\",\"urlTemplate\":\"https:\\\/\\\/www.gasthaus-ogris.at\\\/it\\\/?s={search_term_string}\"},\"query-input\":{\"@type\":\"PropertyValueSpecification\",\"valueRequired\":true,\"valueName\":\"search_term_string\"}}],\"inLanguage\":\"it-IT\"},{\"@type\":\"Organization\",\"@id\":\"https:\\\/\\\/www.gasthaus-ogris.at\\\/it\\\/#organization\",\"name\":\"Gasthaus - Gosti\u0161\u010de - Trattoria Ogris\",\"url\":\"https:\\\/\\\/www.gasthaus-ogris.at\\\/it\\\/\",\"logo\":{\"@type\":\"ImageObject\",\"inLanguage\":\"it-IT\",\"@id\":\"https:\\\/\\\/www.gasthaus-ogris.at\\\/it\\\/#\\\/schema\\\/logo\\\/image\\\/\",\"url\":\"https:\\\/\\\/www.gasthaus-ogris.at\\\/wp-content\\\/uploads\\\/2016\\\/03\\\/Header_Logo_Gasthaus_Ogris.png\",\"contentUrl\":\"https:\\\/\\\/www.gasthaus-ogris.at\\\/wp-content\\\/uploads\\\/2016\\\/03\\\/Header_Logo_Gasthaus_Ogris.png\",\"width\":327,\"height\":100,\"caption\":\"Gasthaus - Gosti\u0161\u010de - Trattoria Ogris\"},\"image\":{\"@id\":\"https:\\\/\\\/www.gasthaus-ogris.at\\\/it\\\/#\\\/schema\\\/logo\\\/image\\\/\"},\"sameAs\":[\"https:\\\/\\\/www.facebook.com\\\/GasthausOgris\",\"https:\\\/\\\/x.com\\\/GasthausOgris\"]}]}<\/script>\n<!-- \/ Yoast SEO plugin. -->","yoast_head_json":{"title":"Chi siamo \u2013 Trattoria Ogris | cucina carinziana e ospitalit\u00e0 nel Rosental vicino al Lago W\u00f6rthersee","description":"Chi siamo: la Trattoria Ogris nel Rosental rappresenta cucina carinziana, prodotti regionali e ospitalit\u00e0 vicino al Lago W\u00f6rthersee.","robots":{"index":"index","follow":"follow","max-snippet":"max-snippet:-1","max-image-preview":"max-image-preview:large","max-video-preview":"max-video-preview:-1"},"canonical":"https:\/\/www.gasthaus-ogris.at\/it\/ueber-uns\/","og_locale":"it_IT","og_type":"article","og_title":"Chi siamo \u2013 Trattoria Ogris | cucina carinziana e ospitalit\u00e0 nel Rosental vicino al Lago W\u00f6rthersee","og_description":"Chi siamo: la Trattoria Ogris nel Rosental rappresenta cucina carinziana, prodotti regionali e ospitalit\u00e0 vicino al Lago W\u00f6rthersee.","og_url":"https:\/\/www.gasthaus-ogris.at\/it\/ueber-uns\/","og_site_name":"Gasthaus Ogris \u2013 K\u00e4rntner K\u00fcche &amp; Zimmer in Ludmannsdorf | Rosental K\u00e4rnten","article_publisher":"https:\/\/www.facebook.com\/GasthausOgris","article_modified_time":"2026-04-16T06:34:17+00:00","og_image":[{"width":800,"height":600,"url":"https:\/\/www.gasthaus-ogris.at\/wp-content\/uploads\/2025\/01\/Familie_Ogris_2025_transparent2.webp","type":"image\/webp"}],"twitter_misc":{"Tempo di lettura stimato":"2 minuti"},"schema":{"@context":"https:\/\/schema.org","@graph":[{"@type":"WebPage","@id":"https:\/\/www.gasthaus-ogris.at\/it\/ueber-uns\/","url":"https:\/\/www.gasthaus-ogris.at\/it\/ueber-uns\/","name":"Chi siamo \u2013 Trattoria Ogris | cucina carinziana e ospitalit\u00e0 nel Rosental vicino al Lago W\u00f6rthersee","isPartOf":{"@id":"https:\/\/www.gasthaus-ogris.at\/it\/#website"},"primaryImageOfPage":{"@id":"https:\/\/www.gasthaus-ogris.at\/it\/ueber-uns\/#primaryimage"},"image":{"@id":"https:\/\/www.gasthaus-ogris.at\/ueber-uns\/#primaryimage"},"thumbnailUrl":"https:\/\/www.gasthaus-ogris.at\/wp-content\/uploads\/2025\/01\/Familie_Ogris_2025_transparent2-300x225.webp","datePublished":"2016-03-11T15:05:41+00:00","dateModified":"2026-04-16T06:34:17+00:00","description":"Chi siamo: la Trattoria Ogris nel Rosental rappresenta cucina carinziana, prodotti regionali e ospitalit\u00e0 vicino al Lago W\u00f6rthersee.","breadcrumb":{"@id":"https:\/\/www.gasthaus-ogris.at\/it\/ueber-uns\/#breadcrumb"},"inLanguage":"it-IT","potentialAction":[{"@type":"ReadAction","target":[["https:\/\/www.gasthaus-ogris.at\/it\/ueber-uns\/"]]}]},{"@type":"ImageObject","inLanguage":"it-IT","@id":"https:\/\/www.gasthaus-ogris.at\/it\/ueber-uns\/#primaryimage","url":"https:\/\/www.gasthaus-ogris.at\/wp-content\/uploads\/2025\/01\/Familie_Ogris_2025_transparent2-300x225.webp","contentUrl":"https:\/\/www.gasthaus-ogris.at\/wp-content\/uploads\/2025\/01\/Familie_Ogris_2025_transparent2-300x225.webp"},{"@type":"BreadcrumbList","@id":"https:\/\/www.gasthaus-ogris.at\/it\/ueber-uns\/#breadcrumb","itemListElement":[{"@type":"ListItem","position":1,"name":"Home","item":"https:\/\/www.gasthaus-ogris.at\/it\/"},{"@type":"ListItem","position":2,"name":"\u00dcber Uns"}]},{"@type":"WebSite","@id":"https:\/\/www.gasthaus-ogris.at\/it\/#website","url":"https:\/\/www.gasthaus-ogris.at\/it\/","name":"Gasthaus Ogris \u2013 K\u00e4rntner K\u00fcche &amp; Zimmer in Ludmannsdorf | Rosental K\u00e4rnten","description":"[:de]Gasthaus Ogris \u2013 K\u00e4rntner K\u00fcche &amp; Zimmer in Ludmannsdorf | Rosental K\u00e4rnten W\u00f6rthersee  [:si]Gosti\u0161\u010de Ogris \u201eMiklav\u017e\u201c \u2013 Bil\u010dovs | Ro\u017e \u2013 Koro\u0161ka  [:it]Trattoria Ogris \u2013 Ludmannsdorf | Carinzia  [:sl]Gostisce Ogris &quot;Miklavz&quot; \u2013 Bilcovs | Roz \u2013 Koroska[:]","publisher":{"@id":"https:\/\/www.gasthaus-ogris.at\/it\/#organization"},"potentialAction":[{"@type":"SearchAction","target":{"@type":"EntryPoint","urlTemplate":"https:\/\/www.gasthaus-ogris.at\/it\/?s={search_term_string}"},"query-input":{"@type":"PropertyValueSpecification","valueRequired":true,"valueName":"search_term_string"}}],"inLanguage":"it-IT"},{"@type":"Organization","@id":"https:\/\/www.gasthaus-ogris.at\/it\/#organization","name":"Gasthaus - Gosti\u0161\u010de - Trattoria Ogris","url":"https:\/\/www.gasthaus-ogris.at\/it\/","logo":{"@type":"ImageObject","inLanguage":"it-IT","@id":"https:\/\/www.gasthaus-ogris.at\/it\/#\/schema\/logo\/image\/","url":"https:\/\/www.gasthaus-ogris.at\/wp-content\/uploads\/2016\/03\/Header_Logo_Gasthaus_Ogris.png","contentUrl":"https:\/\/www.gasthaus-ogris.at\/wp-content\/uploads\/2016\/03\/Header_Logo_Gasthaus_Ogris.png","width":327,"height":100,"caption":"Gasthaus - Gosti\u0161\u010de - Trattoria Ogris"},"image":{"@id":"https:\/\/www.gasthaus-ogris.at\/it\/#\/schema\/logo\/image\/"},"sameAs":["https:\/\/www.facebook.com\/GasthausOgris","https:\/\/x.com\/GasthausOgris"]}]}},"_links":{"self":[{"href":"https:\/\/www.gasthaus-ogris.at\/it\/wp-json\/wp\/v2\/pages\/29","targetHints":{"allow":["GET"]}}],"collection":[{"href":"https:\/\/www.gasthaus-ogris.at\/it\/wp-json\/wp\/v2\/pages"}],"about":[{"href":"https:\/\/www.gasthaus-ogris.at\/it\/wp-json\/wp\/v2\/types\/page"}],"author":[{"embeddable":true,"href":"https:\/\/www.gasthaus-ogris.at\/it\/wp-json\/wp\/v2\/users\/3"}],"replies":[{"embeddable":true,"href":"https:\/\/www.gasthaus-ogris.at\/it\/wp-json\/wp\/v2\/comments?post=29"}],"version-history":[{"count":0,"href":"https:\/\/www.gasthaus-ogris.at\/it\/wp-json\/wp\/v2\/pages\/29\/revisions"}],"wp:attachment":[{"href":"https:\/\/www.gasthaus-ogris.at\/it\/wp-json\/wp\/v2\/media?parent=29"}],"curies":[{"name":"wp","href":"https:\/\/api.w.org\/{rel}","templated":true}]}}