{"id":2209,"date":"2022-06-04T09:26:09","date_gmt":"2022-06-04T07:26:09","guid":{"rendered":"https:\/\/www.gasthaus-ogris.at\/?page_id=2209"},"modified":"2025-03-20T16:21:36","modified_gmt":"2025-03-20T15:21:36","slug":"online-tischreservierung","status":"publish","type":"page","link":"https:\/\/www.gasthaus-ogris.at\/it\/prenotazione-del-tavolo\/","title":{"rendered":"Prenotazione del tavolo"},"content":{"rendered":"<p><\/p>\n<div id=\"hors-hydra-b9344d00-686c-11e9-8d1d-1d95888a4f7b\">&nbsp;<\/div>\n<p><script>\tvar _hors=[['eid','hydra-b9344d00-686c-11e9-8d1d-1d95888a4f7b'],['tagid','hors-hydra-b9344d00-686c-11e9-8d1d-1d95888a4f7b'],['width','100%'],['height',''],['foregroundColor',''],['backgroundColor',''],['linkColor',''],['errorColor',''],['primaryButtonForegroundColor',''],['primaryButtonBackgroundColor',''],['secondaryButtonForegroundColor',''],['secondaryButtonBackgroundColor','']];\t(function(d, t) { var e=d.createElement(t),s=d.getElementsByTagName(t)[0];\te.src = \"https:\/\/reservation.dish.co\/widget.js\";\ts.parentNode.insertBefore(e,s);\t}(document, 'script'));<\/script><\/p>\n<p style=\"text-align: center;\">Se lo strumento di prenotazione non si carica, clicca semplicemente sull&#8217;icona.<\/p>\n<p style=\"text-align: center;\"><a href=\"https:\/\/reservation.dish.co\/widget\/hydra-b9344d00-686c-11e9-8d1d-1d95888a4f7b\"><strong>Per la prenotazione online del tavolo!<\/strong><\/a><\/p>\n<p><\/p>","protected":false},"excerpt":{"rendered":"<p>&nbsp; Se lo strumento di prenotazione non si carica, clicca semplicemente sull&#8217;icona. Per la prenotazione online del tavolo!<\/p>\n","protected":false},"author":3,"featured_media":0,"parent":0,"menu_order":0,"comment_status":"closed","ping_status":"closed","template":"","meta":{"ngg_post_thumbnail":0,"footnotes":""},"class_list":["post-2209","page","type-page","status-publish","hentry"],"yoast_head":"<!-- This site is optimized with the Yoast SEO plugin v27.3 - https:\/\/yoast.com\/product\/yoast-seo-wordpress\/ -->\n<title>Prenotazione del tavolo - Gasthaus - Gosti\u0161\u010de - Trattoria Ogris<\/title>\n<meta name=\"description\" content=\"Reservieren Sie mit wenigen klicks Ihren Tisch im Gasthaus Ogris im sch\u00f6nen Ludmannsdorf \/ Rosental in der N\u00e4he vom W\u00f6rthersee!\" \/>\n<meta name=\"robots\" content=\"index, follow, max-snippet:-1, max-image-preview:large, max-video-preview:-1\" \/>\n<link rel=\"canonical\" href=\"https:\/\/www.gasthaus-ogris.at\/online-tischreservierung\/\" \/>\n<meta property=\"og:locale\" content=\"it_IT\" \/>\n<meta property=\"og:type\" content=\"article\" \/>\n<meta property=\"og:title\" content=\"[:de]Prenotazione del tavolo - Gasthaus - Gosti\u0161\u010de - Trattoria Ogris [:]\" \/>\n<meta property=\"og:description\" content=\"{:si}Reservieren Sie mit wenigen klicks Ihren Tisch im Gasthaus Ogris im sch\u00f6nen Ludmannsdorf \/ Rosental in der N\u00e4he vom W\u00f6rthersee! {:}\" \/>\n<meta property=\"og:url\" content=\"https:\/\/www.gasthaus-ogris.at\/online-tischreservierung\/\" \/>\n<meta property=\"og:site_name\" content=\"Gasthaus - Gosti\u0161\u010de - Trattoria Ogris\" \/>\n<meta property=\"article:publisher\" content=\"https:\/\/www.facebook.com\/GasthausOgris\" \/>\n<meta property=\"article:modified_time\" content=\"2025-03-20T15:21:36+00:00\" \/>\n<meta name=\"twitter:label1\" content=\"Tempo di lettura stimato\" \/>\n\t<meta name=\"twitter:data1\" content=\"1 minuto\" \/>\n<script type=\"application\/ld+json\" class=\"yoast-schema-graph\">{\"@context\":\"https:\\\/\\\/schema.org\",\"@graph\":[{\"@type\":\"WebPage\",\"@id\":\"https:\\\/\\\/www.gasthaus-ogris.at\\\/online-tischreservierung\\\/\",\"url\":\"https:\\\/\\\/www.gasthaus-ogris.at\\\/online-tischreservierung\\\/\",\"name\":\"[:de]Prenotazione del tavolo - Gasthaus - Gosti\u0161\u010de - Trattoria Ogris [:]\",\"isPartOf\":{\"@id\":\"https:\\\/\\\/www.gasthaus-ogris.at\\\/#website\"},\"datePublished\":\"2022-06-04T07:26:09+00:00\",\"dateModified\":\"2025-03-20T15:21:36+00:00\",\"description\":\"{:si}Reservieren Sie mit wenigen klicks Ihren Tisch im Gasthaus Ogris im sch\u00f6nen Ludmannsdorf \\\/ Rosental in der N\u00e4he vom W\u00f6rthersee! {:}\",\"breadcrumb\":{\"@id\":\"https:\\\/\\\/www.gasthaus-ogris.at\\\/online-tischreservierung\\\/#breadcrumb\"},\"inLanguage\":\"it-IT\",\"potentialAction\":[{\"@type\":\"ReadAction\",\"target\":[\"https:\\\/\\\/www.gasthaus-ogris.at\\\/online-tischreservierung\\\/\"]}]},{\"@type\":\"BreadcrumbList\",\"@id\":\"https:\\\/\\\/www.gasthaus-ogris.at\\\/online-tischreservierung\\\/#breadcrumb\",\"itemListElement\":[{\"@type\":\"ListItem\",\"position\":1,\"name\":\"Home\",\"item\":\"https:\\\/\\\/www.gasthaus-ogris.at\\\/\"},{\"@type\":\"ListItem\",\"position\":2,\"name\":\"Online Tischreservierung\"}]},{\"@type\":\"WebSite\",\"@id\":\"https:\\\/\\\/www.gasthaus-ogris.at\\\/#website\",\"url\":\"https:\\\/\\\/www.gasthaus-ogris.at\\\/\",\"name\":\"Gasthaus - Gosti\u0161\u010de - Trattoria Ogris\",\"description\":\"Trattoria - Ristorante Ogris | Ludmannsdorf | Klagenfurt | Carinzia\",\"publisher\":{\"@id\":\"https:\\\/\\\/www.gasthaus-ogris.at\\\/#organization\"},\"potentialAction\":[{\"@type\":\"SearchAction\",\"target\":{\"@type\":\"EntryPoint\",\"urlTemplate\":\"https:\\\/\\\/www.gasthaus-ogris.at\\\/?s={search_term_string}\"},\"query-input\":{\"@type\":\"PropertyValueSpecification\",\"valueRequired\":true,\"valueName\":\"search_term_string\"}}],\"inLanguage\":\"it-IT\"},{\"@type\":\"Organization\",\"@id\":\"https:\\\/\\\/www.gasthaus-ogris.at\\\/#organization\",\"name\":\"Gasthaus - Gosti\u0161\u010de - Trattoria Ogris\",\"url\":\"https:\\\/\\\/www.gasthaus-ogris.at\\\/\",\"logo\":{\"@type\":\"ImageObject\",\"inLanguage\":\"it-IT\",\"@id\":\"https:\\\/\\\/www.gasthaus-ogris.at\\\/#\\\/schema\\\/logo\\\/image\\\/\",\"url\":\"https:\\\/\\\/www.gasthaus-ogris.at\\\/wp-content\\\/uploads\\\/2016\\\/03\\\/Header_Logo_Gasthaus_Ogris.png\",\"contentUrl\":\"https:\\\/\\\/www.gasthaus-ogris.at\\\/wp-content\\\/uploads\\\/2016\\\/03\\\/Header_Logo_Gasthaus_Ogris.png\",\"width\":327,\"height\":100,\"caption\":\"Gasthaus - Gosti\u0161\u010de - Trattoria Ogris\"},\"image\":{\"@id\":\"https:\\\/\\\/www.gasthaus-ogris.at\\\/#\\\/schema\\\/logo\\\/image\\\/\"},\"sameAs\":[\"https:\\\/\\\/www.facebook.com\\\/GasthausOgris\",\"https:\\\/\\\/x.com\\\/GasthausOgris\"]}]}<\/script>\n<!-- \/ Yoast SEO plugin. -->","yoast_head_json":{"title":"Prenotazione del tavolo - Gasthaus - Gosti\u0161\u010de - Trattoria Ogris","description":"Reservieren Sie mit wenigen klicks Ihren Tisch im Gasthaus Ogris im sch\u00f6nen Ludmannsdorf \/ Rosental in der N\u00e4he vom W\u00f6rthersee!","robots":{"index":"index","follow":"follow","max-snippet":"max-snippet:-1","max-image-preview":"max-image-preview:large","max-video-preview":"max-video-preview:-1"},"canonical":"https:\/\/www.gasthaus-ogris.at\/online-tischreservierung\/","og_locale":"it_IT","og_type":"article","og_title":"[:de]Prenotazione del tavolo - Gasthaus - Gosti\u0161\u010de - Trattoria Ogris [:]","og_description":"{:si}Reservieren Sie mit wenigen klicks Ihren Tisch im Gasthaus Ogris im sch\u00f6nen Ludmannsdorf \/ Rosental in der N\u00e4he vom W\u00f6rthersee! {:}","og_url":"https:\/\/www.gasthaus-ogris.at\/online-tischreservierung\/","og_site_name":"Gasthaus - Gosti\u0161\u010de - Trattoria Ogris","article_publisher":"https:\/\/www.facebook.com\/GasthausOgris","article_modified_time":"2025-03-20T15:21:36+00:00","twitter_misc":{"Tempo di lettura stimato":"1 minuto"},"schema":{"@context":"https:\/\/schema.org","@graph":[{"@type":"WebPage","@id":"https:\/\/www.gasthaus-ogris.at\/online-tischreservierung\/","url":"https:\/\/www.gasthaus-ogris.at\/online-tischreservierung\/","name":"[:de]Prenotazione del tavolo - Gasthaus - Gosti\u0161\u010de - Trattoria Ogris [:]","isPartOf":{"@id":"https:\/\/www.gasthaus-ogris.at\/#website"},"datePublished":"2022-06-04T07:26:09+00:00","dateModified":"2025-03-20T15:21:36+00:00","description":"{:si}Reservieren Sie mit wenigen klicks Ihren Tisch im Gasthaus Ogris im sch\u00f6nen Ludmannsdorf \/ Rosental in der N\u00e4he vom W\u00f6rthersee! {:}","breadcrumb":{"@id":"https:\/\/www.gasthaus-ogris.at\/online-tischreservierung\/#breadcrumb"},"inLanguage":"it-IT","potentialAction":[{"@type":"ReadAction","target":["https:\/\/www.gasthaus-ogris.at\/online-tischreservierung\/"]}]},{"@type":"BreadcrumbList","@id":"https:\/\/www.gasthaus-ogris.at\/online-tischreservierung\/#breadcrumb","itemListElement":[{"@type":"ListItem","position":1,"name":"Home","item":"https:\/\/www.gasthaus-ogris.at\/"},{"@type":"ListItem","position":2,"name":"Online Tischreservierung"}]},{"@type":"WebSite","@id":"https:\/\/www.gasthaus-ogris.at\/#website","url":"https:\/\/www.gasthaus-ogris.at\/","name":"Gasthaus - Gosti\u0161\u010de - Trattoria Ogris","description":"Trattoria - Ristorante Ogris | Ludmannsdorf | Klagenfurt | Carinzia","publisher":{"@id":"https:\/\/www.gasthaus-ogris.at\/#organization"},"potentialAction":[{"@type":"SearchAction","target":{"@type":"EntryPoint","urlTemplate":"https:\/\/www.gasthaus-ogris.at\/?s={search_term_string}"},"query-input":{"@type":"PropertyValueSpecification","valueRequired":true,"valueName":"search_term_string"}}],"inLanguage":"it-IT"},{"@type":"Organization","@id":"https:\/\/www.gasthaus-ogris.at\/#organization","name":"Gasthaus - Gosti\u0161\u010de - Trattoria Ogris","url":"https:\/\/www.gasthaus-ogris.at\/","logo":{"@type":"ImageObject","inLanguage":"it-IT","@id":"https:\/\/www.gasthaus-ogris.at\/#\/schema\/logo\/image\/","url":"https:\/\/www.gasthaus-ogris.at\/wp-content\/uploads\/2016\/03\/Header_Logo_Gasthaus_Ogris.png","contentUrl":"https:\/\/www.gasthaus-ogris.at\/wp-content\/uploads\/2016\/03\/Header_Logo_Gasthaus_Ogris.png","width":327,"height":100,"caption":"Gasthaus - Gosti\u0161\u010de - Trattoria Ogris"},"image":{"@id":"https:\/\/www.gasthaus-ogris.at\/#\/schema\/logo\/image\/"},"sameAs":["https:\/\/www.facebook.com\/GasthausOgris","https:\/\/x.com\/GasthausOgris"]}]}},"_links":{"self":[{"href":"https:\/\/www.gasthaus-ogris.at\/it\/wp-json\/wp\/v2\/pages\/2209","targetHints":{"allow":["GET"]}}],"collection":[{"href":"https:\/\/www.gasthaus-ogris.at\/it\/wp-json\/wp\/v2\/pages"}],"about":[{"href":"https:\/\/www.gasthaus-ogris.at\/it\/wp-json\/wp\/v2\/types\/page"}],"author":[{"embeddable":true,"href":"https:\/\/www.gasthaus-ogris.at\/it\/wp-json\/wp\/v2\/users\/3"}],"replies":[{"embeddable":true,"href":"https:\/\/www.gasthaus-ogris.at\/it\/wp-json\/wp\/v2\/comments?post=2209"}],"version-history":[{"count":0,"href":"https:\/\/www.gasthaus-ogris.at\/it\/wp-json\/wp\/v2\/pages\/2209\/revisions"}],"wp:attachment":[{"href":"https:\/\/www.gasthaus-ogris.at\/it\/wp-json\/wp\/v2\/media?parent=2209"}],"curies":[{"name":"wp","href":"https:\/\/api.w.org\/{rel}","templated":true}]}}