{"id":2,"date":"2016-03-11T09:33:13","date_gmt":"2016-03-11T08:33:13","guid":{"rendered":"http:\/\/www.gasthaus-ogris.at\/?page_id=2"},"modified":"2026-04-06T10:51:25","modified_gmt":"2026-04-06T08:51:25","slug":"aktualno","status":"publish","type":"page","link":"https:\/\/www.gasthaus-ogris.at\/it\/attualita\/","title":{"rendered":"Attualit\u00e0"},"content":{"rendered":"<p><\/p>\n<h1 style=\"text-align: center;\">Spargelzeit is&#8217; mit heimischen Spargel vom <a href=\"https:\/\/weber-hof.at\/\">Weber<\/a><br \/>\nab voraussichtlich 11.04.2026<\/h1>\n<p style=\"text-align: center;\"><div class=\"_3d-flip-book  fb3d-fullscreen-mode full-size\" data-id=\"3056\" data-mode=\"fullscreen\" data-title=\"false\" data-template=\"short-white-book-view\" data-lightbox=\"dark-shadow\" data-urlparam=\"fb3d-page\" data-page-n=\"0\" data-pdf=\"\" data-tax=\"null\" data-thumbnail=\"\" data-cols=\"3\" data-book-template=\"default\" data-trigger=\"\"><\/div><script type=\"text\/javascript\">window.FB3D_CLIENT_DATA = window.FB3D_CLIENT_DATA || [];FB3D_CLIENT_DATA.push('eyJwb3N0cyI6eyIzMDU2Ijp7IklEIjozMDU2LCJ0aXRsZSI6IlNwYXJnZWx6ZWl0IDIwMjYiLCJ0eXBlIjoicGRmIiwicmVhZHlfZnVuY3Rpb24iOiIiLCJib29rX3N0eWxlIjoiZmxhdCIsImJvb2tfdGVtcGxhdGUiOiJub25lIiwib3V0bGluZSI6W10sImRhdGEiOnsicG9zdF9JRCI6IjM0MDQiLCJndWlkIjoiaHR0cHM6XC9cL3d3dy5nYXN0aGF1cy1vZ3Jpcy5hdFwvd3AtY29udGVudFwvdXBsb2Fkc1wvMjAyNVwvMDRcLzI2X1NwYXJnZWxfU3BlaXNla2FydGVfR2FzdGhhdXNfT2dyaXNfV2ViLnBkZiIsInBkZl9wYWdlcyI6IjEiLCJwYWdlc19jdXN0b21pemF0aW9uIjoibm9uZSJ9LCJ0aHVtYm5haWwiOnsiZGF0YSI6eyJwb3N0X0lEIjoiMCJ9LCJ0eXBlIjoiYXV0byJ9LCJwcm9wcyI6eyJiYWNrZ3JvdW5kQ29sb3IiOiJhdXRvIiwiYmFja2dyb3VuZEltYWdlIjoiYXV0byIsImJhY2tncm91bmRTdHlsZSI6ImF1dG8iLCJoaWdobGlnaHRMaW5rcyI6ImF1dG8iLCJsaWdodGluZyI6ImF1dG8iLCJzaW5nbGVQYWdlTW9kZSI6ImF1dG8iLCJjYWNoZWRQYWdlcyI6ImF1dG8iLCJyZW5kZXJJbmFjdGl2ZVBhZ2VzIjoiYXV0byIsInJlbmRlckluYWN0aXZlUGFnZXNPbk1vYmlsZSI6ImF1dG8iLCJyZW5kZXJXaGlsZUZsaXBwaW5nIjoiYXV0byIsInByZWxvYWRQYWdlcyI6ImF1dG8iLCJhdXRvUGxheUR1cmF0aW9uIjoiYXV0byIsInJ0bCI6ImF1dG8iLCJpbnRlcmFjdGl2ZUNvcm5lcnMiOiJhdXRvIiwibWF4RGVwdGgiOiJhdXRvIiwic2hlZXQiOnsic3RhcnRWZWxvY2l0eSI6ImF1dG8iLCJ3YXZlIjoiYXV0byIsInNoYXBlIjoiYXV0byIsIndpZHRoVGV4ZWxzIjoiYXV0byIsImNvbG9yIjoiYXV0byIsInNpZGUiOiJhdXRvIiwic3RyZXRjaEltYWdlcyI6ImF1dG8iLCJjb3JuZXJEZXZpYXRpb24iOiJhdXRvIiwiZmxleGliaWxpdHkiOiJhdXRvIiwiZmxleGlibGVDb3JuZXIiOiJhdXRvIiwiYmVuZGluZyI6ImF1dG8iLCJoZWlnaHRUZXhlbHMiOiJhdXRvIn0sImNvdmVyIjp7IndhdmUiOiJhdXRvIiwiY29sb3IiOiJhdXRvIiwic2lkZSI6ImF1dG8iLCJzdHJldGNoSW1hZ2VzIjoiYXV0byIsImJpbmRlclRleHR1cmUiOiJhdXRvIiwiZGVwdGgiOiJhdXRvIiwicGFkZGluZyI6ImF1dG8iLCJzdGFydFZlbG9jaXR5IjoiYXV0byIsImZsZXhpYmlsaXR5IjoiYXV0byIsImZsZXhpYmxlQ29ybmVyIjoiYXV0byIsImJlbmRpbmciOiJhdXRvIiwid2lkdGhUZXhlbHMiOiJhdXRvIiwiaGVpZ2h0VGV4ZWxzIjoiYXV0byIsIm1hc3MiOiJhdXRvIiwic2hhcGUiOiJhdXRvIn0sInBhZ2UiOnsid2F2ZSI6ImF1dG8iLCJjb2xvciI6ImF1dG8iLCJzaWRlIjoiYXV0byIsInN0cmV0Y2hJbWFnZXMiOiJhdXRvIiwiZGVwdGgiOiJhdXRvIiwic3RhcnRWZWxvY2l0eSI6ImF1dG8iLCJmbGV4aWJpbGl0eSI6ImF1dG8iLCJmbGV4aWJsZUNvcm5lciI6ImF1dG8iLCJiZW5kaW5nIjoiYXV0byIsIndpZHRoVGV4ZWxzIjoiYXV0byIsImhlaWdodFRleGVscyI6ImF1dG8iLCJtYXNzIjoiYXV0byIsInNoYXBlIjoiYXV0byJ9LCJoZWlnaHQiOiJhdXRvIiwid2lkdGgiOiJhdXRvIiwiZ3Jhdml0eSI6ImF1dG8iLCJwYWdlc0ZvclByZWRpY3RpbmciOiJhdXRvIn0sImNvbnRyb2xQcm9wcyI6eyJhY3Rpb25zIjp7ImNtZFRvYyI6eyJlbmFibGVkIjoiYXV0byIsImVuYWJsZWRJbk5hcnJvdyI6ImF1dG8iLCJhY3RpdmUiOiJhdXRvIiwiZGVmYXVsdFRhYiI6ImF1dG8ifSwiY21kQXV0b1BsYXkiOnsiZW5hYmxlZCI6ImF1dG8iLCJlbmFibGVkSW5OYXJyb3ciOiJhdXRvIiwiYWN0aXZlIjoiYXV0byJ9LCJjbWRTYXZlIjp7ImVuYWJsZWQiOiJhdXRvIiwiZW5hYmxlZEluTmFycm93IjoiYXV0byJ9LCJjbWRQcmludCI6eyJlbmFibGVkIjoiYXV0byIsImVuYWJsZWRJbk5hcnJvdyI6ImF1dG8ifSwiY21kU2luZ2xlUGFnZSI6eyJlbmFibGVkIjoiYXV0byIsImVuYWJsZWRJbk5hcnJvdyI6ImF1dG8iLCJhY3RpdmUiOiJhdXRvIiwiYWN0aXZlRm9yTW9iaWxlIjoiYXV0byJ9LCJ3aWRUb29sYmFyIjp7ImVuYWJsZWQiOiJhdXRvIiwiZW5hYmxlZEluTmFycm93IjoiYXV0byJ9fX0sImF1dG9UaHVtYm5haWwiOiJodHRwczpcL1wvd3d3Lmdhc3RoYXVzLW9ncmlzLmF0XC93cC1jb250ZW50XC91cGxvYWRzXC8zZC1mbGlwLWJvb2tcL2F1dG8tdGh1bWJuYWlsc1wvMzA1Ni5wbmciLCJwb3N0X25hbWUiOiJzcGFyZ2VsemVpdC0yMDI1IiwicG9zdF90eXBlIjoiM2QtZmxpcC1ib29rIn19LCJwYWdlcyI6W10sImZpcnN0UGFnZXMiOltdfQ==');window.FB3D_CLIENT_LOCALE && FB3D_CLIENT_LOCALE.render && FB3D_CLIENT_LOCALE.render();<\/script><\/p>\n<p><strong>Spargelcremesuppe <\/strong>mit Obersh\u00e4ubchen<br \/>\n<strong>Belu\u0161eva juha<\/strong>s smetanovo &#8220;kronco&#8221;<\/p>\n<p><strong>Frische Blattsalate<\/strong> mit Spargelst\u00fccken &amp; hausgemachter Apfelessig &#8211; \u00d6l &#8211; Marinade<br \/>\n<strong>&#8220;Bimbotive&#8221; sve\u017ee solate<\/strong>s belu\u0161em<\/p>\n<p><strong>Heimischer \u201eWeber\u201d Spargel <\/strong>mit hausgebeiztem Rohschinken, Kr\u00e4uterkartoffeln &amp; feiner Sauce Hollandaise<br \/>\n<strong>Doma\u010d Belu\u0161 <\/strong>s \u0161unko, zeli\u0161\u010dnim krompirjem &amp; omako hollandaise<\/p>\n<p><strong>\u201eOgris\u201c gemischter vegetarischer Nudelteller <\/strong>mit heimischem Spargel in Br\u00f6selbutter &amp; gr\u00fcnem Salat<br \/>\n<strong>&#8220;Ogijevi&#8221; me\u0161ani krapi <\/strong>z doma\u010dim belu\u0161em v maslenih drobtinicah in zeleno solato<\/p>\n<p><strong>Carnica-Tafelspitz <\/strong>mit Kr\u00e4uterkartoffeln, heimischem Spargel &amp; Sauce Hollandaise<br \/>\n<strong>Carnica-govedina<\/strong>z zeli\u0161\u010dnim krompirejm, doma\u010dim belu\u0161em &amp; omako hollandaise<\/p>\n<p><strong>&#8220;Rosentaler Art&#8221; Forellenfilet <\/strong>in Portwein-Sahne-Sauce, mit Kr\u00e4uterkartoffeln &amp; heimischem Spargel in Br\u00f6selbutter<br \/>\n<strong>&#8220;Na ro\u017eanski na\u010din&#8221; postrvin filet <\/strong>v omaki iz vinsko-smetanovo omako, krompirjem &amp; doma\u010dim belu\u0161em z drobtinicami<\/p>\n<p><strong>Medaillons<\/strong> vom heimischen Schwein in Pfefferrahmsauce mit Butterreis &amp; frischem heimischem Spargel in Br\u00f6selbutter<br \/>\n<strong>Svinjski medaljoni <\/strong>v poprovi omaki, z ri\u017eem in doma\u010dim belu\u0161em z drobtinicami<\/p>","protected":false},"excerpt":{"rendered":"<p>Spargelzeit is&#8217; mit heimischen Spargel vom Weber ab voraussichtlich 11.04.2026 Spargelcremesuppe mit Obersh\u00e4ubchen Belu\u0161eva juhas smetanovo &#8220;kronco&#8221; Frische Blattsalate mit Spargelst\u00fccken &amp; hausgemachter Apfelessig &#8211; \u00d6l &#8211; Marinade &#8220;Bimbotive&#8221; sve\u017ee&#8230; <\/p>\n","protected":false},"author":3,"featured_media":0,"parent":0,"menu_order":0,"comment_status":"closed","ping_status":"open","template":"full-width.php","meta":{"ngg_post_thumbnail":0,"footnotes":""},"class_list":["post-2","page","type-page","status-publish","hentry"],"yoast_head":"<!-- This site is optimized with the Yoast SEO plugin v27.3 - https:\/\/yoast.com\/product\/yoast-seo-wordpress\/ -->\n<title>Attualit\u00e0 - Trattoria - Ristorante Ogris | Ludmannsdorf | Klagenfurt | Carinzia<\/title>\n<meta name=\"robots\" content=\"index, follow, max-snippet:-1, max-image-preview:large, max-video-preview:-1\" \/>\n<link rel=\"canonical\" href=\"https:\/\/www.gasthaus-ogris.at\/aktuelles\/\" \/>\n<meta property=\"og:locale\" content=\"it_IT\" \/>\n<meta property=\"og:type\" content=\"article\" \/>\n<meta property=\"og:title\" content=\"[:de]Aktuelles | Gasthaus \u2013 Gasthof \u2013 Restaurant Ogris | Gut Essen und Trinken in Ludmannsdorf - Carnica Rosental - K\u00e4rnten[:si]Aktuelles | Gasthaus \u2013 Gasthof \u2013 Restaurant Ogris | Gut Essen und Trinken in Ludmannsdorf - Carnica Rosental - K\u00e4rnten[:it]Attualit\u00e0 - Trattoria - Ristorante Ogris | Ludmannsdorf | Klagenfurt | Carinzia[:]\" \/>\n<meta property=\"og:description\" content=\"Spargelzeit is&#8217; mit heimischen Spargel vom Weber ab voraussichtlich 11.04.2026 Spargelcremesuppe mit Obersh\u00e4ubchen Belu\u0161eva juhas smetanovo &#8220;kronco&#8221; Frische Blattsalate mit Spargelst\u00fccken &amp; hausgemachter Apfelessig &#8211; \u00d6l &#8211; Marinade &#8220;Bimbotive&#8221; sve\u017ee...\" \/>\n<meta property=\"og:url\" content=\"https:\/\/www.gasthaus-ogris.at\/aktuelles\/\" \/>\n<meta property=\"og:site_name\" content=\"Gasthaus - Gosti\u0161\u010de - Trattoria Ogris\" \/>\n<meta property=\"article:publisher\" content=\"https:\/\/www.facebook.com\/GasthausOgris\" \/>\n<meta property=\"article:modified_time\" content=\"2026-04-06T08:51:25+00:00\" \/>\n<meta name=\"twitter:label1\" content=\"Tempo di lettura stimato\" \/>\n\t<meta name=\"twitter:data1\" content=\"2 minuti\" \/>\n<script type=\"application\/ld+json\" class=\"yoast-schema-graph\">{\"@context\":\"https:\\\/\\\/schema.org\",\"@graph\":[{\"@type\":\"WebPage\",\"@id\":\"https:\\\/\\\/www.gasthaus-ogris.at\\\/aktuelles\\\/\",\"url\":\"https:\\\/\\\/www.gasthaus-ogris.at\\\/aktuelles\\\/\",\"name\":\"[:de]Aktuelles | Gasthaus \u2013 Gasthof \u2013 Restaurant Ogris | Gut Essen und Trinken in Ludmannsdorf - Carnica Rosental - K\u00e4rnten[:si]Aktuelles | Gasthaus \u2013 Gasthof \u2013 Restaurant Ogris | Gut Essen und Trinken in Ludmannsdorf - Carnica Rosental - K\u00e4rnten[:it]Attualit\u00e0 - Trattoria - Ristorante Ogris | Ludmannsdorf | Klagenfurt | Carinzia[:]\",\"isPartOf\":{\"@id\":\"https:\\\/\\\/www.gasthaus-ogris.at\\\/#website\"},\"datePublished\":\"2016-03-11T08:33:13+00:00\",\"dateModified\":\"2026-04-06T08:51:25+00:00\",\"breadcrumb\":{\"@id\":\"https:\\\/\\\/www.gasthaus-ogris.at\\\/aktuelles\\\/#breadcrumb\"},\"inLanguage\":\"it-IT\",\"potentialAction\":[{\"@type\":\"ReadAction\",\"target\":[\"https:\\\/\\\/www.gasthaus-ogris.at\\\/aktuelles\\\/\"]}]},{\"@type\":\"BreadcrumbList\",\"@id\":\"https:\\\/\\\/www.gasthaus-ogris.at\\\/aktuelles\\\/#breadcrumb\",\"itemListElement\":[{\"@type\":\"ListItem\",\"position\":1,\"name\":\"Home\",\"item\":\"https:\\\/\\\/www.gasthaus-ogris.at\\\/\"},{\"@type\":\"ListItem\",\"position\":2,\"name\":\"Aktuelles\"}]},{\"@type\":\"WebSite\",\"@id\":\"https:\\\/\\\/www.gasthaus-ogris.at\\\/#website\",\"url\":\"https:\\\/\\\/www.gasthaus-ogris.at\\\/\",\"name\":\"Gasthaus - Gosti\u0161\u010de - Trattoria Ogris\",\"description\":\"Trattoria - Ristorante Ogris | Ludmannsdorf | Klagenfurt | Carinzia\",\"publisher\":{\"@id\":\"https:\\\/\\\/www.gasthaus-ogris.at\\\/#organization\"},\"potentialAction\":[{\"@type\":\"SearchAction\",\"target\":{\"@type\":\"EntryPoint\",\"urlTemplate\":\"https:\\\/\\\/www.gasthaus-ogris.at\\\/?s={search_term_string}\"},\"query-input\":{\"@type\":\"PropertyValueSpecification\",\"valueRequired\":true,\"valueName\":\"search_term_string\"}}],\"inLanguage\":\"it-IT\"},{\"@type\":\"Organization\",\"@id\":\"https:\\\/\\\/www.gasthaus-ogris.at\\\/#organization\",\"name\":\"Gasthaus - Gosti\u0161\u010de - Trattoria Ogris\",\"url\":\"https:\\\/\\\/www.gasthaus-ogris.at\\\/\",\"logo\":{\"@type\":\"ImageObject\",\"inLanguage\":\"it-IT\",\"@id\":\"https:\\\/\\\/www.gasthaus-ogris.at\\\/#\\\/schema\\\/logo\\\/image\\\/\",\"url\":\"https:\\\/\\\/www.gasthaus-ogris.at\\\/wp-content\\\/uploads\\\/2016\\\/03\\\/Header_Logo_Gasthaus_Ogris.png\",\"contentUrl\":\"https:\\\/\\\/www.gasthaus-ogris.at\\\/wp-content\\\/uploads\\\/2016\\\/03\\\/Header_Logo_Gasthaus_Ogris.png\",\"width\":327,\"height\":100,\"caption\":\"Gasthaus - Gosti\u0161\u010de - Trattoria Ogris\"},\"image\":{\"@id\":\"https:\\\/\\\/www.gasthaus-ogris.at\\\/#\\\/schema\\\/logo\\\/image\\\/\"},\"sameAs\":[\"https:\\\/\\\/www.facebook.com\\\/GasthausOgris\",\"https:\\\/\\\/x.com\\\/GasthausOgris\"]}]}<\/script>\n<!-- \/ Yoast SEO plugin. -->","yoast_head_json":{"title":"Attualit\u00e0 - Trattoria - Ristorante Ogris | Ludmannsdorf | Klagenfurt | Carinzia","robots":{"index":"index","follow":"follow","max-snippet":"max-snippet:-1","max-image-preview":"max-image-preview:large","max-video-preview":"max-video-preview:-1"},"canonical":"https:\/\/www.gasthaus-ogris.at\/aktuelles\/","og_locale":"it_IT","og_type":"article","og_title":"[:de]Aktuelles | Gasthaus \u2013 Gasthof \u2013 Restaurant Ogris | Gut Essen und Trinken in Ludmannsdorf - Carnica Rosental - K\u00e4rnten[:si]Aktuelles | Gasthaus \u2013 Gasthof \u2013 Restaurant Ogris | Gut Essen und Trinken in Ludmannsdorf - Carnica Rosental - K\u00e4rnten[:it]Attualit\u00e0 - Trattoria - Ristorante Ogris | Ludmannsdorf | Klagenfurt | Carinzia[:]","og_description":"Spargelzeit is&#8217; mit heimischen Spargel vom Weber ab voraussichtlich 11.04.2026 Spargelcremesuppe mit Obersh\u00e4ubchen Belu\u0161eva juhas smetanovo &#8220;kronco&#8221; Frische Blattsalate mit Spargelst\u00fccken &amp; hausgemachter Apfelessig &#8211; \u00d6l &#8211; Marinade &#8220;Bimbotive&#8221; sve\u017ee...","og_url":"https:\/\/www.gasthaus-ogris.at\/aktuelles\/","og_site_name":"Gasthaus - Gosti\u0161\u010de - Trattoria Ogris","article_publisher":"https:\/\/www.facebook.com\/GasthausOgris","article_modified_time":"2026-04-06T08:51:25+00:00","twitter_misc":{"Tempo di lettura stimato":"2 minuti"},"schema":{"@context":"https:\/\/schema.org","@graph":[{"@type":"WebPage","@id":"https:\/\/www.gasthaus-ogris.at\/aktuelles\/","url":"https:\/\/www.gasthaus-ogris.at\/aktuelles\/","name":"[:de]Aktuelles | Gasthaus \u2013 Gasthof \u2013 Restaurant Ogris | Gut Essen und Trinken in Ludmannsdorf - Carnica Rosental - K\u00e4rnten[:si]Aktuelles | Gasthaus \u2013 Gasthof \u2013 Restaurant Ogris | Gut Essen und Trinken in Ludmannsdorf - Carnica Rosental - K\u00e4rnten[:it]Attualit\u00e0 - Trattoria - Ristorante Ogris | Ludmannsdorf | Klagenfurt | Carinzia[:]","isPartOf":{"@id":"https:\/\/www.gasthaus-ogris.at\/#website"},"datePublished":"2016-03-11T08:33:13+00:00","dateModified":"2026-04-06T08:51:25+00:00","breadcrumb":{"@id":"https:\/\/www.gasthaus-ogris.at\/aktuelles\/#breadcrumb"},"inLanguage":"it-IT","potentialAction":[{"@type":"ReadAction","target":["https:\/\/www.gasthaus-ogris.at\/aktuelles\/"]}]},{"@type":"BreadcrumbList","@id":"https:\/\/www.gasthaus-ogris.at\/aktuelles\/#breadcrumb","itemListElement":[{"@type":"ListItem","position":1,"name":"Home","item":"https:\/\/www.gasthaus-ogris.at\/"},{"@type":"ListItem","position":2,"name":"Aktuelles"}]},{"@type":"WebSite","@id":"https:\/\/www.gasthaus-ogris.at\/#website","url":"https:\/\/www.gasthaus-ogris.at\/","name":"Gasthaus - Gosti\u0161\u010de - Trattoria Ogris","description":"Trattoria - Ristorante Ogris | Ludmannsdorf | Klagenfurt | Carinzia","publisher":{"@id":"https:\/\/www.gasthaus-ogris.at\/#organization"},"potentialAction":[{"@type":"SearchAction","target":{"@type":"EntryPoint","urlTemplate":"https:\/\/www.gasthaus-ogris.at\/?s={search_term_string}"},"query-input":{"@type":"PropertyValueSpecification","valueRequired":true,"valueName":"search_term_string"}}],"inLanguage":"it-IT"},{"@type":"Organization","@id":"https:\/\/www.gasthaus-ogris.at\/#organization","name":"Gasthaus - Gosti\u0161\u010de - Trattoria Ogris","url":"https:\/\/www.gasthaus-ogris.at\/","logo":{"@type":"ImageObject","inLanguage":"it-IT","@id":"https:\/\/www.gasthaus-ogris.at\/#\/schema\/logo\/image\/","url":"https:\/\/www.gasthaus-ogris.at\/wp-content\/uploads\/2016\/03\/Header_Logo_Gasthaus_Ogris.png","contentUrl":"https:\/\/www.gasthaus-ogris.at\/wp-content\/uploads\/2016\/03\/Header_Logo_Gasthaus_Ogris.png","width":327,"height":100,"caption":"Gasthaus - Gosti\u0161\u010de - Trattoria Ogris"},"image":{"@id":"https:\/\/www.gasthaus-ogris.at\/#\/schema\/logo\/image\/"},"sameAs":["https:\/\/www.facebook.com\/GasthausOgris","https:\/\/x.com\/GasthausOgris"]}]}},"_links":{"self":[{"href":"https:\/\/www.gasthaus-ogris.at\/it\/wp-json\/wp\/v2\/pages\/2","targetHints":{"allow":["GET"]}}],"collection":[{"href":"https:\/\/www.gasthaus-ogris.at\/it\/wp-json\/wp\/v2\/pages"}],"about":[{"href":"https:\/\/www.gasthaus-ogris.at\/it\/wp-json\/wp\/v2\/types\/page"}],"author":[{"embeddable":true,"href":"https:\/\/www.gasthaus-ogris.at\/it\/wp-json\/wp\/v2\/users\/3"}],"replies":[{"embeddable":true,"href":"https:\/\/www.gasthaus-ogris.at\/it\/wp-json\/wp\/v2\/comments?post=2"}],"version-history":[{"count":0,"href":"https:\/\/www.gasthaus-ogris.at\/it\/wp-json\/wp\/v2\/pages\/2\/revisions"}],"wp:attachment":[{"href":"https:\/\/www.gasthaus-ogris.at\/it\/wp-json\/wp\/v2\/media?parent=2"}],"curies":[{"name":"wp","href":"https:\/\/api.w.org\/{rel}","templated":true}]}}