{"id":193,"date":"2016-03-14T08:32:51","date_gmt":"2016-03-14T07:32:51","guid":{"rendered":"http:\/\/www.gasthaus-ogris.at\/?page_id=193"},"modified":"2016-04-12T15:22:11","modified_gmt":"2016-04-12T13:22:11","slug":"ludmannsdorf","status":"publish","type":"page","link":"https:\/\/www.gasthaus-ogris.at\/it\/ludmannsdorf\/","title":{"rendered":"Ludmannsdorf"},"content":{"rendered":"<p><\/p>\n<p style=\"text-align: center;\">Ludmannsdorf \u00e8 come migliaia di\u00a0altri villaggi sul mondo ma nonostante tutto in quel comune si distingue dagli altri. La gente \u00e8 aperta e molto gentile. La lingua del cuore \u00e8 la canzone. Gli incontri con gli abitanti si svolgono sempre in un\u2019 atmosfera molto amichevole, lontano dalle preoccupazioni della vita quotidiana. Il fiume Drau \u00e8 come un sogno in una barchetta in due. Le montagne molto vicine risvegliano il desiderio di andare in bicicletta e di conoscere i sentiere ancora sconosciuti. A Ludmannsdorf si pu\u00f2 giocare a tennis, cavalcare e d\u2019 inverno si pu\u00f2 andare a sciare, andare in slitta e pattinare. Interessante \u00e8 anche l\u2019 itinerario che in un modo avventuroso vi fa conoscere gli animali delle foreste dei dintorni di Ludmannsdorf. Se qualcuno ha voglia di nuotare o di conoscere altri tipi dello sport aquatico ne ha la possibilit\u00e0 nei laghi pi\u00f9 belli della Carinzia: nel Keutschacher See, Faaker See e W\u00f6rther See. Soltanto a pochi chilometri da Ludmannsdorf si trovano le citt\u00e0 turistiche Klagenfurt, Villaco e Velden.<\/p>\n<p style=\"text-align: center;\"><strong>Benvenuti!<\/strong><\/p>\n<p style=\"text-align: center;\"><a href=\"http:\/\/www.ludmannsdorf.at\" rel=\"attachment wp-att-324\"><img loading=\"lazy\" decoding=\"async\" class=\"aligncenter wp-image-324 size-full\" src=\"http:\/\/www.gasthaus-ogris.at\/wp-content\/uploads\/2016\/03\/Gemeinde-Ludmannsdorf.jpg\" alt=\"Bild-Ortszentrum-Ludmannsdorf\" width=\"504\" height=\"200\" srcset=\"https:\/\/www.gasthaus-ogris.at\/wp-content\/uploads\/2016\/03\/Gemeinde-Ludmannsdorf.jpg 504w, https:\/\/www.gasthaus-ogris.at\/wp-content\/uploads\/2016\/03\/Gemeinde-Ludmannsdorf-300x119.jpg 300w\" sizes=\"auto, (max-width: 504px) 100vw, 504px\" \/><\/a><\/p>\n<p><\/p>","protected":false},"excerpt":{"rendered":"<p>Ludmannsdorf \u00e8 come migliaia di\u00a0altri villaggi sul mondo ma nonostante tutto in quel comune si distingue dagli altri. La gente \u00e8 aperta e molto gentile. La lingua del cuore \u00e8&#8230; <\/p>\n","protected":false},"author":3,"featured_media":0,"parent":0,"menu_order":0,"comment_status":"closed","ping_status":"closed","template":"","meta":{"ngg_post_thumbnail":0,"footnotes":""},"class_list":["post-193","page","type-page","status-publish","hentry"],"yoast_head":"<!-- This site is optimized with the Yoast SEO plugin v27.3 - https:\/\/yoast.com\/product\/yoast-seo-wordpress\/ -->\n<title>Ludmannsdorf | Gasthaus \u2013 Gasthof \u2013 Restaurant Ogris | Gut Essen und Trinken in Ludmannsdorf - Carnica Rosental - K\u00e4rnten<\/title>\n<meta name=\"description\" content=\"Ludmannsdorf unterscheidet sich von anderen D\u00f6rfern. Die Menschen sind offen und gastfreundlich.\" \/>\n<meta name=\"robots\" content=\"index, follow, max-snippet:-1, max-image-preview:large, max-video-preview:-1\" \/>\n<link rel=\"canonical\" href=\"https:\/\/www.gasthaus-ogris.at\/it\/ludmannsdorf-rosental-kaernten\/\" \/>\n<meta property=\"og:locale\" content=\"it_IT\" \/>\n<meta property=\"og:type\" content=\"article\" \/>\n<meta property=\"og:title\" content=\"Ludmannsdorf | Gasthaus \u2013 Gasthof \u2013 Restaurant Ogris | Gut Essen und Trinken in Ludmannsdorf - Carnica Rosental - K\u00e4rnten\" \/>\n<meta property=\"og:description\" content=\"Ludmannsdorf unterscheidet sich von anderen D\u00f6rfern. Die Menschen sind offen und gastfreundlich.\" \/>\n<meta property=\"og:url\" content=\"https:\/\/www.gasthaus-ogris.at\/it\/ludmannsdorf-rosental-kaernten\/\" \/>\n<meta property=\"og:site_name\" content=\"Gasthaus - Gosti\u0161\u010de - Trattoria Ogris\" \/>\n<meta property=\"article:publisher\" content=\"https:\/\/www.facebook.com\/GasthausOgris\" \/>\n<meta property=\"article:modified_time\" content=\"2016-04-12T13:22:11+00:00\" \/>\n<meta property=\"og:image\" content=\"http:\/\/www.gasthaus-ogris.at\/wp-content\/uploads\/2016\/03\/Gemeinde-Ludmannsdorf.jpg\" \/>\n<meta name=\"twitter:label1\" content=\"Tempo di lettura stimato\" \/>\n\t<meta name=\"twitter:data1\" content=\"3 minuti\" \/>\n<script type=\"application\/ld+json\" class=\"yoast-schema-graph\">{\"@context\":\"https:\\\/\\\/schema.org\",\"@graph\":[{\"@type\":\"WebPage\",\"@id\":\"https:\\\/\\\/www.gasthaus-ogris.at\\\/it\\\/ludmannsdorf-rosental-kaernten\\\/\",\"url\":\"https:\\\/\\\/www.gasthaus-ogris.at\\\/it\\\/ludmannsdorf-rosental-kaernten\\\/\",\"name\":\"Ludmannsdorf | Gasthaus \u2013 Gasthof \u2013 Restaurant Ogris | Gut Essen und Trinken in Ludmannsdorf - Carnica Rosental - K\u00e4rnten\",\"isPartOf\":{\"@id\":\"https:\\\/\\\/www.gasthaus-ogris.at\\\/it\\\/#website\"},\"primaryImageOfPage\":{\"@id\":\"https:\\\/\\\/www.gasthaus-ogris.at\\\/it\\\/ludmannsdorf-rosental-kaernten\\\/#primaryimage\"},\"image\":{\"@id\":\"https:\\\/\\\/www.gasthaus-ogris.at\\\/ludmannsdorf-rosental-kaernten\\\/#primaryimage\"},\"thumbnailUrl\":\"http:\\\/\\\/www.gasthaus-ogris.at\\\/wp-content\\\/uploads\\\/2016\\\/03\\\/Gemeinde-Ludmannsdorf.jpg\",\"datePublished\":\"2016-03-14T07:32:51+00:00\",\"dateModified\":\"2016-04-12T13:22:11+00:00\",\"description\":\"Ludmannsdorf unterscheidet sich von anderen D\u00f6rfern. Die Menschen sind offen und gastfreundlich.\",\"breadcrumb\":{\"@id\":\"https:\\\/\\\/www.gasthaus-ogris.at\\\/it\\\/ludmannsdorf-rosental-kaernten\\\/#breadcrumb\"},\"inLanguage\":\"it-IT\",\"potentialAction\":[{\"@type\":\"ReadAction\",\"target\":[[\"https:\\\/\\\/www.gasthaus-ogris.at\\\/it\\\/ludmannsdorf-rosental-kaernten\\\/\"]]}]},{\"@type\":\"ImageObject\",\"inLanguage\":\"it-IT\",\"@id\":\"https:\\\/\\\/www.gasthaus-ogris.at\\\/it\\\/ludmannsdorf-rosental-kaernten\\\/#primaryimage\",\"url\":\"http:\\\/\\\/www.gasthaus-ogris.at\\\/wp-content\\\/uploads\\\/2016\\\/03\\\/Gemeinde-Ludmannsdorf.jpg\",\"contentUrl\":\"http:\\\/\\\/www.gasthaus-ogris.at\\\/wp-content\\\/uploads\\\/2016\\\/03\\\/Gemeinde-Ludmannsdorf.jpg\"},{\"@type\":\"BreadcrumbList\",\"@id\":\"https:\\\/\\\/www.gasthaus-ogris.at\\\/it\\\/ludmannsdorf-rosental-kaernten\\\/#breadcrumb\",\"itemListElement\":[{\"@type\":\"ListItem\",\"position\":1,\"name\":\"Home\",\"item\":\"https:\\\/\\\/www.gasthaus-ogris.at\\\/it\\\/\"},{\"@type\":\"ListItem\",\"position\":2,\"name\":\"Ludmannsdorf\"}]},{\"@type\":\"WebSite\",\"@id\":\"https:\\\/\\\/www.gasthaus-ogris.at\\\/it\\\/#website\",\"url\":\"https:\\\/\\\/www.gasthaus-ogris.at\\\/it\\\/\",\"name\":\"Gasthaus - Gosti\u0161\u010de - Trattoria Ogris\",\"description\":\"Trattoria - Ristorante Ogris | Ludmannsdorf | Klagenfurt | Carinzia\",\"publisher\":{\"@id\":\"https:\\\/\\\/www.gasthaus-ogris.at\\\/it\\\/#organization\"},\"potentialAction\":[{\"@type\":\"SearchAction\",\"target\":{\"@type\":\"EntryPoint\",\"urlTemplate\":\"https:\\\/\\\/www.gasthaus-ogris.at\\\/it\\\/?s={search_term_string}\"},\"query-input\":{\"@type\":\"PropertyValueSpecification\",\"valueRequired\":true,\"valueName\":\"search_term_string\"}}],\"inLanguage\":\"it-IT\"},{\"@type\":\"Organization\",\"@id\":\"https:\\\/\\\/www.gasthaus-ogris.at\\\/it\\\/#organization\",\"name\":\"Gasthaus - Gosti\u0161\u010de - Trattoria Ogris\",\"url\":\"https:\\\/\\\/www.gasthaus-ogris.at\\\/it\\\/\",\"logo\":{\"@type\":\"ImageObject\",\"inLanguage\":\"it-IT\",\"@id\":\"https:\\\/\\\/www.gasthaus-ogris.at\\\/it\\\/#\\\/schema\\\/logo\\\/image\\\/\",\"url\":\"https:\\\/\\\/www.gasthaus-ogris.at\\\/wp-content\\\/uploads\\\/2016\\\/03\\\/Header_Logo_Gasthaus_Ogris.png\",\"contentUrl\":\"https:\\\/\\\/www.gasthaus-ogris.at\\\/wp-content\\\/uploads\\\/2016\\\/03\\\/Header_Logo_Gasthaus_Ogris.png\",\"width\":327,\"height\":100,\"caption\":\"Gasthaus - Gosti\u0161\u010de - Trattoria Ogris\"},\"image\":{\"@id\":\"https:\\\/\\\/www.gasthaus-ogris.at\\\/it\\\/#\\\/schema\\\/logo\\\/image\\\/\"},\"sameAs\":[\"https:\\\/\\\/www.facebook.com\\\/GasthausOgris\",\"https:\\\/\\\/x.com\\\/GasthausOgris\"]}]}<\/script>\n<!-- \/ Yoast SEO plugin. -->","yoast_head_json":{"title":"Ludmannsdorf | Gasthaus \u2013 Gasthof \u2013 Restaurant Ogris | Gut Essen und Trinken in Ludmannsdorf - Carnica Rosental - K\u00e4rnten","description":"Ludmannsdorf unterscheidet sich von anderen D\u00f6rfern. Die Menschen sind offen und gastfreundlich.","robots":{"index":"index","follow":"follow","max-snippet":"max-snippet:-1","max-image-preview":"max-image-preview:large","max-video-preview":"max-video-preview:-1"},"canonical":"https:\/\/www.gasthaus-ogris.at\/it\/ludmannsdorf-rosental-kaernten\/","og_locale":"it_IT","og_type":"article","og_title":"Ludmannsdorf | Gasthaus \u2013 Gasthof \u2013 Restaurant Ogris | Gut Essen und Trinken in Ludmannsdorf - Carnica Rosental - K\u00e4rnten","og_description":"Ludmannsdorf unterscheidet sich von anderen D\u00f6rfern. Die Menschen sind offen und gastfreundlich.","og_url":"https:\/\/www.gasthaus-ogris.at\/it\/ludmannsdorf-rosental-kaernten\/","og_site_name":"Gasthaus - Gosti\u0161\u010de - Trattoria Ogris","article_publisher":"https:\/\/www.facebook.com\/GasthausOgris","article_modified_time":"2016-04-12T13:22:11+00:00","og_image":[{"url":"http:\/\/www.gasthaus-ogris.at\/wp-content\/uploads\/2016\/03\/Gemeinde-Ludmannsdorf.jpg","type":"","width":"","height":""}],"twitter_misc":{"Tempo di lettura stimato":"3 minuti"},"schema":{"@context":"https:\/\/schema.org","@graph":[{"@type":"WebPage","@id":"https:\/\/www.gasthaus-ogris.at\/it\/ludmannsdorf-rosental-kaernten\/","url":"https:\/\/www.gasthaus-ogris.at\/it\/ludmannsdorf-rosental-kaernten\/","name":"Ludmannsdorf | Gasthaus \u2013 Gasthof \u2013 Restaurant Ogris | Gut Essen und Trinken in Ludmannsdorf - Carnica Rosental - K\u00e4rnten","isPartOf":{"@id":"https:\/\/www.gasthaus-ogris.at\/it\/#website"},"primaryImageOfPage":{"@id":"https:\/\/www.gasthaus-ogris.at\/it\/ludmannsdorf-rosental-kaernten\/#primaryimage"},"image":{"@id":"https:\/\/www.gasthaus-ogris.at\/ludmannsdorf-rosental-kaernten\/#primaryimage"},"thumbnailUrl":"http:\/\/www.gasthaus-ogris.at\/wp-content\/uploads\/2016\/03\/Gemeinde-Ludmannsdorf.jpg","datePublished":"2016-03-14T07:32:51+00:00","dateModified":"2016-04-12T13:22:11+00:00","description":"Ludmannsdorf unterscheidet sich von anderen D\u00f6rfern. Die Menschen sind offen und gastfreundlich.","breadcrumb":{"@id":"https:\/\/www.gasthaus-ogris.at\/it\/ludmannsdorf-rosental-kaernten\/#breadcrumb"},"inLanguage":"it-IT","potentialAction":[{"@type":"ReadAction","target":[["https:\/\/www.gasthaus-ogris.at\/it\/ludmannsdorf-rosental-kaernten\/"]]}]},{"@type":"ImageObject","inLanguage":"it-IT","@id":"https:\/\/www.gasthaus-ogris.at\/it\/ludmannsdorf-rosental-kaernten\/#primaryimage","url":"http:\/\/www.gasthaus-ogris.at\/wp-content\/uploads\/2016\/03\/Gemeinde-Ludmannsdorf.jpg","contentUrl":"http:\/\/www.gasthaus-ogris.at\/wp-content\/uploads\/2016\/03\/Gemeinde-Ludmannsdorf.jpg"},{"@type":"BreadcrumbList","@id":"https:\/\/www.gasthaus-ogris.at\/it\/ludmannsdorf-rosental-kaernten\/#breadcrumb","itemListElement":[{"@type":"ListItem","position":1,"name":"Home","item":"https:\/\/www.gasthaus-ogris.at\/it\/"},{"@type":"ListItem","position":2,"name":"Ludmannsdorf"}]},{"@type":"WebSite","@id":"https:\/\/www.gasthaus-ogris.at\/it\/#website","url":"https:\/\/www.gasthaus-ogris.at\/it\/","name":"Gasthaus - Gosti\u0161\u010de - Trattoria Ogris","description":"Trattoria - Ristorante Ogris | Ludmannsdorf | Klagenfurt | Carinzia","publisher":{"@id":"https:\/\/www.gasthaus-ogris.at\/it\/#organization"},"potentialAction":[{"@type":"SearchAction","target":{"@type":"EntryPoint","urlTemplate":"https:\/\/www.gasthaus-ogris.at\/it\/?s={search_term_string}"},"query-input":{"@type":"PropertyValueSpecification","valueRequired":true,"valueName":"search_term_string"}}],"inLanguage":"it-IT"},{"@type":"Organization","@id":"https:\/\/www.gasthaus-ogris.at\/it\/#organization","name":"Gasthaus - Gosti\u0161\u010de - Trattoria Ogris","url":"https:\/\/www.gasthaus-ogris.at\/it\/","logo":{"@type":"ImageObject","inLanguage":"it-IT","@id":"https:\/\/www.gasthaus-ogris.at\/it\/#\/schema\/logo\/image\/","url":"https:\/\/www.gasthaus-ogris.at\/wp-content\/uploads\/2016\/03\/Header_Logo_Gasthaus_Ogris.png","contentUrl":"https:\/\/www.gasthaus-ogris.at\/wp-content\/uploads\/2016\/03\/Header_Logo_Gasthaus_Ogris.png","width":327,"height":100,"caption":"Gasthaus - Gosti\u0161\u010de - Trattoria Ogris"},"image":{"@id":"https:\/\/www.gasthaus-ogris.at\/it\/#\/schema\/logo\/image\/"},"sameAs":["https:\/\/www.facebook.com\/GasthausOgris","https:\/\/x.com\/GasthausOgris"]}]}},"_links":{"self":[{"href":"https:\/\/www.gasthaus-ogris.at\/it\/wp-json\/wp\/v2\/pages\/193","targetHints":{"allow":["GET"]}}],"collection":[{"href":"https:\/\/www.gasthaus-ogris.at\/it\/wp-json\/wp\/v2\/pages"}],"about":[{"href":"https:\/\/www.gasthaus-ogris.at\/it\/wp-json\/wp\/v2\/types\/page"}],"author":[{"embeddable":true,"href":"https:\/\/www.gasthaus-ogris.at\/it\/wp-json\/wp\/v2\/users\/3"}],"replies":[{"embeddable":true,"href":"https:\/\/www.gasthaus-ogris.at\/it\/wp-json\/wp\/v2\/comments?post=193"}],"version-history":[{"count":0,"href":"https:\/\/www.gasthaus-ogris.at\/it\/wp-json\/wp\/v2\/pages\/193\/revisions"}],"wp:attachment":[{"href":"https:\/\/www.gasthaus-ogris.at\/it\/wp-json\/wp\/v2\/media?parent=193"}],"curies":[{"name":"wp","href":"https:\/\/api.w.org\/{rel}","templated":true}]}}