{"id":189,"date":"2016-03-14T08:32:16","date_gmt":"2016-03-14T07:32:16","guid":{"rendered":"http:\/\/www.gasthaus-ogris.at\/?page_id=189"},"modified":"2026-02-09T08:27:44","modified_gmt":"2026-02-09T07:27:44","slug":"onorificenze","status":"publish","type":"page","link":"https:\/\/www.gasthaus-ogris.at\/it\/onorificenze-trattoria-ogris\/","title":{"rendered":"Onorificenze"},"content":{"rendered":"<p><\/p>\n<ul>\n<li><a href=\"https:\/\/www.krone.at\/3402271\">Wirtshaus des Jahres 2024<\/a> &#8211; Bezirkssieger&nbsp;<\/li>\n<li><a href=\"https:\/\/www.falstaff.com\/at\/restaurants\/ogris-ludmannsdorf\" target=\"_blank\" rel=\"noopener\">Falstaff Restaurantguid 2022 &#8211; 81 Punkte<\/a><\/li>\n<li><strong>Wirt des Jahres 2014 (<a href=\"http:\/\/www.wirtshaus.com\" target=\"_blank\" rel=\"noopener\">K\u00e4rntner Wirtshaus Kultur<\/a>)<br \/>\n<\/strong><\/li>\n<li><strong>Wirt des Jahres 2002<\/strong><\/li>\n<li><strong>Sch\u00f6nster Gastgarten des Jahres (Diverse Zeitungen und Bewertungen)<\/strong><\/li>\n<li><a href=\"https:\/\/www.genusslandkaernten.at\/\">Genuss Wirt K\u00e4rnten<\/a><\/li>\n<li><a href=\"http:\/\/www.carnica-rosental.at\/tourismus_de\/\" target=\"_blank\" rel=\"noopener\">Carnica Reigen<\/a><\/li>\n<li><a href=\"http:\/\/www.rosentaler-reigen-wirte.at\/\" target=\"_blank\" rel=\"noopener\">Rosentaler Reigen Wirte<\/a><\/li>\n<li><a href=\"https:\/\/www.kaernten.at\/qualitaet\/\">Qualit\u00e4ts Siegel K\u00e4rnten<\/a><\/li>\n<li>Alpe Culinarium<\/li>\n<li><a href=\"https:\/\/www.genussregionen.at\/de\/betrieb\/gasthaus-ogris\">AMA Gastrosiegel<\/a><\/li>\n<li><a href=\"https:\/\/www.genussregionen.at\/\">Genuss Region \u00d6sterreich<\/a><\/li>\n<li><a href=\"https:\/\/www.bio-oil.at\/\">GreenDine-G\u00fctesiegel<\/a><\/li>\n<\/ul>\n<p>&nbsp;<\/p>\n<p>&nbsp;<\/p>\n<div id=\"attachment_2745\" style=\"width: 310px\" class=\"wp-caption aligncenter\"><img loading=\"lazy\" decoding=\"async\" aria-describedby=\"caption-attachment-2745\" class=\"size-medium wp-image-2745\" src=\"https:\/\/www.gasthaus-ogris.at\/wp-content\/uploads\/2024\/09\/2024-06-03-Wirtshaus-Gala-2024-0725-300x200.jpg\" alt=\"\" width=\"300\" height=\"200\" srcset=\"https:\/\/www.gasthaus-ogris.at\/wp-content\/uploads\/2024\/09\/2024-06-03-Wirtshaus-Gala-2024-0725-300x200.jpg 300w, https:\/\/www.gasthaus-ogris.at\/wp-content\/uploads\/2024\/09\/2024-06-03-Wirtshaus-Gala-2024-0725-1024x683.jpg 1024w, https:\/\/www.gasthaus-ogris.at\/wp-content\/uploads\/2024\/09\/2024-06-03-Wirtshaus-Gala-2024-0725-1536x1024.jpg 1536w, https:\/\/www.gasthaus-ogris.at\/wp-content\/uploads\/2024\/09\/2024-06-03-Wirtshaus-Gala-2024-0725-2048x1365.jpg 2048w\" sizes=\"auto, (max-width: 300px) 100vw, 300px\" \/><p id=\"caption-attachment-2745\" class=\"wp-caption-text\">Fotocredit: WKK\/Simone Attisani<\/p><\/div>\n<p><center><a href=\"http:\/\/www.gasthaus-ogris.at\/wp-content\/uploads\/2016\/03\/Sch\u00f6nster-Gastgarten-in-Klagenfurt-und-K\u00e4rnten.jpg\" rel=\"attachment wp-att-319\"><img loading=\"lazy\" decoding=\"async\" class=\"size-medium wp-image-319\" src=\"http:\/\/www.gasthaus-ogris.at\/wp-content\/uploads\/2016\/03\/Sch\u00f6nster-Gastgarten-in-Klagenfurt-und-K\u00e4rnten-225x300.jpg\" alt=\"Sch\u00f6nster-Gastgarten-in-Klagenfurt-und-K\u00e4rnten\" width=\"225\" height=\"300\" srcset=\"https:\/\/www.gasthaus-ogris.at\/wp-content\/uploads\/2016\/03\/Sch\u00f6nster-Gastgarten-in-Klagenfurt-und-K\u00e4rnten-225x300.jpg 225w, https:\/\/www.gasthaus-ogris.at\/wp-content\/uploads\/2016\/03\/Sch\u00f6nster-Gastgarten-in-Klagenfurt-und-K\u00e4rnten.jpg 719w\" sizes=\"auto, (max-width: 225px) 100vw, 225px\" \/><\/a><\/center><\/p>\n<div style=\"max-width: 540px; min-width: 150px; background: #f0f0f0;\">\n<p style=\"text-align: center;\"><iframe style=\"width: 100%;\" src=\"https:\/\/www.falstaff.at\/service\/widget\/restaurant\/u\/14412\/\" frameborder=\"0\"><\/iframe><\/p>\n<\/div>\n<p><center><br \/>\n<a href=\"http:\/\/www.bio-oil.at\/\"><img loading=\"lazy\" decoding=\"async\" class=\"aligncenter size-medium wp-image-2585\" src=\"https:\/\/www.gasthaus-ogris.at\/wp-content\/uploads\/2024\/03\/BioOil_GreenDine_Guetesiegel-300x300.webp\" alt=\"\" width=\"300\" height=\"300\" srcset=\"https:\/\/www.gasthaus-ogris.at\/wp-content\/uploads\/2024\/03\/BioOil_GreenDine_Guetesiegel-300x300.webp 300w, https:\/\/www.gasthaus-ogris.at\/wp-content\/uploads\/2024\/03\/BioOil_GreenDine_Guetesiegel-1024x1024.webp 1024w, https:\/\/www.gasthaus-ogris.at\/wp-content\/uploads\/2024\/03\/BioOil_GreenDine_Guetesiegel-150x150.webp 150w, https:\/\/www.gasthaus-ogris.at\/wp-content\/uploads\/2024\/03\/BioOil_GreenDine_Guetesiegel-1536x1536.webp 1536w, https:\/\/www.gasthaus-ogris.at\/wp-content\/uploads\/2024\/03\/BioOil_GreenDine_Guetesiegel-2048x2048.webp 2048w\" sizes=\"auto, (max-width: 300px) 100vw, 300px\" \/><\/a><\/center><\/p>","protected":false},"excerpt":{"rendered":"<p>Wirtshaus des Jahres 2024 &#8211; Bezirkssieger&nbsp; Falstaff Restaurantguid 2022 &#8211; 81 Punkte Wirt des Jahres 2014 (K\u00e4rntner Wirtshaus Kultur) Wirt des Jahres 2002 Sch\u00f6nster Gastgarten des Jahres (Diverse Zeitungen und&#8230; <\/p>\n","protected":false},"author":3,"featured_media":0,"parent":0,"menu_order":0,"comment_status":"closed","ping_status":"closed","template":"","meta":{"ngg_post_thumbnail":0,"footnotes":""},"class_list":["post-189","page","type-page","status-publish","hentry"],"yoast_head":"<!-- This site is optimized with the Yoast SEO plugin v27.3 - https:\/\/yoast.com\/product\/yoast-seo-wordpress\/ -->\n<title>Onorificenze - Trattoria - Ristorante Ogris | Ludmannsdorf | Klagenfurt | Carinzia<\/title>\n<meta name=\"description\" content=\"Premi trattoria Ogris, AMA, Falstaff, Wir des Jahres,...\" \/>\n<meta name=\"robots\" content=\"index, follow, max-snippet:-1, max-image-preview:large, max-video-preview:-1\" \/>\n<link rel=\"canonical\" href=\"https:\/\/www.gasthaus-ogris.at\/auszeichnungen-gasthaus-ogris\/\" \/>\n<meta property=\"og:locale\" content=\"it_IT\" \/>\n<meta property=\"og:type\" content=\"article\" \/>\n<meta property=\"og:title\" content=\"[:de]Auszeichnungen - Gasthaus \u2013 Gasthof \u2013 Restaurant Ogris | Ludmannsdorf - Rosental - K\u00e4rnten [:si]Priznanje - Gosti\u0161\u010de - Gostilna Ogris &quot;Miklav\u017e&quot; | Bil\u010dovs - Koro\u0161ka [:it]Onorificenze - Trattoria - Ristorante Ogris | Ludmannsdorf | Klagenfurt | Carinzia[:]\" \/>\n<meta property=\"og:description\" content=\"{:de}Falstaff Restaurantguid 2016, Wirt des Jahres 2012 und 2014, Sch\u00f6nster Gastgarten des Jahres, AMA Gastrosiegel, Qualit\u00e4ts Siegel K\u00e4rnten {:si}Priznanja gostilne Ogris, AMA, Falstaff, Gastgarten des Jahre, Wirt des Jahres... {:it}Premi trattoria Ogris, AMA, Falstaff, Wir des Jahres,...{:}\" \/>\n<meta property=\"og:url\" content=\"https:\/\/www.gasthaus-ogris.at\/auszeichnungen-gasthaus-ogris\/\" \/>\n<meta property=\"og:site_name\" content=\"Gasthaus - Gosti\u0161\u010de - Trattoria Ogris\" \/>\n<meta property=\"article:publisher\" content=\"https:\/\/www.facebook.com\/GasthausOgris\" \/>\n<meta property=\"article:modified_time\" content=\"2026-02-09T07:27:44+00:00\" \/>\n<meta property=\"og:image\" content=\"https:\/\/www.gasthaus-ogris.at\/wp-content\/uploads\/2026\/02\/Digital-Award_RA-2026.png\" \/>\n\t<meta property=\"og:image:width\" content=\"1280\" \/>\n\t<meta property=\"og:image:height\" content=\"900\" \/>\n\t<meta property=\"og:image:type\" content=\"image\/png\" \/>\n<meta name=\"twitter:label1\" content=\"Tempo di lettura stimato\" \/>\n\t<meta name=\"twitter:data1\" content=\"2 minuti\" \/>\n<script type=\"application\/ld+json\" class=\"yoast-schema-graph\">{\"@context\":\"https:\\\/\\\/schema.org\",\"@graph\":[{\"@type\":\"WebPage\",\"@id\":\"https:\\\/\\\/www.gasthaus-ogris.at\\\/auszeichnungen-gasthaus-ogris\\\/\",\"url\":\"https:\\\/\\\/www.gasthaus-ogris.at\\\/auszeichnungen-gasthaus-ogris\\\/\",\"name\":\"[:de]Auszeichnungen - Gasthaus \u2013 Gasthof \u2013 Restaurant Ogris | Ludmannsdorf - Rosental - K\u00e4rnten [:si]Priznanje - Gosti\u0161\u010de - Gostilna Ogris \\\"Miklav\u017e\\\" | Bil\u010dovs - Koro\u0161ka [:it]Onorificenze - Trattoria - Ristorante Ogris | Ludmannsdorf | Klagenfurt | Carinzia[:]\",\"isPartOf\":{\"@id\":\"https:\\\/\\\/www.gasthaus-ogris.at\\\/#website\"},\"primaryImageOfPage\":{\"@id\":\"https:\\\/\\\/www.gasthaus-ogris.at\\\/auszeichnungen-gasthaus-ogris\\\/#primaryimage\"},\"image\":{\"@id\":\"https:\\\/\\\/www.gasthaus-ogris.at\\\/auszeichnungen-gasthaus-ogris\\\/#primaryimage\"},\"thumbnailUrl\":\"https:\\\/\\\/www.gasthaus-ogris.at\\\/wp-content\\\/uploads\\\/2026\\\/02\\\/Digital-Award_RA-2026-300x211.png\",\"datePublished\":\"2016-03-14T07:32:16+00:00\",\"dateModified\":\"2026-02-09T07:27:44+00:00\",\"description\":\"{:de}Falstaff Restaurantguid 2016, Wirt des Jahres 2012 und 2014, Sch\u00f6nster Gastgarten des Jahres, AMA Gastrosiegel, Qualit\u00e4ts Siegel K\u00e4rnten {:si}Priznanja gostilne Ogris, AMA, Falstaff, Gastgarten des Jahre, Wirt des Jahres... {:it}Premi trattoria Ogris, AMA, Falstaff, Wir des Jahres,...{:}\",\"breadcrumb\":{\"@id\":\"https:\\\/\\\/www.gasthaus-ogris.at\\\/auszeichnungen-gasthaus-ogris\\\/#breadcrumb\"},\"inLanguage\":\"it-IT\",\"potentialAction\":[{\"@type\":\"ReadAction\",\"target\":[\"https:\\\/\\\/www.gasthaus-ogris.at\\\/auszeichnungen-gasthaus-ogris\\\/\"]}]},{\"@type\":\"ImageObject\",\"inLanguage\":\"it-IT\",\"@id\":\"https:\\\/\\\/www.gasthaus-ogris.at\\\/auszeichnungen-gasthaus-ogris\\\/#primaryimage\",\"url\":\"https:\\\/\\\/www.gasthaus-ogris.at\\\/wp-content\\\/uploads\\\/2026\\\/02\\\/Digital-Award_RA-2026-300x211.png\",\"contentUrl\":\"https:\\\/\\\/www.gasthaus-ogris.at\\\/wp-content\\\/uploads\\\/2026\\\/02\\\/Digital-Award_RA-2026-300x211.png\"},{\"@type\":\"BreadcrumbList\",\"@id\":\"https:\\\/\\\/www.gasthaus-ogris.at\\\/auszeichnungen-gasthaus-ogris\\\/#breadcrumb\",\"itemListElement\":[{\"@type\":\"ListItem\",\"position\":1,\"name\":\"Home\",\"item\":\"https:\\\/\\\/www.gasthaus-ogris.at\\\/\"},{\"@type\":\"ListItem\",\"position\":2,\"name\":\"Auszeichnungen\"}]},{\"@type\":\"WebSite\",\"@id\":\"https:\\\/\\\/www.gasthaus-ogris.at\\\/#website\",\"url\":\"https:\\\/\\\/www.gasthaus-ogris.at\\\/\",\"name\":\"Gasthaus - Gosti\u0161\u010de - Trattoria Ogris\",\"description\":\"Trattoria - Ristorante Ogris | Ludmannsdorf | Klagenfurt | Carinzia\",\"publisher\":{\"@id\":\"https:\\\/\\\/www.gasthaus-ogris.at\\\/#organization\"},\"potentialAction\":[{\"@type\":\"SearchAction\",\"target\":{\"@type\":\"EntryPoint\",\"urlTemplate\":\"https:\\\/\\\/www.gasthaus-ogris.at\\\/?s={search_term_string}\"},\"query-input\":{\"@type\":\"PropertyValueSpecification\",\"valueRequired\":true,\"valueName\":\"search_term_string\"}}],\"inLanguage\":\"it-IT\"},{\"@type\":\"Organization\",\"@id\":\"https:\\\/\\\/www.gasthaus-ogris.at\\\/#organization\",\"name\":\"Gasthaus - Gosti\u0161\u010de - Trattoria Ogris\",\"url\":\"https:\\\/\\\/www.gasthaus-ogris.at\\\/\",\"logo\":{\"@type\":\"ImageObject\",\"inLanguage\":\"it-IT\",\"@id\":\"https:\\\/\\\/www.gasthaus-ogris.at\\\/#\\\/schema\\\/logo\\\/image\\\/\",\"url\":\"https:\\\/\\\/www.gasthaus-ogris.at\\\/wp-content\\\/uploads\\\/2016\\\/03\\\/Header_Logo_Gasthaus_Ogris.png\",\"contentUrl\":\"https:\\\/\\\/www.gasthaus-ogris.at\\\/wp-content\\\/uploads\\\/2016\\\/03\\\/Header_Logo_Gasthaus_Ogris.png\",\"width\":327,\"height\":100,\"caption\":\"Gasthaus - Gosti\u0161\u010de - Trattoria Ogris\"},\"image\":{\"@id\":\"https:\\\/\\\/www.gasthaus-ogris.at\\\/#\\\/schema\\\/logo\\\/image\\\/\"},\"sameAs\":[\"https:\\\/\\\/www.facebook.com\\\/GasthausOgris\",\"https:\\\/\\\/x.com\\\/GasthausOgris\"]}]}<\/script>\n<!-- \/ Yoast SEO plugin. -->","yoast_head_json":{"title":"Onorificenze - Trattoria - Ristorante Ogris | Ludmannsdorf | Klagenfurt | Carinzia","description":"Premi trattoria Ogris, AMA, Falstaff, Wir des Jahres,...","robots":{"index":"index","follow":"follow","max-snippet":"max-snippet:-1","max-image-preview":"max-image-preview:large","max-video-preview":"max-video-preview:-1"},"canonical":"https:\/\/www.gasthaus-ogris.at\/auszeichnungen-gasthaus-ogris\/","og_locale":"it_IT","og_type":"article","og_title":"[:de]Auszeichnungen - Gasthaus \u2013 Gasthof \u2013 Restaurant Ogris | Ludmannsdorf - Rosental - K\u00e4rnten [:si]Priznanje - Gosti\u0161\u010de - Gostilna Ogris \"Miklav\u017e\" | Bil\u010dovs - Koro\u0161ka [:it]Onorificenze - Trattoria - Ristorante Ogris | Ludmannsdorf | Klagenfurt | Carinzia[:]","og_description":"{:de}Falstaff Restaurantguid 2016, Wirt des Jahres 2012 und 2014, Sch\u00f6nster Gastgarten des Jahres, AMA Gastrosiegel, Qualit\u00e4ts Siegel K\u00e4rnten {:si}Priznanja gostilne Ogris, AMA, Falstaff, Gastgarten des Jahre, Wirt des Jahres... {:it}Premi trattoria Ogris, AMA, Falstaff, Wir des Jahres,...{:}","og_url":"https:\/\/www.gasthaus-ogris.at\/auszeichnungen-gasthaus-ogris\/","og_site_name":"Gasthaus - Gosti\u0161\u010de - Trattoria Ogris","article_publisher":"https:\/\/www.facebook.com\/GasthausOgris","article_modified_time":"2026-02-09T07:27:44+00:00","og_image":[{"width":1280,"height":900,"url":"https:\/\/www.gasthaus-ogris.at\/wp-content\/uploads\/2026\/02\/Digital-Award_RA-2026.png","type":"image\/png"}],"twitter_misc":{"Tempo di lettura stimato":"2 minuti"},"schema":{"@context":"https:\/\/schema.org","@graph":[{"@type":"WebPage","@id":"https:\/\/www.gasthaus-ogris.at\/auszeichnungen-gasthaus-ogris\/","url":"https:\/\/www.gasthaus-ogris.at\/auszeichnungen-gasthaus-ogris\/","name":"[:de]Auszeichnungen - Gasthaus \u2013 Gasthof \u2013 Restaurant Ogris | Ludmannsdorf - Rosental - K\u00e4rnten [:si]Priznanje - Gosti\u0161\u010de - Gostilna Ogris \"Miklav\u017e\" | Bil\u010dovs - Koro\u0161ka [:it]Onorificenze - Trattoria - Ristorante Ogris | Ludmannsdorf | Klagenfurt | Carinzia[:]","isPartOf":{"@id":"https:\/\/www.gasthaus-ogris.at\/#website"},"primaryImageOfPage":{"@id":"https:\/\/www.gasthaus-ogris.at\/auszeichnungen-gasthaus-ogris\/#primaryimage"},"image":{"@id":"https:\/\/www.gasthaus-ogris.at\/auszeichnungen-gasthaus-ogris\/#primaryimage"},"thumbnailUrl":"https:\/\/www.gasthaus-ogris.at\/wp-content\/uploads\/2026\/02\/Digital-Award_RA-2026-300x211.png","datePublished":"2016-03-14T07:32:16+00:00","dateModified":"2026-02-09T07:27:44+00:00","description":"{:de}Falstaff Restaurantguid 2016, Wirt des Jahres 2012 und 2014, Sch\u00f6nster Gastgarten des Jahres, AMA Gastrosiegel, Qualit\u00e4ts Siegel K\u00e4rnten {:si}Priznanja gostilne Ogris, AMA, Falstaff, Gastgarten des Jahre, Wirt des Jahres... {:it}Premi trattoria Ogris, AMA, Falstaff, Wir des Jahres,...{:}","breadcrumb":{"@id":"https:\/\/www.gasthaus-ogris.at\/auszeichnungen-gasthaus-ogris\/#breadcrumb"},"inLanguage":"it-IT","potentialAction":[{"@type":"ReadAction","target":["https:\/\/www.gasthaus-ogris.at\/auszeichnungen-gasthaus-ogris\/"]}]},{"@type":"ImageObject","inLanguage":"it-IT","@id":"https:\/\/www.gasthaus-ogris.at\/auszeichnungen-gasthaus-ogris\/#primaryimage","url":"https:\/\/www.gasthaus-ogris.at\/wp-content\/uploads\/2026\/02\/Digital-Award_RA-2026-300x211.png","contentUrl":"https:\/\/www.gasthaus-ogris.at\/wp-content\/uploads\/2026\/02\/Digital-Award_RA-2026-300x211.png"},{"@type":"BreadcrumbList","@id":"https:\/\/www.gasthaus-ogris.at\/auszeichnungen-gasthaus-ogris\/#breadcrumb","itemListElement":[{"@type":"ListItem","position":1,"name":"Home","item":"https:\/\/www.gasthaus-ogris.at\/"},{"@type":"ListItem","position":2,"name":"Auszeichnungen"}]},{"@type":"WebSite","@id":"https:\/\/www.gasthaus-ogris.at\/#website","url":"https:\/\/www.gasthaus-ogris.at\/","name":"Gasthaus - Gosti\u0161\u010de - Trattoria Ogris","description":"Trattoria - Ristorante Ogris | Ludmannsdorf | Klagenfurt | Carinzia","publisher":{"@id":"https:\/\/www.gasthaus-ogris.at\/#organization"},"potentialAction":[{"@type":"SearchAction","target":{"@type":"EntryPoint","urlTemplate":"https:\/\/www.gasthaus-ogris.at\/?s={search_term_string}"},"query-input":{"@type":"PropertyValueSpecification","valueRequired":true,"valueName":"search_term_string"}}],"inLanguage":"it-IT"},{"@type":"Organization","@id":"https:\/\/www.gasthaus-ogris.at\/#organization","name":"Gasthaus - Gosti\u0161\u010de - Trattoria Ogris","url":"https:\/\/www.gasthaus-ogris.at\/","logo":{"@type":"ImageObject","inLanguage":"it-IT","@id":"https:\/\/www.gasthaus-ogris.at\/#\/schema\/logo\/image\/","url":"https:\/\/www.gasthaus-ogris.at\/wp-content\/uploads\/2016\/03\/Header_Logo_Gasthaus_Ogris.png","contentUrl":"https:\/\/www.gasthaus-ogris.at\/wp-content\/uploads\/2016\/03\/Header_Logo_Gasthaus_Ogris.png","width":327,"height":100,"caption":"Gasthaus - Gosti\u0161\u010de - Trattoria Ogris"},"image":{"@id":"https:\/\/www.gasthaus-ogris.at\/#\/schema\/logo\/image\/"},"sameAs":["https:\/\/www.facebook.com\/GasthausOgris","https:\/\/x.com\/GasthausOgris"]}]}},"_links":{"self":[{"href":"https:\/\/www.gasthaus-ogris.at\/it\/wp-json\/wp\/v2\/pages\/189","targetHints":{"allow":["GET"]}}],"collection":[{"href":"https:\/\/www.gasthaus-ogris.at\/it\/wp-json\/wp\/v2\/pages"}],"about":[{"href":"https:\/\/www.gasthaus-ogris.at\/it\/wp-json\/wp\/v2\/types\/page"}],"author":[{"embeddable":true,"href":"https:\/\/www.gasthaus-ogris.at\/it\/wp-json\/wp\/v2\/users\/3"}],"replies":[{"embeddable":true,"href":"https:\/\/www.gasthaus-ogris.at\/it\/wp-json\/wp\/v2\/comments?post=189"}],"version-history":[{"count":0,"href":"https:\/\/www.gasthaus-ogris.at\/it\/wp-json\/wp\/v2\/pages\/189\/revisions"}],"wp:attachment":[{"href":"https:\/\/www.gasthaus-ogris.at\/it\/wp-json\/wp\/v2\/media?parent=189"}],"curies":[{"name":"wp","href":"https:\/\/api.w.org\/{rel}","templated":true}]}}