{"id":168,"date":"2016-03-14T08:26:32","date_gmt":"2016-03-14T07:26:32","guid":{"rendered":"http:\/\/www.gasthaus-ogris.at\/?page_id=168"},"modified":"2025-05-29T19:43:49","modified_gmt":"2025-05-29T17:43:49","slug":"168-2","status":"publish","type":"page","link":"https:\/\/www.gasthaus-ogris.at\/it\/","title":{"rendered":"Benvenuti &#8211; Dobrodo\u0161li &#8211; Herzlich Willkommen"},"content":{"rendered":"<p><\/p>\n<p style=\"text-align: center;\">Egregi ospiti,<\/p>\n<p style=\"text-align: center;\">sono molto onorato di poter invitarVi nel nostro ristorante.<\/p>\n<p style=\"text-align: center;\">Le nostre esperienze che abbiamo acquisite da generazione a generazione,<br \/>\nmi fanno sperare di trovare anche il vostro gusto.<br \/>\nCerchiamo di ottenere la tradizione originaria e la tradizione del proprio paese<br \/>\nnon dimenticando di aderire al desiderio dell\u2019ospite moderno.<\/p>\n<p style=\"text-align: center;\">Mi auguro di poter rendere contento il vostro soggiorno sperando di dariVi il benvenuto un\u2019altra volta.<\/p>\n<p><img loading=\"lazy\" decoding=\"async\" class=\"size-medium wp-image-2913 aligncenter\" src=\"https:\/\/www.gasthaus-ogris.at\/wp-content\/uploads\/2025\/01\/Wirte-Marko-und-Johann-Ogris-cNetzwerk-Kulinarik_wildbild-300x248.webp\" alt=\"Marko und Johann &quot;Ogi&quot; Ogris begr\u00fc\u00dfen Sie herzlich im Gasthaus Ogris\" width=\"300\" height=\"248\" srcset=\"https:\/\/www.gasthaus-ogris.at\/wp-content\/uploads\/2025\/01\/Wirte-Marko-und-Johann-Ogris-cNetzwerk-Kulinarik_wildbild-300x248.webp 300w, https:\/\/www.gasthaus-ogris.at\/wp-content\/uploads\/2025\/01\/Wirte-Marko-und-Johann-Ogris-cNetzwerk-Kulinarik_wildbild.webp 800w\" sizes=\"auto, (max-width: 300px) 100vw, 300px\" \/><\/p>","protected":false},"excerpt":{"rendered":"<p>Egregi ospiti, sono molto onorato di poter invitarVi nel nostro ristorante. Le nostre esperienze che abbiamo acquisite da generazione a generazione, mi fanno sperare di trovare anche il vostro gusto&#8230;. <\/p>\n","protected":false},"author":3,"featured_media":0,"parent":0,"menu_order":0,"comment_status":"closed","ping_status":"closed","template":"front.php","meta":{"ngg_post_thumbnail":0,"footnotes":""},"class_list":["post-168","page","type-page","status-publish","hentry"],"yoast_head":"<!-- This site is optimized with the Yoast SEO plugin v27.3 - https:\/\/yoast.com\/product\/yoast-seo-wordpress\/ -->\n<title>Trattoria - Ristorante Ogris | Ludmannsdorf | Klagenfurt | Carinzia Trattoria - Ristorante Ogris | Ludmannsdorf | Klagenfurt | Carinzia<\/title>\n<meta name=\"description\" content=\"Trattoria - Ristorante Ogris | Ludmannsdorf | Klagenfurt | Carinzia Trattoria - Ristorante Ogris | Ludmannsdorf | Klagenfurt | Carinzia\" \/>\n<meta name=\"robots\" content=\"index, follow, max-snippet:-1, max-image-preview:large, max-video-preview:-1\" \/>\n<link rel=\"canonical\" href=\"https:\/\/www.gasthaus-ogris.at\/\" \/>\n<meta property=\"og:locale\" content=\"it_IT\" \/>\n<meta property=\"og:type\" content=\"article\" \/>\n<meta property=\"og:title\" content=\"[:de]Gasthaus \u2013 Gasthof \u2013 Restaurant Ogris | Gut Essen und Trinken in Ludmannsdorf - Carnica Rosental - K\u00e4rnten[:si] Gosti\u0161\u010de - Gostilna Ogris &quot;Miklav\u017e&quot; v Bil\u010dovsu | Ro\u017e | Koro\u0161ka | Celovec Gosti\u0161\u010de - Gostilna Ogris &quot;Miklav\u017e&quot; v Bil\u010dovsu | Ro\u017e | Koro\u0161ka | Celovec [:it] Trattoria - Ristorante Ogris | Ludmannsdorf | Klagenfurt | Carinzia Trattoria - Ristorante Ogris | Ludmannsdorf | Klagenfurt | Carinzia[:]\" \/>\n<meta property=\"og:description\" content=\"{:de}Gasthaus \u2013 Gasthof \u2013 Restaurant Ogris | Gut Essen und Trinken in Ludmannsdorf - Carnica Rosental - K\u00e4rnten {:si} Gosti\u0161\u010de - Gostilna Ogris &quot;Miklav\u017e&quot; v Bil\u010dovsu | Ro\u017e | Koro\u0161ka | Celovec {:it} Trattoria - Ristorante Ogris | Ludmannsdorf | Klagenfurt | Carinzia Trattoria - Ristorante Ogris | Ludmannsdorf | Klagenfurt | Carinzia {:sl} Gostisce - Gostilna Ogris &quot;Miklavz&quot; v Bilcovsu | Roz | Koroska | Celovec Gostisce - Gostilna Ogris &quot;Miklavz&quot; v Bilcovsu | Roz | Koroska | Celovec{:}\" \/>\n<meta property=\"og:url\" content=\"https:\/\/www.gasthaus-ogris.at\/\" \/>\n<meta property=\"og:site_name\" content=\"Gasthaus - Gosti\u0161\u010de - Trattoria Ogris\" \/>\n<meta property=\"article:publisher\" content=\"https:\/\/www.facebook.com\/GasthausOgris\" \/>\n<meta property=\"article:modified_time\" content=\"2025-05-29T17:43:49+00:00\" \/>\n<meta property=\"og:image\" content=\"https:\/\/www.gasthaus-ogris.at\/wp-content\/uploads\/2025\/01\/Wirte-Marko-und-Johann-Ogris-cNetzwerk-Kulinarik_wildbild.webp\" \/>\n\t<meta property=\"og:image:width\" content=\"800\" \/>\n\t<meta property=\"og:image:height\" content=\"660\" \/>\n\t<meta property=\"og:image:type\" content=\"image\/webp\" \/>\n<meta name=\"twitter:label1\" content=\"Tempo di lettura stimato\" \/>\n\t<meta name=\"twitter:data1\" content=\"2 minuti\" \/>\n<script type=\"application\/ld+json\" class=\"yoast-schema-graph\">{\"@context\":\"https:\\\/\\\/schema.org\",\"@graph\":[{\"@type\":\"WebPage\",\"@id\":\"https:\\\/\\\/www.gasthaus-ogris.at\\\/\",\"url\":\"https:\\\/\\\/www.gasthaus-ogris.at\\\/\",\"name\":\"[:de]Gasthaus \u2013 Gasthof \u2013 Restaurant Ogris | Gut Essen und Trinken in Ludmannsdorf - Carnica Rosental - K\u00e4rnten[:si] Gosti\u0161\u010de - Gostilna Ogris \\\"Miklav\u017e\\\" v Bil\u010dovsu | Ro\u017e | Koro\u0161ka | Celovec Gosti\u0161\u010de - Gostilna Ogris \\\"Miklav\u017e\\\" v Bil\u010dovsu | Ro\u017e | Koro\u0161ka | Celovec [:it] Trattoria - Ristorante Ogris | Ludmannsdorf | Klagenfurt | Carinzia Trattoria - Ristorante Ogris | Ludmannsdorf | Klagenfurt | Carinzia[:]\",\"isPartOf\":{\"@id\":\"https:\\\/\\\/www.gasthaus-ogris.at\\\/#website\"},\"primaryImageOfPage\":{\"@id\":\"https:\\\/\\\/www.gasthaus-ogris.at\\\/#primaryimage\"},\"image\":{\"@id\":\"https:\\\/\\\/www.gasthaus-ogris.at\\\/#primaryimage\"},\"thumbnailUrl\":\"https:\\\/\\\/www.gasthaus-ogris.at\\\/wp-content\\\/uploads\\\/2025\\\/01\\\/Wirte-Marko-und-Johann-Ogris-cNetzwerk-Kulinarik_wildbild-300x248.webp\",\"datePublished\":\"2016-03-14T07:26:32+00:00\",\"dateModified\":\"2025-05-29T17:43:49+00:00\",\"description\":\"{:de}Gasthaus \u2013 Gasthof \u2013 Restaurant Ogris | Gut Essen und Trinken in Ludmannsdorf - Carnica Rosental - K\u00e4rnten {:si} Gosti\u0161\u010de - Gostilna Ogris \\\"Miklav\u017e\\\" v Bil\u010dovsu | Ro\u017e | Koro\u0161ka | Celovec {:it} Trattoria - Ristorante Ogris | Ludmannsdorf | Klagenfurt | Carinzia Trattoria - Ristorante Ogris | Ludmannsdorf | Klagenfurt | Carinzia {:sl} Gostisce - Gostilna Ogris \\\"Miklavz\\\" v Bilcovsu | Roz | Koroska | Celovec Gostisce - Gostilna Ogris \\\"Miklavz\\\" v Bilcovsu | Roz | Koroska | Celovec{:}\",\"breadcrumb\":{\"@id\":\"https:\\\/\\\/www.gasthaus-ogris.at\\\/#breadcrumb\"},\"inLanguage\":\"it-IT\",\"potentialAction\":[{\"@type\":\"ReadAction\",\"target\":[\"https:\\\/\\\/www.gasthaus-ogris.at\\\/\"]}]},{\"@type\":\"ImageObject\",\"inLanguage\":\"it-IT\",\"@id\":\"https:\\\/\\\/www.gasthaus-ogris.at\\\/#primaryimage\",\"url\":\"https:\\\/\\\/www.gasthaus-ogris.at\\\/wp-content\\\/uploads\\\/2025\\\/01\\\/Wirte-Marko-und-Johann-Ogris-cNetzwerk-Kulinarik_wildbild-300x248.webp\",\"contentUrl\":\"https:\\\/\\\/www.gasthaus-ogris.at\\\/wp-content\\\/uploads\\\/2025\\\/01\\\/Wirte-Marko-und-Johann-Ogris-cNetzwerk-Kulinarik_wildbild-300x248.webp\"},{\"@type\":\"BreadcrumbList\",\"@id\":\"https:\\\/\\\/www.gasthaus-ogris.at\\\/#breadcrumb\",\"itemListElement\":[{\"@type\":\"ListItem\",\"position\":1,\"name\":\"Home\",\"item\":\"https:\\\/\\\/www.gasthaus-ogris.at\\\/\"},{\"@type\":\"ListItem\",\"position\":2,\"name\":\"Herzlich Willkommen &#8211; Dobrodo\u0161li &#8211; Benvenuti\"}]},{\"@type\":\"WebSite\",\"@id\":\"https:\\\/\\\/www.gasthaus-ogris.at\\\/#website\",\"url\":\"https:\\\/\\\/www.gasthaus-ogris.at\\\/\",\"name\":\"Gasthaus - Gosti\u0161\u010de - Trattoria Ogris\",\"description\":\"Trattoria - Ristorante Ogris | Ludmannsdorf | Klagenfurt | Carinzia\",\"publisher\":{\"@id\":\"https:\\\/\\\/www.gasthaus-ogris.at\\\/#organization\"},\"potentialAction\":[{\"@type\":\"SearchAction\",\"target\":{\"@type\":\"EntryPoint\",\"urlTemplate\":\"https:\\\/\\\/www.gasthaus-ogris.at\\\/?s={search_term_string}\"},\"query-input\":{\"@type\":\"PropertyValueSpecification\",\"valueRequired\":true,\"valueName\":\"search_term_string\"}}],\"inLanguage\":\"it-IT\"},{\"@type\":\"Organization\",\"@id\":\"https:\\\/\\\/www.gasthaus-ogris.at\\\/#organization\",\"name\":\"Gasthaus - Gosti\u0161\u010de - Trattoria Ogris\",\"url\":\"https:\\\/\\\/www.gasthaus-ogris.at\\\/\",\"logo\":{\"@type\":\"ImageObject\",\"inLanguage\":\"it-IT\",\"@id\":\"https:\\\/\\\/www.gasthaus-ogris.at\\\/#\\\/schema\\\/logo\\\/image\\\/\",\"url\":\"https:\\\/\\\/www.gasthaus-ogris.at\\\/wp-content\\\/uploads\\\/2016\\\/03\\\/Header_Logo_Gasthaus_Ogris.png\",\"contentUrl\":\"https:\\\/\\\/www.gasthaus-ogris.at\\\/wp-content\\\/uploads\\\/2016\\\/03\\\/Header_Logo_Gasthaus_Ogris.png\",\"width\":327,\"height\":100,\"caption\":\"Gasthaus - Gosti\u0161\u010de - Trattoria Ogris\"},\"image\":{\"@id\":\"https:\\\/\\\/www.gasthaus-ogris.at\\\/#\\\/schema\\\/logo\\\/image\\\/\"},\"sameAs\":[\"https:\\\/\\\/www.facebook.com\\\/GasthausOgris\",\"https:\\\/\\\/x.com\\\/GasthausOgris\"]}]}<\/script>\n<!-- \/ Yoast SEO plugin. -->","yoast_head_json":{"title":"Trattoria - Ristorante Ogris | Ludmannsdorf | Klagenfurt | Carinzia Trattoria - Ristorante Ogris | Ludmannsdorf | Klagenfurt | Carinzia","description":"Trattoria - Ristorante Ogris | Ludmannsdorf | Klagenfurt | Carinzia Trattoria - Ristorante Ogris | Ludmannsdorf | Klagenfurt | Carinzia","robots":{"index":"index","follow":"follow","max-snippet":"max-snippet:-1","max-image-preview":"max-image-preview:large","max-video-preview":"max-video-preview:-1"},"canonical":"https:\/\/www.gasthaus-ogris.at\/","og_locale":"it_IT","og_type":"article","og_title":"[:de]Gasthaus \u2013 Gasthof \u2013 Restaurant Ogris | Gut Essen und Trinken in Ludmannsdorf - Carnica Rosental - K\u00e4rnten[:si] Gosti\u0161\u010de - Gostilna Ogris \"Miklav\u017e\" v Bil\u010dovsu | Ro\u017e | Koro\u0161ka | Celovec Gosti\u0161\u010de - Gostilna Ogris \"Miklav\u017e\" v Bil\u010dovsu | Ro\u017e | Koro\u0161ka | Celovec [:it] Trattoria - Ristorante Ogris | Ludmannsdorf | Klagenfurt | Carinzia Trattoria - Ristorante Ogris | Ludmannsdorf | Klagenfurt | Carinzia[:]","og_description":"{:de}Gasthaus \u2013 Gasthof \u2013 Restaurant Ogris | Gut Essen und Trinken in Ludmannsdorf - Carnica Rosental - K\u00e4rnten {:si} Gosti\u0161\u010de - Gostilna Ogris \"Miklav\u017e\" v Bil\u010dovsu | Ro\u017e | Koro\u0161ka | Celovec {:it} Trattoria - Ristorante Ogris | Ludmannsdorf | Klagenfurt | Carinzia Trattoria - Ristorante Ogris | Ludmannsdorf | Klagenfurt | Carinzia {:sl} Gostisce - Gostilna Ogris \"Miklavz\" v Bilcovsu | Roz | Koroska | Celovec Gostisce - Gostilna Ogris \"Miklavz\" v Bilcovsu | Roz | Koroska | Celovec{:}","og_url":"https:\/\/www.gasthaus-ogris.at\/","og_site_name":"Gasthaus - Gosti\u0161\u010de - Trattoria Ogris","article_publisher":"https:\/\/www.facebook.com\/GasthausOgris","article_modified_time":"2025-05-29T17:43:49+00:00","og_image":[{"width":800,"height":660,"url":"https:\/\/www.gasthaus-ogris.at\/wp-content\/uploads\/2025\/01\/Wirte-Marko-und-Johann-Ogris-cNetzwerk-Kulinarik_wildbild.webp","type":"image\/webp"}],"twitter_misc":{"Tempo di lettura stimato":"2 minuti"},"schema":{"@context":"https:\/\/schema.org","@graph":[{"@type":"WebPage","@id":"https:\/\/www.gasthaus-ogris.at\/","url":"https:\/\/www.gasthaus-ogris.at\/","name":"[:de]Gasthaus \u2013 Gasthof \u2013 Restaurant Ogris | Gut Essen und Trinken in Ludmannsdorf - Carnica Rosental - K\u00e4rnten[:si] Gosti\u0161\u010de - Gostilna Ogris \"Miklav\u017e\" v Bil\u010dovsu | Ro\u017e | Koro\u0161ka | Celovec Gosti\u0161\u010de - Gostilna Ogris \"Miklav\u017e\" v Bil\u010dovsu | Ro\u017e | Koro\u0161ka | Celovec [:it] Trattoria - Ristorante Ogris | Ludmannsdorf | Klagenfurt | Carinzia Trattoria - Ristorante Ogris | Ludmannsdorf | Klagenfurt | Carinzia[:]","isPartOf":{"@id":"https:\/\/www.gasthaus-ogris.at\/#website"},"primaryImageOfPage":{"@id":"https:\/\/www.gasthaus-ogris.at\/#primaryimage"},"image":{"@id":"https:\/\/www.gasthaus-ogris.at\/#primaryimage"},"thumbnailUrl":"https:\/\/www.gasthaus-ogris.at\/wp-content\/uploads\/2025\/01\/Wirte-Marko-und-Johann-Ogris-cNetzwerk-Kulinarik_wildbild-300x248.webp","datePublished":"2016-03-14T07:26:32+00:00","dateModified":"2025-05-29T17:43:49+00:00","description":"{:de}Gasthaus \u2013 Gasthof \u2013 Restaurant Ogris | Gut Essen und Trinken in Ludmannsdorf - Carnica Rosental - K\u00e4rnten {:si} Gosti\u0161\u010de - Gostilna Ogris \"Miklav\u017e\" v Bil\u010dovsu | Ro\u017e | Koro\u0161ka | Celovec {:it} Trattoria - Ristorante Ogris | Ludmannsdorf | Klagenfurt | Carinzia Trattoria - Ristorante Ogris | Ludmannsdorf | Klagenfurt | Carinzia {:sl} Gostisce - Gostilna Ogris \"Miklavz\" v Bilcovsu | Roz | Koroska | Celovec Gostisce - Gostilna Ogris \"Miklavz\" v Bilcovsu | Roz | Koroska | Celovec{:}","breadcrumb":{"@id":"https:\/\/www.gasthaus-ogris.at\/#breadcrumb"},"inLanguage":"it-IT","potentialAction":[{"@type":"ReadAction","target":["https:\/\/www.gasthaus-ogris.at\/"]}]},{"@type":"ImageObject","inLanguage":"it-IT","@id":"https:\/\/www.gasthaus-ogris.at\/#primaryimage","url":"https:\/\/www.gasthaus-ogris.at\/wp-content\/uploads\/2025\/01\/Wirte-Marko-und-Johann-Ogris-cNetzwerk-Kulinarik_wildbild-300x248.webp","contentUrl":"https:\/\/www.gasthaus-ogris.at\/wp-content\/uploads\/2025\/01\/Wirte-Marko-und-Johann-Ogris-cNetzwerk-Kulinarik_wildbild-300x248.webp"},{"@type":"BreadcrumbList","@id":"https:\/\/www.gasthaus-ogris.at\/#breadcrumb","itemListElement":[{"@type":"ListItem","position":1,"name":"Home","item":"https:\/\/www.gasthaus-ogris.at\/"},{"@type":"ListItem","position":2,"name":"Herzlich Willkommen &#8211; Dobrodo\u0161li &#8211; Benvenuti"}]},{"@type":"WebSite","@id":"https:\/\/www.gasthaus-ogris.at\/#website","url":"https:\/\/www.gasthaus-ogris.at\/","name":"Gasthaus - Gosti\u0161\u010de - Trattoria Ogris","description":"Trattoria - Ristorante Ogris | Ludmannsdorf | Klagenfurt | Carinzia","publisher":{"@id":"https:\/\/www.gasthaus-ogris.at\/#organization"},"potentialAction":[{"@type":"SearchAction","target":{"@type":"EntryPoint","urlTemplate":"https:\/\/www.gasthaus-ogris.at\/?s={search_term_string}"},"query-input":{"@type":"PropertyValueSpecification","valueRequired":true,"valueName":"search_term_string"}}],"inLanguage":"it-IT"},{"@type":"Organization","@id":"https:\/\/www.gasthaus-ogris.at\/#organization","name":"Gasthaus - Gosti\u0161\u010de - Trattoria Ogris","url":"https:\/\/www.gasthaus-ogris.at\/","logo":{"@type":"ImageObject","inLanguage":"it-IT","@id":"https:\/\/www.gasthaus-ogris.at\/#\/schema\/logo\/image\/","url":"https:\/\/www.gasthaus-ogris.at\/wp-content\/uploads\/2016\/03\/Header_Logo_Gasthaus_Ogris.png","contentUrl":"https:\/\/www.gasthaus-ogris.at\/wp-content\/uploads\/2016\/03\/Header_Logo_Gasthaus_Ogris.png","width":327,"height":100,"caption":"Gasthaus - Gosti\u0161\u010de - Trattoria Ogris"},"image":{"@id":"https:\/\/www.gasthaus-ogris.at\/#\/schema\/logo\/image\/"},"sameAs":["https:\/\/www.facebook.com\/GasthausOgris","https:\/\/x.com\/GasthausOgris"]}]}},"_links":{"self":[{"href":"https:\/\/www.gasthaus-ogris.at\/it\/wp-json\/wp\/v2\/pages\/168","targetHints":{"allow":["GET"]}}],"collection":[{"href":"https:\/\/www.gasthaus-ogris.at\/it\/wp-json\/wp\/v2\/pages"}],"about":[{"href":"https:\/\/www.gasthaus-ogris.at\/it\/wp-json\/wp\/v2\/types\/page"}],"author":[{"embeddable":true,"href":"https:\/\/www.gasthaus-ogris.at\/it\/wp-json\/wp\/v2\/users\/3"}],"replies":[{"embeddable":true,"href":"https:\/\/www.gasthaus-ogris.at\/it\/wp-json\/wp\/v2\/comments?post=168"}],"version-history":[{"count":0,"href":"https:\/\/www.gasthaus-ogris.at\/it\/wp-json\/wp\/v2\/pages\/168\/revisions"}],"wp:attachment":[{"href":"https:\/\/www.gasthaus-ogris.at\/it\/wp-json\/wp\/v2\/media?parent=168"}],"curies":[{"name":"wp","href":"https:\/\/api.w.org\/{rel}","templated":true}]}}